{"id":9996,"date":"2022-12-24T00:26:02","date_gmt":"2022-12-24T00:26:02","guid":{"rendered":"https:\/\/almacentecno.com.ar\/?post_type=product&#038;p=9996"},"modified":"2024-08-21T18:08:18","modified_gmt":"2024-08-21T18:08:18","slug":"parlante-portatil-valija-bluetooth-usb-radio-fm-400wr","status":"publish","type":"product","link":"https:\/\/almacentecno.com.ar\/index.php\/product\/parlante-portatil-valija-bluetooth-usb-radio-fm-400wr\/","title":{"rendered":"Parlante Bluetooth Port\u00e1til Inal\u00e1mbrico 400w Usb Luces Led"},"content":{"rendered":"<p>PARLANTE INAL\u00c1MBRICO 4&#8243; CON LUCES LED RGB 400W:<\/p>\n<p>Caracter\u00edsticas:<br \/>\n&#8211; Cable USB de alimentaci\u00f3n.<br \/>\n&#8211; Entrada para tarjeta TF.<br \/>\n&#8211; Conexi\u00f3n inal\u00e1mbrica.<br \/>\n&#8211; Calidad de sonido HD.<br \/>\n&#8211; Opci\u00f3n de radio.<br \/>\n&#8211; Entrada plug.<br \/>\n&#8211; Entrada USB.<br \/>\n&#8211; 400W PMPO.<br \/>\n&#8211; Luces LED.<\/p>\n","protected":false},"excerpt":{"rendered":"<p>PARLANTE INAL\u00c1MBRICO 4&#8243; CON LUCES LED RGB 400W: Caracter\u00edsticas: &#8211; Cable USB de alimentaci\u00f3n. &#8211; Entrada para tarjeta TF. &#8211;<\/p>\n","protected":false},"featured_media":10401,"comment_status":"open","ping_status":"closed","template":"","meta":{"_joinchat":[]},"product_cat":[78],"product_tag":[],"class_list":{"0":"post-9996","1":"product","2":"type-product","3":"status-publish","4":"has-post-thumbnail","6":"product_cat-equipos-de-sonido","8":"first","9":"instock","10":"shipping-taxable","11":"purchasable","12":"product-type-simple"},"jetpack_sharing_enabled":true,"_links":{"self":[{"href":"https:\/\/almacentecno.com.ar\/index.php\/wp-json\/wp\/v2\/product\/9996"}],"collection":[{"href":"https:\/\/almacentecno.com.ar\/index.php\/wp-json\/wp\/v2\/product"}],"about":[{"href":"https:\/\/almacentecno.com.ar\/index.php\/wp-json\/wp\/v2\/types\/product"}],"replies":[{"embeddable":true,"href":"https:\/\/almacentecno.com.ar\/index.php\/wp-json\/wp\/v2\/comments?post=9996"}],"version-history":[{"count":3,"href":"https:\/\/almacentecno.com.ar\/index.php\/wp-json\/wp\/v2\/product\/9996\/revisions"}],"predecessor-version":[{"id":10402,"href":"https:\/\/almacentecno.com.ar\/index.php\/wp-json\/wp\/v2\/product\/9996\/revisions\/10402"}],"wp:featuredmedia":[{"embeddable":true,"href":"https:\/\/almacentecno.com.ar\/index.php\/wp-json\/wp\/v2\/media\/10401"}],"wp:attachment":[{"href":"https:\/\/almacentecno.com.ar\/index.php\/wp-json\/wp\/v2\/media?parent=9996"}],"wp:term":[{"taxonomy":"product_cat","embeddable":true,"href":"https:\/\/almacentecno.com.ar\/index.php\/wp-json\/wp\/v2\/product_cat?post=9996"},{"taxonomy":"product_tag","embeddable":true,"href":"https:\/\/almacentecno.com.ar\/index.php\/wp-json\/wp\/v2\/product_tag?post=9996"}],"curies":[{"name":"wp","href":"https:\/\/api.w.org\/{rel}","templated":true}]}}