{"id":9957,"date":"2022-11-23T21:50:18","date_gmt":"2022-11-23T21:50:18","guid":{"rendered":"https:\/\/almacentecno.com.ar\/?post_type=product&#038;p=9957"},"modified":"2026-02-20T21:00:37","modified_gmt":"2026-02-20T21:00:37","slug":"pizarra-led-ligth-box","status":"publish","type":"product","link":"https:\/\/almacentecno.com.ar\/index.php\/product\/pizarra-led-ligth-box\/","title":{"rendered":"Pizarra chiquita Led Ligth Box  15&#215;11"},"content":{"rendered":"<h5 class=\"ui-pdp-title\">Cartel Luminoso Led Pizarra Light Box Cine Letras<\/h5>\n<p>Cre\u00e1 y Personaliz\u00e1 mensajes en esta hermosa y divertida l\u00e1mpara inspirada en los carteles de cine del siglo pasado.<\/p>\n<p>Cartel luminoso de 15cm x 11cm aprox<\/p>\n<p>Funciona con 4 bater\u00edas AAA (no inclu\u00eddas) o CABLE USB INCLUIDO<br \/>\nIncluye 96 piezas ( Entre consonantes, vocales y distintos tipos de s\u00edmbolos).<br \/>\nMaterial: L\u00e1minas PVC + Pl\u00e1stico + Led<br \/>\nConsta de Tecla para su encendido y apagado!<\/p>\n","protected":false},"excerpt":{"rendered":"<p>Cartel Luminoso Led Pizarra Light Box Cine Letras Cre\u00e1 y Personaliz\u00e1 mensajes en esta hermosa y divertida l\u00e1mpara inspirada en<\/p>\n","protected":false},"featured_media":10323,"comment_status":"open","ping_status":"closed","template":"","meta":{"_joinchat":[]},"product_cat":[77,42,53],"product_tag":[],"class_list":{"0":"post-9957","1":"product","2":"type-product","3":"status-publish","4":"has-post-thumbnail","6":"product_cat-accesorios","7":"product_cat-iluminacion","8":"product_cat-juguetes","10":"first","11":"instock","12":"shipping-taxable","13":"purchasable","14":"product-type-simple"},"jetpack_sharing_enabled":true,"_links":{"self":[{"href":"https:\/\/almacentecno.com.ar\/index.php\/wp-json\/wp\/v2\/product\/9957"}],"collection":[{"href":"https:\/\/almacentecno.com.ar\/index.php\/wp-json\/wp\/v2\/product"}],"about":[{"href":"https:\/\/almacentecno.com.ar\/index.php\/wp-json\/wp\/v2\/types\/product"}],"replies":[{"embeddable":true,"href":"https:\/\/almacentecno.com.ar\/index.php\/wp-json\/wp\/v2\/comments?post=9957"}],"version-history":[{"count":6,"href":"https:\/\/almacentecno.com.ar\/index.php\/wp-json\/wp\/v2\/product\/9957\/revisions"}],"predecessor-version":[{"id":11209,"href":"https:\/\/almacentecno.com.ar\/index.php\/wp-json\/wp\/v2\/product\/9957\/revisions\/11209"}],"wp:featuredmedia":[{"embeddable":true,"href":"https:\/\/almacentecno.com.ar\/index.php\/wp-json\/wp\/v2\/media\/10323"}],"wp:attachment":[{"href":"https:\/\/almacentecno.com.ar\/index.php\/wp-json\/wp\/v2\/media?parent=9957"}],"wp:term":[{"taxonomy":"product_cat","embeddable":true,"href":"https:\/\/almacentecno.com.ar\/index.php\/wp-json\/wp\/v2\/product_cat?post=9957"},{"taxonomy":"product_tag","embeddable":true,"href":"https:\/\/almacentecno.com.ar\/index.php\/wp-json\/wp\/v2\/product_tag?post=9957"}],"curies":[{"name":"wp","href":"https:\/\/api.w.org\/{rel}","templated":true}]}}