{"id":9910,"date":"2022-11-10T20:44:08","date_gmt":"2022-11-10T20:44:08","guid":{"rendered":"https:\/\/almacentecno.com.ar\/?post_type=product&#038;p=9910"},"modified":"2024-07-22T15:34:34","modified_gmt":"2024-07-22T15:34:34","slug":"teclado-mouse-usb-netmak","status":"publish","type":"product","link":"https:\/\/almacentecno.com.ar\/index.php\/product\/teclado-mouse-usb-netmak\/","title":{"rendered":"Teclado + Mouse Usb  Netmak"},"content":{"rendered":"<p>Combo Teclado y Mouse con Cable<br \/>\nMarca: Netmak<br \/>\nModelo: NM-KB325<br \/>\n____________________________<\/p>\n<p>Info del producto<br \/>\n\u00bb Combo cl\u00e1sico para PC que consta de un teclado y mouse cableados.<br \/>\n____________________________<\/p>\n<p>Caracter\u00edsticas<br \/>\n\u00bb Kit de Teclado y Mouse USB ideal para tu escritorio<br \/>\n\u00bb F\u00e1cil de usar. Solamente con\u00e9ctalos al puerto USB de tu equipo y estar\u00e1n listos para usar.<\/p>\n<p>\u00bb Mouse<br \/>\n\u00bb &#8211; 1600 dpi permiti\u00e9ndote tener una mayor precisi\u00f3n<br \/>\n\u00bb &#8211; Largo del cable: 1,35m<br \/>\n\u00bb &#8211; C\u00f3modo, liviano y resistente<\/p>\n<p>\u00bb Teclado<br \/>\n\u00bb &#8211; 104 Teclas<br \/>\n\u00bb &#8211; Largo del cable: 1,50m<br \/>\n\u00bb &#8211; Dise\u00f1o excepcional y agradable sensaci\u00f3n t\u00e1ctil con suave pulsaci\u00f3n de las teclas<br \/>\n\u00bb &#8211; Ergon\u00f3mico, incluye patas para regular su altura<br \/>\n\u00bb &#8211; Medidas: 43,5cm ancho x 13cm profundidad x 2cm altura<\/p>\n<p>\u00bb Compatible con Windows XP \/ VISTA \/ ME \/ 2000 \/ 7 \/ 8 \/ 10 \/ OS \/ OSX 10.2<\/p>\n","protected":false},"excerpt":{"rendered":"<p>Combo Teclado y Mouse con Cable Marca: Netmak Modelo: NM-KB325 ____________________________ Info del producto \u00bb Combo cl\u00e1sico para PC que<\/p>\n","protected":false},"featured_media":9911,"comment_status":"open","ping_status":"closed","template":"","meta":{"_joinchat":[]},"product_cat":[75],"product_tag":[],"class_list":{"0":"post-9910","1":"product","2":"type-product","3":"status-publish","4":"has-post-thumbnail","6":"product_cat-computacion","8":"first","9":"instock","10":"shipping-taxable","11":"purchasable","12":"product-type-simple"},"jetpack_sharing_enabled":true,"_links":{"self":[{"href":"https:\/\/almacentecno.com.ar\/index.php\/wp-json\/wp\/v2\/product\/9910"}],"collection":[{"href":"https:\/\/almacentecno.com.ar\/index.php\/wp-json\/wp\/v2\/product"}],"about":[{"href":"https:\/\/almacentecno.com.ar\/index.php\/wp-json\/wp\/v2\/types\/product"}],"replies":[{"embeddable":true,"href":"https:\/\/almacentecno.com.ar\/index.php\/wp-json\/wp\/v2\/comments?post=9910"}],"version-history":[{"count":1,"href":"https:\/\/almacentecno.com.ar\/index.php\/wp-json\/wp\/v2\/product\/9910\/revisions"}],"predecessor-version":[{"id":9912,"href":"https:\/\/almacentecno.com.ar\/index.php\/wp-json\/wp\/v2\/product\/9910\/revisions\/9912"}],"wp:featuredmedia":[{"embeddable":true,"href":"https:\/\/almacentecno.com.ar\/index.php\/wp-json\/wp\/v2\/media\/9911"}],"wp:attachment":[{"href":"https:\/\/almacentecno.com.ar\/index.php\/wp-json\/wp\/v2\/media?parent=9910"}],"wp:term":[{"taxonomy":"product_cat","embeddable":true,"href":"https:\/\/almacentecno.com.ar\/index.php\/wp-json\/wp\/v2\/product_cat?post=9910"},{"taxonomy":"product_tag","embeddable":true,"href":"https:\/\/almacentecno.com.ar\/index.php\/wp-json\/wp\/v2\/product_tag?post=9910"}],"curies":[{"name":"wp","href":"https:\/\/api.w.org\/{rel}","templated":true}]}}