{"id":9892,"date":"2022-11-10T12:51:38","date_gmt":"2022-11-10T12:51:38","guid":{"rendered":"https:\/\/almacentecno.com.ar\/?post_type=product&#038;p=9892"},"modified":"2025-01-07T23:36:17","modified_gmt":"2025-01-07T23:36:17","slug":"cargador-portatil-power-bank-netmak-5000mah-con-display","status":"publish","type":"product","link":"https:\/\/almacentecno.com.ar\/index.php\/product\/cargador-portatil-power-bank-netmak-5000mah-con-display\/","title":{"rendered":"Cargador Portatil Power Bank Netmak 5000mah Con Display"},"content":{"rendered":"<p>ESPECIFICACIONES:<br \/>\nMarca: Netmak<br \/>\nModelo: NM-PB1<br \/>\n-Cargador p\u00f3rtatil con dise\u00f1o liviano y elegante.<br \/>\n-Capacidad: 5000mAh.<br \/>\n-Indicador LED digital de bater\u00eda.<br \/>\n-Permite cargar 2 dispositivos en simultaneo.<br \/>\n-2 Puertos de salida USB 5V\/2.1A.<br \/>\n-1 Puerto de entrada Micro USB 5V\/ 2.1A.<br \/>\n-1 Puerto de entrada Tipo-C 5V\/ 2.1A.<br \/>\n-Compatible con todos los dispositivos.<br \/>\n-Incluye cable Micro USB.<br \/>\n-Material: ABS<br \/>\nSKU 52204211<\/p>\n","protected":false},"excerpt":{"rendered":"<p>ESPECIFICACIONES: Marca: Netmak Modelo: NM-PB1 -Cargador p\u00f3rtatil con dise\u00f1o liviano y elegante. -Capacidad: 5000mAh. -Indicador LED digital de bater\u00eda. -Permite<\/p>\n","protected":false},"featured_media":9893,"comment_status":"open","ping_status":"closed","template":"","meta":{"_joinchat":[]},"product_cat":[76],"product_tag":[],"class_list":{"0":"post-9892","1":"product","2":"type-product","3":"status-publish","4":"has-post-thumbnail","6":"product_cat-cargadores","8":"first","9":"outofstock","10":"shipping-taxable","11":"purchasable","12":"product-type-simple"},"jetpack_sharing_enabled":true,"_links":{"self":[{"href":"https:\/\/almacentecno.com.ar\/index.php\/wp-json\/wp\/v2\/product\/9892"}],"collection":[{"href":"https:\/\/almacentecno.com.ar\/index.php\/wp-json\/wp\/v2\/product"}],"about":[{"href":"https:\/\/almacentecno.com.ar\/index.php\/wp-json\/wp\/v2\/types\/product"}],"replies":[{"embeddable":true,"href":"https:\/\/almacentecno.com.ar\/index.php\/wp-json\/wp\/v2\/comments?post=9892"}],"version-history":[{"count":1,"href":"https:\/\/almacentecno.com.ar\/index.php\/wp-json\/wp\/v2\/product\/9892\/revisions"}],"predecessor-version":[{"id":9894,"href":"https:\/\/almacentecno.com.ar\/index.php\/wp-json\/wp\/v2\/product\/9892\/revisions\/9894"}],"wp:featuredmedia":[{"embeddable":true,"href":"https:\/\/almacentecno.com.ar\/index.php\/wp-json\/wp\/v2\/media\/9893"}],"wp:attachment":[{"href":"https:\/\/almacentecno.com.ar\/index.php\/wp-json\/wp\/v2\/media?parent=9892"}],"wp:term":[{"taxonomy":"product_cat","embeddable":true,"href":"https:\/\/almacentecno.com.ar\/index.php\/wp-json\/wp\/v2\/product_cat?post=9892"},{"taxonomy":"product_tag","embeddable":true,"href":"https:\/\/almacentecno.com.ar\/index.php\/wp-json\/wp\/v2\/product_tag?post=9892"}],"curies":[{"name":"wp","href":"https:\/\/api.w.org\/{rel}","templated":true}]}}