{"id":9863,"date":"2022-10-22T23:40:19","date_gmt":"2022-10-22T23:40:19","guid":{"rendered":"https:\/\/almacentecno.com.ar\/?post_type=product&#038;p=9863"},"modified":"2024-07-22T15:35:53","modified_gmt":"2024-07-22T15:35:53","slug":"auricular-inalambrico","status":"publish","type":"product","link":"https:\/\/almacentecno.com.ar\/index.php\/product\/auricular-inalambrico\/","title":{"rendered":"Auricular Inal\u00e1mbrico P33"},"content":{"rendered":"<p>Descripci\u00f3n:<\/p>\n<p>&#8211; Potentes bajos de alta fidelidad efecto de sonido est\u00e9reo<br \/>\n&#8211; C\u00f3modo ajuste sobre la oreja<br \/>\n&#8211; C\u00f3modo y Plegable<br \/>\n&#8211; Inal\u00e1mbrico y ligero<br \/>\n&#8211; Micr\u00f3fono integrado<br \/>\n&#8211; Bluetooth 5,0<br \/>\n&#8211; Multifunciones:<br \/>\nLos auriculares tienen varias opciones para disfrutar de la escucha. Ranura para tarjeta TF integrada y puedes utilizar una tarjeta TF\/Micro SD con m\u00fasica MP3 cargada y escuchar las canciones directamente en los auriculares.<\/p>\n","protected":false},"excerpt":{"rendered":"<p>Descripci\u00f3n: &#8211; Potentes bajos de alta fidelidad efecto de sonido est\u00e9reo &#8211; C\u00f3modo ajuste sobre la oreja &#8211; C\u00f3modo y<\/p>\n","protected":false},"featured_media":9864,"comment_status":"open","ping_status":"closed","template":"","meta":{"_joinchat":[]},"product_cat":[20],"product_tag":[],"class_list":{"0":"post-9863","1":"product","2":"type-product","3":"status-publish","4":"has-post-thumbnail","6":"product_cat-auriculares","8":"first","9":"outofstock","10":"shipping-taxable","11":"purchasable","12":"product-type-simple"},"jetpack_sharing_enabled":true,"_links":{"self":[{"href":"https:\/\/almacentecno.com.ar\/index.php\/wp-json\/wp\/v2\/product\/9863"}],"collection":[{"href":"https:\/\/almacentecno.com.ar\/index.php\/wp-json\/wp\/v2\/product"}],"about":[{"href":"https:\/\/almacentecno.com.ar\/index.php\/wp-json\/wp\/v2\/types\/product"}],"replies":[{"embeddable":true,"href":"https:\/\/almacentecno.com.ar\/index.php\/wp-json\/wp\/v2\/comments?post=9863"}],"version-history":[{"count":3,"href":"https:\/\/almacentecno.com.ar\/index.php\/wp-json\/wp\/v2\/product\/9863\/revisions"}],"predecessor-version":[{"id":10673,"href":"https:\/\/almacentecno.com.ar\/index.php\/wp-json\/wp\/v2\/product\/9863\/revisions\/10673"}],"wp:featuredmedia":[{"embeddable":true,"href":"https:\/\/almacentecno.com.ar\/index.php\/wp-json\/wp\/v2\/media\/9864"}],"wp:attachment":[{"href":"https:\/\/almacentecno.com.ar\/index.php\/wp-json\/wp\/v2\/media?parent=9863"}],"wp:term":[{"taxonomy":"product_cat","embeddable":true,"href":"https:\/\/almacentecno.com.ar\/index.php\/wp-json\/wp\/v2\/product_cat?post=9863"},{"taxonomy":"product_tag","embeddable":true,"href":"https:\/\/almacentecno.com.ar\/index.php\/wp-json\/wp\/v2\/product_tag?post=9863"}],"curies":[{"name":"wp","href":"https:\/\/api.w.org\/{rel}","templated":true}]}}