{"id":9836,"date":"2022-10-15T00:49:17","date_gmt":"2022-10-15T00:49:17","guid":{"rendered":"https:\/\/almacentecno.com.ar\/?post_type=product&#038;p=9836"},"modified":"2026-02-20T21:13:14","modified_gmt":"2026-02-20T21:13:14","slug":"cargador-universal-notebook-mixor","status":"publish","type":"product","link":"https:\/\/almacentecno.com.ar\/index.php\/product\/cargador-universal-notebook-mixor\/","title":{"rendered":"Cargador Universal Notebook Mixor"},"content":{"rendered":"<p>Cargador Universal Mixor<\/p>\n<p>Circuitos de correcci\u00f3n del factor de potencia capaces de reducir las p\u00e9rdidas de energ\u00eda. Protecci\u00f3n para las sobrecargas de tensi\u00f3n y de corriente (entrada y salida). Protecci\u00f3n contra los cortocircuitos de salida. Protecci\u00f3n contra el sobrecalentamiento. Circuitos para la reducci\u00f3n de ruido en la onda.<\/p>\n<p>&#8211; CON SELECTOR DE VOLTAJE<\/p>\n<p>&#8211; ENCHUFAS EL PIN CORRESPONDIENTE Y DESPREOCUPATE<\/p>\n<p>9 PINES INTERCAMBIABLES , CON FICHA TIPO C<\/p>\n","protected":false},"excerpt":{"rendered":"<p>Cargador Universal Mixor Circuitos de correcci\u00f3n del factor de potencia capaces de reducir las p\u00e9rdidas de energ\u00eda. Protecci\u00f3n para las<\/p>\n","protected":false},"featured_media":11331,"comment_status":"open","ping_status":"closed","template":"","meta":{"_joinchat":[]},"product_cat":[76,75],"product_tag":[],"class_list":{"0":"post-9836","1":"product","2":"type-product","3":"status-publish","4":"has-post-thumbnail","6":"product_cat-cargadores","7":"product_cat-computacion","9":"first","10":"instock","11":"shipping-taxable","12":"purchasable","13":"product-type-simple"},"jetpack_sharing_enabled":true,"_links":{"self":[{"href":"https:\/\/almacentecno.com.ar\/index.php\/wp-json\/wp\/v2\/product\/9836"}],"collection":[{"href":"https:\/\/almacentecno.com.ar\/index.php\/wp-json\/wp\/v2\/product"}],"about":[{"href":"https:\/\/almacentecno.com.ar\/index.php\/wp-json\/wp\/v2\/types\/product"}],"replies":[{"embeddable":true,"href":"https:\/\/almacentecno.com.ar\/index.php\/wp-json\/wp\/v2\/comments?post=9836"}],"version-history":[{"count":3,"href":"https:\/\/almacentecno.com.ar\/index.php\/wp-json\/wp\/v2\/product\/9836\/revisions"}],"predecessor-version":[{"id":11332,"href":"https:\/\/almacentecno.com.ar\/index.php\/wp-json\/wp\/v2\/product\/9836\/revisions\/11332"}],"wp:featuredmedia":[{"embeddable":true,"href":"https:\/\/almacentecno.com.ar\/index.php\/wp-json\/wp\/v2\/media\/11331"}],"wp:attachment":[{"href":"https:\/\/almacentecno.com.ar\/index.php\/wp-json\/wp\/v2\/media?parent=9836"}],"wp:term":[{"taxonomy":"product_cat","embeddable":true,"href":"https:\/\/almacentecno.com.ar\/index.php\/wp-json\/wp\/v2\/product_cat?post=9836"},{"taxonomy":"product_tag","embeddable":true,"href":"https:\/\/almacentecno.com.ar\/index.php\/wp-json\/wp\/v2\/product_tag?post=9836"}],"curies":[{"name":"wp","href":"https:\/\/api.w.org\/{rel}","templated":true}]}}