{"id":9827,"date":"2022-10-15T00:40:41","date_gmt":"2022-10-15T00:40:41","guid":{"rendered":"https:\/\/almacentecno.com.ar\/?post_type=product&#038;p=9827"},"modified":"2025-10-21T23:19:22","modified_gmt":"2025-10-21T23:19:22","slug":"joystick-inalambrico-playstation-4-dualshock-magma-red-o-wave-blue","status":"publish","type":"product","link":"https:\/\/almacentecno.com.ar\/index.php\/product\/joystick-inalambrico-playstation-4-dualshock-magma-red-o-wave-blue\/","title":{"rendered":"Joystick inal\u00e1mbrico PlayStation 4 Dualshock"},"content":{"rendered":"<div class=\"ui-pdp-container__row\">\n<div class=\"ui-pdp-container__col col-1\">\n<div class=\"ui-pdp-description pl-45 pr-45 ui-pdp-collapsable--is-collapsed\">\n<p>&nbsp;<\/p>\n<p class=\"ui-pdp-description__content\">Control preciso<br \/>\nEste mando combina funciones revolucionarias mientras conserva precisi\u00f3n, comodidad y exactitud en cada movimiento. Gracias a su ergonom\u00eda especialmente pensada para la posici\u00f3n de tu mano, pod\u00e9s pasar horas jugando con total confort.<\/p>\n<p>Transmit\u00ed de forma inmediata<br \/>\nCompart\u00ed tus triunfos y logros con tus amistades en las redes sociales m\u00e1s populares con solo tocar el bot\u00f3n SHARE.<\/p>\n<p>Nuevas ideas<br \/>\nGuia, hac\u00e9 gestos o dibuj\u00e1 con la almohadilla t\u00e1ctil. Su ubicaci\u00f3n en la parte frontal del controlador dar\u00e1 m\u00e1s libertad a tu forma de jugar.<\/p>\n<p>Juego personalizado<br \/>\nCuatro luces LED de color ofrecen una forma m\u00e1s sencilla de identificar a los jugadores y visualizar informaci\u00f3n de juego \u00fatil, como cuando un personaje sufre da\u00f1os serios.<\/p>\n<p>Escuch\u00e1 cada detalle<br \/>\nDisfrut\u00e1 del sonido de alta fidelidad con el controlador y chate\u00e1 con el parlante mono incorporado y la toma para aud\u00edfonos.<\/p>\n<p>Mayor comodidad y realismo<br \/>\nTe permite jugar sin necesidad de que haya cables de por medio. Est\u00e1 pensado no solamente para controlar mejor tus videojuegos, sino tambi\u00e9n para aumentar su realismo y experiencia.<\/p>\n<p>Activ\u00e1 el Bluetooth<br \/>\nCuenta con conexi\u00f3n Bluetooth de alta tecnolog\u00eda para usarlo en cualquier ordenador o dispositivo; ya no necesitar\u00e1s de aplicaciones de terceros ni cable USB. Adem\u00e1s, posee gran capacidad antiinterferente, f\u00e1cil manejo y se\u00f1al de conexi\u00f3n estable.<\/p>\n<p>Dimensi\u00f3n adicional para tus juegos<br \/>\nCon pantalla t\u00e1ctil, mucho m\u00e1s conveniente y f\u00e1cil de usar.<\/p>\n<\/div>\n<p>varios modelos, Argentina, Inter Miami<\/p>\n<\/div>\n<\/div>\n<div class=\"ui-pdp-container__row\">\n<div class=\"ui-pdp-container__col col-1\">\n<div class=\"ui-pdp-container__row\">\n<div class=\"ui-pdp-container__col col-3\">\n<div class=\"ui-pdp-with--separator pb-40 ui-pdp-with--separator--40\">\n<div class=\"ui-pdp-description pl-45 pr-45 pb-45\">\n<div class=\"ui-pdp-collapsable ui-pdp-description__action--center\">\n<div class=\"ui-pdp-collapsable__container\"><\/div>\n<\/div>\n<\/div>\n<\/div>\n<\/div>\n<\/div>\n<\/div>\n<\/div>\n","protected":false},"excerpt":{"rendered":"<p>ENVIARNOS NOTA DEL COLOR CON LA COMPRA<\/p>\n<p>O ESCRIBIRNOS POR WHATSAPP<\/p>\n","protected":false},"featured_media":11141,"comment_status":"open","ping_status":"closed","template":"","meta":{"_joinchat":[]},"product_cat":[28],"product_tag":[],"class_list":{"0":"post-9827","1":"product","2":"type-product","3":"status-publish","4":"has-post-thumbnail","6":"product_cat-videojuegos","8":"first","9":"instock","10":"shipping-taxable","11":"purchasable","12":"product-type-simple"},"jetpack_sharing_enabled":true,"_links":{"self":[{"href":"https:\/\/almacentecno.com.ar\/index.php\/wp-json\/wp\/v2\/product\/9827"}],"collection":[{"href":"https:\/\/almacentecno.com.ar\/index.php\/wp-json\/wp\/v2\/product"}],"about":[{"href":"https:\/\/almacentecno.com.ar\/index.php\/wp-json\/wp\/v2\/types\/product"}],"replies":[{"embeddable":true,"href":"https:\/\/almacentecno.com.ar\/index.php\/wp-json\/wp\/v2\/comments?post=9827"}],"version-history":[{"count":5,"href":"https:\/\/almacentecno.com.ar\/index.php\/wp-json\/wp\/v2\/product\/9827\/revisions"}],"predecessor-version":[{"id":11144,"href":"https:\/\/almacentecno.com.ar\/index.php\/wp-json\/wp\/v2\/product\/9827\/revisions\/11144"}],"wp:featuredmedia":[{"embeddable":true,"href":"https:\/\/almacentecno.com.ar\/index.php\/wp-json\/wp\/v2\/media\/11141"}],"wp:attachment":[{"href":"https:\/\/almacentecno.com.ar\/index.php\/wp-json\/wp\/v2\/media?parent=9827"}],"wp:term":[{"taxonomy":"product_cat","embeddable":true,"href":"https:\/\/almacentecno.com.ar\/index.php\/wp-json\/wp\/v2\/product_cat?post=9827"},{"taxonomy":"product_tag","embeddable":true,"href":"https:\/\/almacentecno.com.ar\/index.php\/wp-json\/wp\/v2\/product_tag?post=9827"}],"curies":[{"name":"wp","href":"https:\/\/api.w.org\/{rel}","templated":true}]}}