{"id":9801,"date":"2022-09-28T23:03:21","date_gmt":"2022-09-28T23:03:21","guid":{"rendered":"https:\/\/almacentecno.com.ar\/?post_type=product&#038;p=9801"},"modified":"2026-04-15T00:07:10","modified_gmt":"2026-04-15T00:07:10","slug":"tostadora-electrica-900w","status":"publish","type":"product","link":"https:\/\/almacentecno.com.ar\/index.php\/product\/tostadora-electrica-900w\/","title":{"rendered":"Tostadora Electrica 900W"},"content":{"rendered":"<p>TOSTADORA ELECTRICA<\/p>\n<p>CARACTER\u00cdSTICAS T\u00c9CNICAS:<br \/>\n&#8211; Marca: DINAX<br \/>\n&#8211; Potencia: 900 WATTS<br \/>\n&#8211; Capacidad: 2 rodajas<br \/>\n&#8211; Bot\u00f3n de control de tiempo<br \/>\n&#8211; Perilla seleccionadora de 6 niveles de tostado<br \/>\n&#8211; Bot\u00f3n de STOP en caso de atasco<\/p>\n","protected":false},"excerpt":{"rendered":"<p>TOSTADORA ELECTRICA CARACTER\u00cdSTICAS T\u00c9CNICAS: &#8211; Marca: DINAX &#8211; Potencia: 900 WATTS &#8211; Capacidad: 2 rodajas &#8211; Bot\u00f3n de control de<\/p>\n","protected":false},"featured_media":9802,"comment_status":"open","ping_status":"closed","template":"","meta":{"_joinchat":[]},"product_cat":[79],"product_tag":[],"class_list":{"0":"post-9801","1":"product","2":"type-product","3":"status-publish","4":"has-post-thumbnail","6":"product_cat-electrodomesticos","8":"first","9":"outofstock","10":"shipping-taxable","11":"purchasable","12":"product-type-simple"},"jetpack_sharing_enabled":true,"_links":{"self":[{"href":"https:\/\/almacentecno.com.ar\/index.php\/wp-json\/wp\/v2\/product\/9801"}],"collection":[{"href":"https:\/\/almacentecno.com.ar\/index.php\/wp-json\/wp\/v2\/product"}],"about":[{"href":"https:\/\/almacentecno.com.ar\/index.php\/wp-json\/wp\/v2\/types\/product"}],"replies":[{"embeddable":true,"href":"https:\/\/almacentecno.com.ar\/index.php\/wp-json\/wp\/v2\/comments?post=9801"}],"version-history":[{"count":1,"href":"https:\/\/almacentecno.com.ar\/index.php\/wp-json\/wp\/v2\/product\/9801\/revisions"}],"predecessor-version":[{"id":9803,"href":"https:\/\/almacentecno.com.ar\/index.php\/wp-json\/wp\/v2\/product\/9801\/revisions\/9803"}],"wp:featuredmedia":[{"embeddable":true,"href":"https:\/\/almacentecno.com.ar\/index.php\/wp-json\/wp\/v2\/media\/9802"}],"wp:attachment":[{"href":"https:\/\/almacentecno.com.ar\/index.php\/wp-json\/wp\/v2\/media?parent=9801"}],"wp:term":[{"taxonomy":"product_cat","embeddable":true,"href":"https:\/\/almacentecno.com.ar\/index.php\/wp-json\/wp\/v2\/product_cat?post=9801"},{"taxonomy":"product_tag","embeddable":true,"href":"https:\/\/almacentecno.com.ar\/index.php\/wp-json\/wp\/v2\/product_tag?post=9801"}],"curies":[{"name":"wp","href":"https:\/\/api.w.org\/{rel}","templated":true}]}}