{"id":9795,"date":"2022-09-20T22:18:13","date_gmt":"2022-09-20T22:18:13","guid":{"rendered":"https:\/\/almacentecno.com.ar\/?post_type=product&#038;p=9795"},"modified":"2025-01-07T23:52:54","modified_gmt":"2025-01-07T23:52:54","slug":"joystick-sony-playstation-dualshock-2-black","status":"publish","type":"product","link":"https:\/\/almacentecno.com.ar\/index.php\/product\/joystick-sony-playstation-dualshock-2-black\/","title":{"rendered":"Joystick Sony PlayStation Dualshock Ps2 black"},"content":{"rendered":"<p>Control preciso<br \/>\nEste mando combina funciones revolucionarias mientras conserva precisi\u00f3n, comodidad y exactitud en cada movimiento. Gracias a su ergonom\u00eda especialmente pensada para la posici\u00f3n de tu mano, pod\u00e9s pasar horas jugando con total confort.3000<\/p>\n","protected":false},"excerpt":{"rendered":"<p>Control preciso Este mando combina funciones revolucionarias mientras conserva precisi\u00f3n, comodidad y exactitud en cada movimiento. Gracias a su ergonom\u00eda<\/p>\n","protected":false},"featured_media":9797,"comment_status":"open","ping_status":"closed","template":"","meta":{"_joinchat":[]},"product_cat":[28],"product_tag":[],"class_list":{"0":"post-9795","1":"product","2":"type-product","3":"status-publish","4":"has-post-thumbnail","6":"product_cat-videojuegos","8":"first","9":"outofstock","10":"shipping-taxable","11":"purchasable","12":"product-type-simple"},"jetpack_sharing_enabled":true,"_links":{"self":[{"href":"https:\/\/almacentecno.com.ar\/index.php\/wp-json\/wp\/v2\/product\/9795"}],"collection":[{"href":"https:\/\/almacentecno.com.ar\/index.php\/wp-json\/wp\/v2\/product"}],"about":[{"href":"https:\/\/almacentecno.com.ar\/index.php\/wp-json\/wp\/v2\/types\/product"}],"replies":[{"embeddable":true,"href":"https:\/\/almacentecno.com.ar\/index.php\/wp-json\/wp\/v2\/comments?post=9795"}],"version-history":[{"count":3,"href":"https:\/\/almacentecno.com.ar\/index.php\/wp-json\/wp\/v2\/product\/9795\/revisions"}],"predecessor-version":[{"id":9869,"href":"https:\/\/almacentecno.com.ar\/index.php\/wp-json\/wp\/v2\/product\/9795\/revisions\/9869"}],"wp:featuredmedia":[{"embeddable":true,"href":"https:\/\/almacentecno.com.ar\/index.php\/wp-json\/wp\/v2\/media\/9797"}],"wp:attachment":[{"href":"https:\/\/almacentecno.com.ar\/index.php\/wp-json\/wp\/v2\/media?parent=9795"}],"wp:term":[{"taxonomy":"product_cat","embeddable":true,"href":"https:\/\/almacentecno.com.ar\/index.php\/wp-json\/wp\/v2\/product_cat?post=9795"},{"taxonomy":"product_tag","embeddable":true,"href":"https:\/\/almacentecno.com.ar\/index.php\/wp-json\/wp\/v2\/product_tag?post=9795"}],"curies":[{"name":"wp","href":"https:\/\/api.w.org\/{rel}","templated":true}]}}