{"id":9767,"date":"2022-09-16T02:03:30","date_gmt":"2022-09-16T02:03:30","guid":{"rendered":"https:\/\/almacentecno.com.ar\/?post_type=product&#038;p=9767"},"modified":"2025-06-05T17:39:19","modified_gmt":"2025-06-05T17:39:19","slug":"extensor-tp-link-dual-band-750mbps-ac750-re200","status":"publish","type":"product","link":"https:\/\/almacentecno.com.ar\/index.php\/product\/extensor-tp-link-dual-band-750mbps-ac750-re200\/","title":{"rendered":"Repetidor Extensor wifi Tp-link"},"content":{"rendered":"<p>EXTENSOR DE SE\u00d1AL WIFI TP-LINK TL-WA850RE 300mbps<\/p>\n<p>Aumenta tu red inal\u00e1mbrica.<\/p>\n<p>La gama TP-LINK extensor se conecta al router de forma inal\u00e1mbrica, fortalece y ampl\u00eda su se\u00f1al en las zonas que no puede por s\u00ed solo. El dispositivo tambi\u00e9n reduce la interferencia de la se\u00f1al para garantizar la cobertura Wi-Fi fiable en todo su hogar u oficina.<\/p>\n<p>F\u00e1cil Configuraci\u00f3n y Colocaci\u00f3n Flexible Presiona el bot\u00f3n WPS en tu router y el bot\u00f3n Range Extender en tu 850RE con tan solo 2 minutos se conectar\u00e1 a la red.<\/p>\n","protected":false},"excerpt":{"rendered":"<p>EXTENSOR DE SE\u00d1AL WIFI TP-LINK TL-WA850RE 300mbps Aumenta tu red inal\u00e1mbrica. La gama TP-LINK extensor se conecta al router de<\/p>\n","protected":false},"featured_media":10938,"comment_status":"open","ping_status":"closed","template":"","meta":{"_joinchat":[]},"product_cat":[75],"product_tag":[],"class_list":{"0":"post-9767","1":"product","2":"type-product","3":"status-publish","4":"has-post-thumbnail","6":"product_cat-computacion","8":"first","9":"outofstock","10":"shipping-taxable","11":"purchasable","12":"product-type-simple"},"jetpack_sharing_enabled":true,"_links":{"self":[{"href":"https:\/\/almacentecno.com.ar\/index.php\/wp-json\/wp\/v2\/product\/9767"}],"collection":[{"href":"https:\/\/almacentecno.com.ar\/index.php\/wp-json\/wp\/v2\/product"}],"about":[{"href":"https:\/\/almacentecno.com.ar\/index.php\/wp-json\/wp\/v2\/types\/product"}],"replies":[{"embeddable":true,"href":"https:\/\/almacentecno.com.ar\/index.php\/wp-json\/wp\/v2\/comments?post=9767"}],"version-history":[{"count":4,"href":"https:\/\/almacentecno.com.ar\/index.php\/wp-json\/wp\/v2\/product\/9767\/revisions"}],"predecessor-version":[{"id":10939,"href":"https:\/\/almacentecno.com.ar\/index.php\/wp-json\/wp\/v2\/product\/9767\/revisions\/10939"}],"wp:featuredmedia":[{"embeddable":true,"href":"https:\/\/almacentecno.com.ar\/index.php\/wp-json\/wp\/v2\/media\/10938"}],"wp:attachment":[{"href":"https:\/\/almacentecno.com.ar\/index.php\/wp-json\/wp\/v2\/media?parent=9767"}],"wp:term":[{"taxonomy":"product_cat","embeddable":true,"href":"https:\/\/almacentecno.com.ar\/index.php\/wp-json\/wp\/v2\/product_cat?post=9767"},{"taxonomy":"product_tag","embeddable":true,"href":"https:\/\/almacentecno.com.ar\/index.php\/wp-json\/wp\/v2\/product_tag?post=9767"}],"curies":[{"name":"wp","href":"https:\/\/api.w.org\/{rel}","templated":true}]}}