{"id":9737,"date":"2022-09-07T02:04:53","date_gmt":"2022-09-07T02:04:53","guid":{"rendered":"https:\/\/almacentecno.com.ar\/?post_type=product&#038;p=9737"},"modified":"2024-05-20T19:01:07","modified_gmt":"2024-05-20T19:01:07","slug":"consola-retro-620-juegos","status":"publish","type":"product","link":"https:\/\/almacentecno.com.ar\/index.php\/product\/consola-retro-620-juegos\/","title":{"rendered":"Consola Retro 620 Juegos"},"content":{"rendered":"<p>&#8211; Juegos Cl\u00e1sicos<br \/>\n&#8211; Resoluci\u00f3n m\u00e1xima: 256 Px. \/ 224 Px.<br \/>\n&#8211; Memoria RAM: 2 KB.<br \/>\n&#8211; 2 controles para jugar<br \/>\n&#8211; Cable Audio y Video (Se puede usar en cualquier TV)<br \/>\n&#8211; Cable USB<br \/>\n&#8211; Velocidad del procesador: 1.79 MHz<br \/>\n&#8211; Juegos de consola de 8 bits<\/p>\n","protected":false},"excerpt":{"rendered":"<p>&#8211; Juegos Cl\u00e1sicos &#8211; Resoluci\u00f3n m\u00e1xima: 256 Px. \/ 224 Px. &#8211; Memoria RAM: 2 KB. &#8211; 2 controles para<\/p>\n","protected":false},"featured_media":9738,"comment_status":"open","ping_status":"closed","template":"","meta":{"_joinchat":[]},"product_cat":[28],"product_tag":[],"class_list":{"0":"post-9737","1":"product","2":"type-product","3":"status-publish","4":"has-post-thumbnail","6":"product_cat-videojuegos","8":"first","9":"outofstock","10":"shipping-taxable","11":"purchasable","12":"product-type-simple"},"jetpack_sharing_enabled":true,"_links":{"self":[{"href":"https:\/\/almacentecno.com.ar\/index.php\/wp-json\/wp\/v2\/product\/9737"}],"collection":[{"href":"https:\/\/almacentecno.com.ar\/index.php\/wp-json\/wp\/v2\/product"}],"about":[{"href":"https:\/\/almacentecno.com.ar\/index.php\/wp-json\/wp\/v2\/types\/product"}],"replies":[{"embeddable":true,"href":"https:\/\/almacentecno.com.ar\/index.php\/wp-json\/wp\/v2\/comments?post=9737"}],"version-history":[{"count":1,"href":"https:\/\/almacentecno.com.ar\/index.php\/wp-json\/wp\/v2\/product\/9737\/revisions"}],"predecessor-version":[{"id":9740,"href":"https:\/\/almacentecno.com.ar\/index.php\/wp-json\/wp\/v2\/product\/9737\/revisions\/9740"}],"wp:featuredmedia":[{"embeddable":true,"href":"https:\/\/almacentecno.com.ar\/index.php\/wp-json\/wp\/v2\/media\/9738"}],"wp:attachment":[{"href":"https:\/\/almacentecno.com.ar\/index.php\/wp-json\/wp\/v2\/media?parent=9737"}],"wp:term":[{"taxonomy":"product_cat","embeddable":true,"href":"https:\/\/almacentecno.com.ar\/index.php\/wp-json\/wp\/v2\/product_cat?post=9737"},{"taxonomy":"product_tag","embeddable":true,"href":"https:\/\/almacentecno.com.ar\/index.php\/wp-json\/wp\/v2\/product_tag?post=9737"}],"curies":[{"name":"wp","href":"https:\/\/api.w.org\/{rel}","templated":true}]}}