{"id":9710,"date":"2022-08-23T17:48:59","date_gmt":"2022-08-23T17:48:59","guid":{"rendered":"https:\/\/almacentecno.com.ar\/?post_type=product&#038;p=9710"},"modified":"2025-08-17T00:06:08","modified_gmt":"2025-08-17T00:06:08","slug":"auricular-aitech-ai-28","status":"publish","type":"product","link":"https:\/\/almacentecno.com.ar\/index.php\/product\/auricular-aitech-ai-28\/","title":{"rendered":"Auriculares Xiaomi Earbuds Basic 2"},"content":{"rendered":"<h2 class=\"title-h2\" data-wakoopa-seen=\"true\">Con los\u00a0<strong>Auriculares Xiaomi Earbuds Basic S<\/strong><span data-wakoopa-seen=\"true\"><strong>\u00a0<\/strong>la m\u00fasica es agradable, la llamada es clara\u00a0<\/span><span data-wakoopa-seen=\"true\">desde la unidad de disco din\u00e1mico de 7.2 mm\u00a0<\/span><span data-wakoopa-seen=\"true\">y la reducci\u00f3n de ruido en el entorno inteligente DSP.\u00a0<\/span><span data-wakoopa-seen=\"true\">Uso \u00fanico de 4 horas,\u00a0<\/span><span data-wakoopa-seen=\"true\">con la caja de carga\u00a0<\/span><span data-wakoopa-seen=\"true\">hasta 12 horas.<\/span><\/h2>\n<p>&nbsp;<\/p>\n<ul>\n<li>\n<h4>Caracter\u00edsticas de los <strong>Auriculares Xiaomi Earbuds Basic S<\/strong> :<\/h4>\n<\/li>\n<li>\n<h4>Materiales: ABS y Silicona<\/h4>\n<\/li>\n<li>\n<h4>Color: Negro<\/h4>\n<\/li>\n<li>\n<h4>Tipo: In-Ear<\/h4>\n<\/li>\n<li>\n<h4>Bluetooth: 5 HFP \/ A2DP \/ HSP \/ AVRCP<\/h4>\n<\/li>\n<li>\n<h4>Distancia alcance: 10 metros (espacio abierto accesible).<\/h4>\n<\/li>\n<li>\n<h4>Control por voz: S\u00ed<\/h4>\n<\/li>\n<li>\n<h4>Bater\u00eda: Hasta 4 horas de conversaci\u00f3n y 12h. en standby.<\/h4>\n<\/li>\n<li>\n<h4>Frecuencia: 20-20000Hz<\/h4>\n<\/li>\n<li>\n<h4>Funciones: Reproducci\u00f3n, responder llamadas, manos libres y elecci\u00f3n de canci\u00f3n, asistente de voz.<\/h4>\n<\/li>\n<li>\n<h4>Compatible con: Smartphone Android, iPhone, iPod, Reproductores MP3\/MP4, etc\u2026<\/h4>\n<\/li>\n<li>\n<h4>Peso: Auricular 4.1g\/ Estuche 35.4g.<\/h4>\n<\/li>\n<li>\n<h4>Bater\u00eda: Auricular 40 mAh \/ Estuche 300mAh.<\/h4>\n<\/li>\n<li>\n<h4>Tiempo de espera de los auriculares: Unas 150h.<\/h4>\n<\/li>\n<li>\n<h4>Tiempo de carga:Hasta 12h. de bater\u00eda de larga duraci\u00f3n (4 horas continuas de m\u00fasica)<\/h4>\n<ul>\n<li>De los auriculares: Alrededor de 1,5 horas<\/li>\n<li>De la caja de carga: Alrededor de 2 horas<\/li>\n<\/ul>\n<\/li>\n<li>\n<h4>Dimensiones:<\/h4>\n<ul>\n<li>\n<h4>Tama\u00f1o de la caja: 26 \u00d7 12 \u00d7 2 cm .<\/h4>\n<\/li>\n<li>\n<h4>Tama\u00f1o de los auriculares: 26.65 \u00d7 16.4 \u00d7 21.6mm.<\/h4>\n<\/li>\n<\/ul>\n<\/li>\n<\/ul>\n","protected":false},"excerpt":{"rendered":"<p>Con los\u00a0Auriculares Xiaomi Earbuds Basic S\u00a0la m\u00fasica es agradable, la llamada es clara\u00a0desde la unidad de disco din\u00e1mico de 7.2<\/p>\n","protected":false},"featured_media":10301,"comment_status":"open","ping_status":"closed","template":"","meta":{"_joinchat":[]},"product_cat":[20],"product_tag":[],"class_list":{"0":"post-9710","1":"product","2":"type-product","3":"status-publish","4":"has-post-thumbnail","6":"product_cat-auriculares","8":"first","9":"outofstock","10":"shipping-taxable","11":"purchasable","12":"product-type-simple"},"jetpack_sharing_enabled":true,"_links":{"self":[{"href":"https:\/\/almacentecno.com.ar\/index.php\/wp-json\/wp\/v2\/product\/9710"}],"collection":[{"href":"https:\/\/almacentecno.com.ar\/index.php\/wp-json\/wp\/v2\/product"}],"about":[{"href":"https:\/\/almacentecno.com.ar\/index.php\/wp-json\/wp\/v2\/types\/product"}],"replies":[{"embeddable":true,"href":"https:\/\/almacentecno.com.ar\/index.php\/wp-json\/wp\/v2\/comments?post=9710"}],"version-history":[{"count":5,"href":"https:\/\/almacentecno.com.ar\/index.php\/wp-json\/wp\/v2\/product\/9710\/revisions"}],"predecessor-version":[{"id":10872,"href":"https:\/\/almacentecno.com.ar\/index.php\/wp-json\/wp\/v2\/product\/9710\/revisions\/10872"}],"wp:featuredmedia":[{"embeddable":true,"href":"https:\/\/almacentecno.com.ar\/index.php\/wp-json\/wp\/v2\/media\/10301"}],"wp:attachment":[{"href":"https:\/\/almacentecno.com.ar\/index.php\/wp-json\/wp\/v2\/media?parent=9710"}],"wp:term":[{"taxonomy":"product_cat","embeddable":true,"href":"https:\/\/almacentecno.com.ar\/index.php\/wp-json\/wp\/v2\/product_cat?post=9710"},{"taxonomy":"product_tag","embeddable":true,"href":"https:\/\/almacentecno.com.ar\/index.php\/wp-json\/wp\/v2\/product_tag?post=9710"}],"curies":[{"name":"wp","href":"https:\/\/api.w.org\/{rel}","templated":true}]}}