{"id":9702,"date":"2022-08-23T14:26:08","date_gmt":"2022-08-23T14:26:08","guid":{"rendered":"https:\/\/almacentecno.com.ar\/?post_type=product&#038;p=9702"},"modified":"2024-06-11T23:28:27","modified_gmt":"2024-06-11T23:28:27","slug":"cable-18-mts-bnc-video-alimentacion-camaras-seguridad-cctv-interior","status":"publish","type":"product","link":"https:\/\/almacentecno.com.ar\/index.php\/product\/cable-18-mts-bnc-video-alimentacion-camaras-seguridad-cctv-interior\/","title":{"rendered":"Cable 18 Mts Bnc Video + Alimentaci\u00f3n C\u00e1maras Seguridad Cctv Interior"},"content":{"rendered":"<p>Cable 18 Mts Bnc Video + Alimentaci\u00f3n<\/p>\n<p>C\u00e1maras Seguridad Cctv<\/p>\n<p>Recomendado para interior<\/p>\n<p>&nbsp;<\/p>\n<p>&nbsp;<\/p>\n","protected":false},"excerpt":{"rendered":"<p>Cable 18 Mts Bnc Video + Alimentaci\u00f3n C\u00e1maras Seguridad Cctv Recomendado para interior &nbsp; &nbsp;<\/p>\n","protected":false},"featured_media":9773,"comment_status":"open","ping_status":"closed","template":"","meta":{"_joinchat":[]},"product_cat":[80],"product_tag":[],"class_list":{"0":"post-9702","1":"product","2":"type-product","3":"status-publish","4":"has-post-thumbnail","6":"product_cat-camaras","8":"first","9":"instock","10":"shipping-taxable","11":"purchasable","12":"product-type-simple"},"jetpack_sharing_enabled":true,"_links":{"self":[{"href":"https:\/\/almacentecno.com.ar\/index.php\/wp-json\/wp\/v2\/product\/9702"}],"collection":[{"href":"https:\/\/almacentecno.com.ar\/index.php\/wp-json\/wp\/v2\/product"}],"about":[{"href":"https:\/\/almacentecno.com.ar\/index.php\/wp-json\/wp\/v2\/types\/product"}],"replies":[{"embeddable":true,"href":"https:\/\/almacentecno.com.ar\/index.php\/wp-json\/wp\/v2\/comments?post=9702"}],"version-history":[{"count":1,"href":"https:\/\/almacentecno.com.ar\/index.php\/wp-json\/wp\/v2\/product\/9702\/revisions"}],"predecessor-version":[{"id":9703,"href":"https:\/\/almacentecno.com.ar\/index.php\/wp-json\/wp\/v2\/product\/9702\/revisions\/9703"}],"wp:featuredmedia":[{"embeddable":true,"href":"https:\/\/almacentecno.com.ar\/index.php\/wp-json\/wp\/v2\/media\/9773"}],"wp:attachment":[{"href":"https:\/\/almacentecno.com.ar\/index.php\/wp-json\/wp\/v2\/media?parent=9702"}],"wp:term":[{"taxonomy":"product_cat","embeddable":true,"href":"https:\/\/almacentecno.com.ar\/index.php\/wp-json\/wp\/v2\/product_cat?post=9702"},{"taxonomy":"product_tag","embeddable":true,"href":"https:\/\/almacentecno.com.ar\/index.php\/wp-json\/wp\/v2\/product_tag?post=9702"}],"curies":[{"name":"wp","href":"https:\/\/api.w.org\/{rel}","templated":true}]}}