{"id":9698,"date":"2022-08-23T14:22:11","date_gmt":"2022-08-23T14:22:11","guid":{"rendered":"https:\/\/almacentecno.com.ar\/?post_type=product&#038;p=9698"},"modified":"2024-05-20T19:01:49","modified_gmt":"2024-05-20T19:01:49","slug":"parlante-bluetooth-trust-zowy-max","status":"publish","type":"product","link":"https:\/\/almacentecno.com.ar\/index.php\/product\/parlante-bluetooth-trust-zowy-max\/","title":{"rendered":"Parlante Bluetooth Trust Zowy Max"},"content":{"rendered":"<p>Altavoz Bluetooth Zowy Max<br \/>\nMarca: Trust<br \/>\nTipo: 2.0<br \/>\nColor: Negro<br \/>\nDimensiones: (MM) 60\u00d7185mm<br \/>\nEntrada de Audio: 3.5 mm<br \/>\nPeso (G): 500g<br \/>\nConexi\u00f3n: Bluetooth y Cableado<br \/>\nImpedancia del Parlante: 4 Ohm<br \/>\nImpedancia de Entrada: 10000 Ohm<\/p>\n<p>Compacto y elegante altavoz Bluetooth, con dise\u00f1o de rejilla met\u00e1lica frontal, se pueden vincular dos altavoces de forma inal\u00e1mbrica para dar vida a la fiesta. Reproducci\u00f3n de hasta 12 horas sin necesidad de recargas.<br \/>\nPodes elegir c\u00f3mo reproducir la m\u00fasica: Bluetooth, micro-SD y entrada auxiliar. Tambi\u00e9n posee micr\u00f3fono integrado para poder hacer llamadas de tel\u00e9fono<\/p>\n<p>El compa\u00f1ero de viaje ideal; cabe en cualquier bolsa y es resistente al agua<\/p>\n","protected":false},"excerpt":{"rendered":"<p>Altavoz Bluetooth Zowy Max Marca: Trust Tipo: 2.0 Color: Negro Dimensiones: (MM) 60\u00d7185mm Entrada de Audio: 3.5 mm Peso (G):<\/p>\n","protected":false},"featured_media":9700,"comment_status":"open","ping_status":"closed","template":"","meta":{"_joinchat":[]},"product_cat":[78],"product_tag":[],"class_list":{"0":"post-9698","1":"product","2":"type-product","3":"status-publish","4":"has-post-thumbnail","6":"product_cat-equipos-de-sonido","8":"first","9":"outofstock","10":"shipping-taxable","11":"purchasable","12":"product-type-simple"},"jetpack_sharing_enabled":true,"_links":{"self":[{"href":"https:\/\/almacentecno.com.ar\/index.php\/wp-json\/wp\/v2\/product\/9698"}],"collection":[{"href":"https:\/\/almacentecno.com.ar\/index.php\/wp-json\/wp\/v2\/product"}],"about":[{"href":"https:\/\/almacentecno.com.ar\/index.php\/wp-json\/wp\/v2\/types\/product"}],"replies":[{"embeddable":true,"href":"https:\/\/almacentecno.com.ar\/index.php\/wp-json\/wp\/v2\/comments?post=9698"}],"version-history":[{"count":1,"href":"https:\/\/almacentecno.com.ar\/index.php\/wp-json\/wp\/v2\/product\/9698\/revisions"}],"predecessor-version":[{"id":9701,"href":"https:\/\/almacentecno.com.ar\/index.php\/wp-json\/wp\/v2\/product\/9698\/revisions\/9701"}],"wp:featuredmedia":[{"embeddable":true,"href":"https:\/\/almacentecno.com.ar\/index.php\/wp-json\/wp\/v2\/media\/9700"}],"wp:attachment":[{"href":"https:\/\/almacentecno.com.ar\/index.php\/wp-json\/wp\/v2\/media?parent=9698"}],"wp:term":[{"taxonomy":"product_cat","embeddable":true,"href":"https:\/\/almacentecno.com.ar\/index.php\/wp-json\/wp\/v2\/product_cat?post=9698"},{"taxonomy":"product_tag","embeddable":true,"href":"https:\/\/almacentecno.com.ar\/index.php\/wp-json\/wp\/v2\/product_tag?post=9698"}],"curies":[{"name":"wp","href":"https:\/\/api.w.org\/{rel}","templated":true}]}}