{"id":9692,"date":"2022-08-18T23:47:16","date_gmt":"2022-08-18T23:47:16","guid":{"rendered":"https:\/\/almacentecno.com.ar\/?post_type=product&#038;p=9692"},"modified":"2026-02-20T21:23:23","modified_gmt":"2026-02-20T21:23:23","slug":"parlante-trust-rokko-bluetooth-bateria-recargable","status":"publish","type":"product","link":"https:\/\/almacentecno.com.ar\/index.php\/product\/parlante-trust-rokko-bluetooth-bateria-recargable\/","title":{"rendered":"Parlante Trust Rokko Bluetooth Bateria Recargable"},"content":{"rendered":"<p>Rokko<\/p>\n<p>Compacto altavoz Bluetooth perfecto para viajar y utilizar en exteriores<\/p>\n<p>ESPECIFICACIONES T\u00c9CNICAS:<\/p>\n<p>General<br \/>\ntipo de altavoz<br \/>\nUnidad singular<br \/>\nAltura del producto principal (en mm)<br \/>\n120mm<br \/>\nAncho del producto principal (en mm)<br \/>\n90mm<br \/>\nProfundidad del producto principal (en mm)<br \/>\n90mm<br \/>\nPeso total<br \/>\n442 gramos<br \/>\nPeso de la unidad principal<br \/>\n432 gramos<br \/>\nCaracter\u00edsticas<br \/>\nNFC<br \/>\nno<br \/>\nLlamadas telef\u00f3nicas manos libres<br \/>\ns\u00ed<br \/>\nMontura tr\u00edpode<br \/>\nno<br \/>\nAccesorios<br \/>\ncable de carga micro USB, cable de audio de 3,5 mm<br \/>\nAhorro de energ\u00eda<br \/>\ns\u00ed<br \/>\nControl<br \/>\nControl remoto<br \/>\nno<br \/>\nControl S<br \/>\ncontrol de volumen, controles de reproducci\u00f3n<br \/>\nConectividad<br \/>\nTipo de conecci\u00f3n<br \/>\ninal\u00e1mbrico, con cable<br \/>\nBluetooth<br \/>\ns\u00ed<br \/>\ncables incluidos<br \/>\nCable de carga microUSB Cable de audio de 3,5 mm<br \/>\nAlcance inal\u00e1mbrico<br \/>\n10 metros<br \/>\nVersi\u00f3n Bluetooth<br \/>\n4.2<br \/>\nAudio<br \/>\nPotencia de salida (pico)<br \/>\n10 W.<br \/>\nPotencia de salida (RMS)<br \/>\n5 W.<br \/>\nRespuesta frecuente<br \/>\n20 Hz &#8211; 20000 Hz<br \/>\nTama\u00f1o del controlador<br \/>\n52mm<br \/>\nUnidades de controlador<br \/>\n1<br \/>\nImpedancia del altavoz<br \/>\n4 ohmios<br \/>\nImpedancia de entrada<br \/>\n10000 ohmios<br \/>\nEntrada de audio<br \/>\nBluetooth, 3,5 mm, tarjeta SD<br \/>\nSalida de audio<br \/>\nNinguna<br \/>\nConexi\u00f3n de auriculares<br \/>\nno<br \/>\nMicr\u00f3fono incorporado<br \/>\ns\u00ed<br \/>\nConexi\u00f3n de micr\u00f3fono<br \/>\nno<br \/>\nVerdadero est\u00e9reo inal\u00e1mbrico (TWS)<br \/>\ns\u00ed<br \/>\nEncendiendo<br \/>\nLuces<br \/>\nno<br \/>\nProteccion<br \/>\nImpermeable<br \/>\ns\u00ed<br \/>\nEnerg\u00eda<br \/>\nBater\u00eda recargable<br \/>\ns\u00ed<br \/>\nN\u00famero de bater\u00edas<br \/>\n1<br \/>\nTipo de bater\u00eda (AA, AAA, etc.)<br \/>\n18650<br \/>\nComposici\u00f3n de la bater\u00eda (alcalina, Li-ion, etc.)<br \/>\nC\u00e9lula de iones de litio<br \/>\nCapacidad de la bater\u00eda (Wh)<br \/>\n5,55 Wh<br \/>\nCapacidad de la bater\u00eda (mAh)<br \/>\n1500 mAh<br \/>\nVoltaje de la bater\u00eda (V)<br \/>\n3,7 voltios<br \/>\nDuraci\u00f3n de la bater\u00eda (meses)<br \/>\n36 meses<br \/>\nDuraci\u00f3n m\u00e1xima de la bater\u00eda &#8211; m\u00fasica<br \/>\n20 horas<br \/>\nAporte<br \/>\nFuente de alimentaci\u00f3n<br \/>\nmicro USB, bater\u00eda<br \/>\nCompatibilidad<br \/>\nTipos de dispositivos compatibles<br \/>\ndispositivos Bluetooth<\/p>\n<p>Contenido del paquete<br \/>\nAltavoz Bluetooth<\/p>\n<p>Cable de carga micro-USB<\/p>\n<p>Cable auxiliar<\/p>\n<p>Manual de usuario<\/p>\n<p>Requisitos del sistema<br \/>\nDispositivo Bluetooth<\/p>\n<p>Salida auxiliar (3,5 mm)<\/p>\n<p>Micro-SD<\/p>\n","protected":false},"excerpt":{"rendered":"<p>Rokko Compacto altavoz Bluetooth perfecto para viajar y utilizar en exteriores ESPECIFICACIONES T\u00c9CNICAS: General tipo de altavoz Unidad singular Altura<\/p>\n","protected":false},"featured_media":9693,"comment_status":"open","ping_status":"closed","template":"","meta":{"_joinchat":[]},"product_cat":[78],"product_tag":[],"class_list":{"0":"post-9692","1":"product","2":"type-product","3":"status-publish","4":"has-post-thumbnail","6":"product_cat-equipos-de-sonido","8":"first","9":"outofstock","10":"shipping-taxable","11":"purchasable","12":"product-type-simple"},"jetpack_sharing_enabled":true,"_links":{"self":[{"href":"https:\/\/almacentecno.com.ar\/index.php\/wp-json\/wp\/v2\/product\/9692"}],"collection":[{"href":"https:\/\/almacentecno.com.ar\/index.php\/wp-json\/wp\/v2\/product"}],"about":[{"href":"https:\/\/almacentecno.com.ar\/index.php\/wp-json\/wp\/v2\/types\/product"}],"replies":[{"embeddable":true,"href":"https:\/\/almacentecno.com.ar\/index.php\/wp-json\/wp\/v2\/comments?post=9692"}],"version-history":[{"count":1,"href":"https:\/\/almacentecno.com.ar\/index.php\/wp-json\/wp\/v2\/product\/9692\/revisions"}],"predecessor-version":[{"id":9696,"href":"https:\/\/almacentecno.com.ar\/index.php\/wp-json\/wp\/v2\/product\/9692\/revisions\/9696"}],"wp:featuredmedia":[{"embeddable":true,"href":"https:\/\/almacentecno.com.ar\/index.php\/wp-json\/wp\/v2\/media\/9693"}],"wp:attachment":[{"href":"https:\/\/almacentecno.com.ar\/index.php\/wp-json\/wp\/v2\/media?parent=9692"}],"wp:term":[{"taxonomy":"product_cat","embeddable":true,"href":"https:\/\/almacentecno.com.ar\/index.php\/wp-json\/wp\/v2\/product_cat?post=9692"},{"taxonomy":"product_tag","embeddable":true,"href":"https:\/\/almacentecno.com.ar\/index.php\/wp-json\/wp\/v2\/product_tag?post=9692"}],"curies":[{"name":"wp","href":"https:\/\/api.w.org\/{rel}","templated":true}]}}