{"id":9673,"date":"2022-08-17T18:41:55","date_gmt":"2022-08-17T18:41:55","guid":{"rendered":"https:\/\/almacentecno.com.ar\/?post_type=product&#038;p=9673"},"modified":"2024-05-16T23:46:20","modified_gmt":"2024-05-16T23:46:20","slug":"auriculares-gamer-aitech-rgb-light-ps4","status":"publish","type":"product","link":"https:\/\/almacentecno.com.ar\/index.php\/product\/auriculares-gamer-aitech-rgb-light-ps4\/","title":{"rendered":"Auriculares Gamer Aitech  Rgb Light Ps4"},"content":{"rendered":"<p>Modelo: AI-GM101<br \/>\nSonido envolvente 3D y graves profundos \u2013 Contiene Luces LED, y posee controladores de altavoz de alta intensidad te da la experiencia inmersiva definitiva, te trae un campo de sonido v\u00edvido, claridad de sonido, sonido de sensaci\u00f3n de choque, perfecto para varios juegos como PUBG,<br \/>\nGod of War, Halo 5 Guardians, Fortnight, Call of Duty, CS: Go, OverWatch, World of Warcraft Legion, etc.<\/p>\n<p>Micr\u00f3fono con reducci\u00f3n de ruido, omnidireccional y flexible que te permite comunicarte claramente mientras est\u00e1s<br \/>\nen un juego, puede recoger sonidos con gran sensibilidad y quitar el ruido f\u00e1cilmente.<\/p>\n<p>Dise\u00f1o ergon\u00f3mico y f\u00e1cil ajuste de volumen: dise\u00f1o ligero y almohadillas suaves que proporcionan la<br \/>\nm\u00e1xima comodidad y ajuste individual y permiten largas sesiones de juego sin fatiga. Y<br \/>\nExcelente durabilidad, se adapta a todos los jugadores a cualquier edad.<br \/>\nCompatibilidad vers\u00e1til: soporte para PS4, Xbox One, PC, tel\u00e9fono<\/p>\n","protected":false},"excerpt":{"rendered":"<p>Modelo: AI-GM101 Sonido envolvente 3D y graves profundos \u2013 Contiene Luces LED, y posee controladores de altavoz de alta intensidad<\/p>\n","protected":false},"featured_media":9674,"comment_status":"open","ping_status":"closed","template":"","meta":{"_joinchat":[]},"product_cat":[20,28],"product_tag":[],"class_list":{"0":"post-9673","1":"product","2":"type-product","3":"status-publish","4":"has-post-thumbnail","6":"product_cat-auriculares","7":"product_cat-videojuegos","9":"first","10":"outofstock","11":"shipping-taxable","12":"purchasable","13":"product-type-simple"},"jetpack_sharing_enabled":true,"_links":{"self":[{"href":"https:\/\/almacentecno.com.ar\/index.php\/wp-json\/wp\/v2\/product\/9673"}],"collection":[{"href":"https:\/\/almacentecno.com.ar\/index.php\/wp-json\/wp\/v2\/product"}],"about":[{"href":"https:\/\/almacentecno.com.ar\/index.php\/wp-json\/wp\/v2\/types\/product"}],"replies":[{"embeddable":true,"href":"https:\/\/almacentecno.com.ar\/index.php\/wp-json\/wp\/v2\/comments?post=9673"}],"version-history":[{"count":1,"href":"https:\/\/almacentecno.com.ar\/index.php\/wp-json\/wp\/v2\/product\/9673\/revisions"}],"predecessor-version":[{"id":9676,"href":"https:\/\/almacentecno.com.ar\/index.php\/wp-json\/wp\/v2\/product\/9673\/revisions\/9676"}],"wp:featuredmedia":[{"embeddable":true,"href":"https:\/\/almacentecno.com.ar\/index.php\/wp-json\/wp\/v2\/media\/9674"}],"wp:attachment":[{"href":"https:\/\/almacentecno.com.ar\/index.php\/wp-json\/wp\/v2\/media?parent=9673"}],"wp:term":[{"taxonomy":"product_cat","embeddable":true,"href":"https:\/\/almacentecno.com.ar\/index.php\/wp-json\/wp\/v2\/product_cat?post=9673"},{"taxonomy":"product_tag","embeddable":true,"href":"https:\/\/almacentecno.com.ar\/index.php\/wp-json\/wp\/v2\/product_tag?post=9673"}],"curies":[{"name":"wp","href":"https:\/\/api.w.org\/{rel}","templated":true}]}}