{"id":9658,"date":"2022-08-17T14:58:23","date_gmt":"2022-08-17T14:58:23","guid":{"rendered":"https:\/\/almacentecno.com.ar\/?post_type=product&#038;p=9658"},"modified":"2025-01-08T00:01:18","modified_gmt":"2025-01-08T00:01:18","slug":"router-wifi-tp-link-300-mbps-2-ant-820n-nuevo-mod","status":"publish","type":"product","link":"https:\/\/almacentecno.com.ar\/index.php\/product\/router-wifi-tp-link-300-mbps-2-ant-820n-nuevo-mod\/","title":{"rendered":"Router Wifi Tp-link 300 Mbps 2 Ant 820n Nuevo Mod"},"content":{"rendered":"<p>Descripci\u00f3n y Especificaciones:<\/p>\n<p>Router Inal\u00e1mbrico N 300Mbps TL-WR820N<br \/>\n\u2022 Velocidad de transmisi\u00f3n Inal\u00e1mbrica de 300Mbps ideal tanto para las tareas sensibles a banda ancha y trabajo b\u00e1sico<br \/>\n\u2022 IPTV es compatible con IGMP Proxy \/ Snooping, Bridge y Tag VLAN para optimizar la transmisi\u00f3n de IPTV<br \/>\n\u2022 Compatible con IPv6 (Protocolo de Internet versi\u00f3n 6)<br \/>\n\u2022 La red de invitados proporciona acceso separado para los invitados mientras protege la red del host<br \/>\n\u2022 Los controles parentales administran cu\u00e1ndo y c\u00f3mo los dispositivos conectados pueden acceder a Internet<br \/>\n\u2022 Los protocolos de seguridad protegen su red dom\u00e9stica con firewalls y encriptaci\u00f3n inal\u00e1mbrica<\/p>\n<p>CARACTER\u00cdSTICAS DE HARDWARE<\/p>\n<p>Puertos<br \/>\n2 10\/100Mbps LAN Ports<br \/>\n1 10\/100Mbps WAN Port<\/p>\n<p>Bot\u00f3n<br \/>\nWPS\/Reset Button<\/p>\n<p>Fuente de Alimentaci\u00f3n Externa<br \/>\n5VDC \/ 0.6A<\/p>\n<p>Dimensiones (W X D X H)<br \/>\n6.1 x 4.5 x 1.4 in. (154 x 114 x 36mm)<\/p>\n<p>Antena<br \/>\n2 Fixed 5dBi Omni Directional Antennas<\/p>\n<p>CARACTER\u00cdSTICAS INAL\u00c1MBRICAS<\/p>\n<p>Est\u00e1ndares Inal\u00e1mbricos<br \/>\nIEEE 802.11n, IEEE 802.11g, IEEE 802.11b<\/p>\n<p>Frecuencia<br \/>\n2.412~2.472GHz<\/p>\n<p>Tasa de Se\u00f1al<br \/>\n11n: Up to 300Mbps(dynamic)<br \/>\n11g: Up to 54Mbps(dynamic)<br \/>\n11b: Up to 11Mbps(dynamic)<\/p>\n<p>Sensibilidad de Recepci\u00f3n<br \/>\n270M: -70dBm@10% PER<br \/>\n130M: -72dBm@10% PER<br \/>\n108M: -74dBm@10% PER<br \/>\n54M: -75dBm@10% PER<br \/>\n11M: -94dBm@8% PER<br \/>\n6M: -95dBm@8% PER<br \/>\n1M: -96dBm@8% PER<\/p>\n<p>Funciones Inal\u00e1mbricas<br \/>\nEnable\/Disable Wireless Radio, WMM, Wireless Statistics<\/p>\n<p>Seguridad Inal\u00e1mbrica<br \/>\nWEP, WPA \/ WPA2, WPA \/ WPA2-PSK<\/p>\n<p>CARACTER\u00cdSTICAS DE SOFTWARE<\/p>\n<p>Quality of Service<br \/>\nWMM, Bandwidth Control<\/p>\n<p>WAN Type<br \/>\nDynamic IP, Static IP, PPPoE, PPTP, L2TP<\/p>\n<p>Management<br \/>\nAccess Control, Local Management, Remote Management<\/p>\n<p>DHCP<br \/>\nServer, DHCP Client List<\/p>\n<p>Port Forwarding<br \/>\nVirtual Server, UPnP, DMZ<\/p>\n<p>Dynamic DNS<br \/>\nDynDns, NO-IP<\/p>\n<p>Access Control<br \/>\nParental Controls, Local Management Control, Host list,<br \/>\nAccess Schedule, Rule Management<\/p>\n<p>Firewall Security<br \/>\nSPI Firewall, IP and MAC Address Binding<\/p>\n<p>Protocols<br \/>\nIPv4, IPv6<\/p>\n<p>Guest Network<br \/>\n2.4GHz Guest Network<\/p>\n<p>Working Modes<br \/>\nWireless Router<\/p>\n<p>OTHERS<\/p>\n<p>Certification<br \/>\nCE, RoHS<\/p>\n<p>Package Contents<br \/>\n300Mbps Wi-Fi Router TL-WR820N<br \/>\nPower Adapter<br \/>\nRJ-45 Ethernet Cable<br \/>\nQuick Installation Guide<\/p>\n<p>System Requirements<br \/>\nMicrosoft Windows 10\/8.1\/8\/7\/Vista\/XP\/2000\/NT\/98SE, MAC OS, NetWare, UNIX or Linux<br \/>\nInternet Explorer 11, Firefox 12.0, Chrome 20.0, Safari 4.0, or other Java-enabled browser<br \/>\nCable or DSL Modem<br \/>\nSubscription with an internet service provider (for internet access)<\/p>\n<p>Environment<br \/>\nOperating Temperature: 0\u00baC-40\u00baC (32\u00baF-104\u00baF)<br \/>\nStorage Temperature: -40\u00baC-70\u00baC (-40\u00baF-158\u00baF)<br \/>\nOperating Humidity: 10%-90% non-condensing<br \/>\nStorage Humidity: 5%-90% non-condensing<\/p>\n","protected":false},"excerpt":{"rendered":"<p>Descripci\u00f3n y Especificaciones: Router Inal\u00e1mbrico N 300Mbps TL-WR820N \u2022 Velocidad de transmisi\u00f3n Inal\u00e1mbrica de 300Mbps ideal tanto para las tareas<\/p>\n","protected":false},"featured_media":9659,"comment_status":"open","ping_status":"closed","template":"","meta":{"_joinchat":[]},"product_cat":[75],"product_tag":[],"class_list":{"0":"post-9658","1":"product","2":"type-product","3":"status-publish","4":"has-post-thumbnail","6":"product_cat-computacion","8":"first","9":"outofstock","10":"shipping-taxable","11":"purchasable","12":"product-type-simple"},"jetpack_sharing_enabled":true,"_links":{"self":[{"href":"https:\/\/almacentecno.com.ar\/index.php\/wp-json\/wp\/v2\/product\/9658"}],"collection":[{"href":"https:\/\/almacentecno.com.ar\/index.php\/wp-json\/wp\/v2\/product"}],"about":[{"href":"https:\/\/almacentecno.com.ar\/index.php\/wp-json\/wp\/v2\/types\/product"}],"replies":[{"embeddable":true,"href":"https:\/\/almacentecno.com.ar\/index.php\/wp-json\/wp\/v2\/comments?post=9658"}],"version-history":[{"count":1,"href":"https:\/\/almacentecno.com.ar\/index.php\/wp-json\/wp\/v2\/product\/9658\/revisions"}],"predecessor-version":[{"id":9660,"href":"https:\/\/almacentecno.com.ar\/index.php\/wp-json\/wp\/v2\/product\/9658\/revisions\/9660"}],"wp:featuredmedia":[{"embeddable":true,"href":"https:\/\/almacentecno.com.ar\/index.php\/wp-json\/wp\/v2\/media\/9659"}],"wp:attachment":[{"href":"https:\/\/almacentecno.com.ar\/index.php\/wp-json\/wp\/v2\/media?parent=9658"}],"wp:term":[{"taxonomy":"product_cat","embeddable":true,"href":"https:\/\/almacentecno.com.ar\/index.php\/wp-json\/wp\/v2\/product_cat?post=9658"},{"taxonomy":"product_tag","embeddable":true,"href":"https:\/\/almacentecno.com.ar\/index.php\/wp-json\/wp\/v2\/product_tag?post=9658"}],"curies":[{"name":"wp","href":"https:\/\/api.w.org\/{rel}","templated":true}]}}