{"id":9652,"date":"2022-08-16T18:44:08","date_gmt":"2022-08-16T18:44:08","guid":{"rendered":"https:\/\/almacentecno.com.ar\/?post_type=product&#038;p=9652"},"modified":"2024-05-16T23:47:20","modified_gmt":"2024-05-16T23:47:20","slug":"auriculares-inalambricos-bluetooth-6s-caja-cargadora","status":"publish","type":"product","link":"https:\/\/almacentecno.com.ar\/index.php\/product\/auriculares-inalambricos-bluetooth-6s-caja-cargadora\/","title":{"rendered":"Auriculares Inal\u00e1mbricos Bluetooth 6s Caja Cargadora"},"content":{"rendered":"<p>NUEVOS MiPods (A6s)<br \/>\n***\u00daltima Generaci\u00f3n***<\/p>\n<p>La ***\u00daltima Generaci\u00f3n*** de Auriculares In Ear Bluetooth 5.0, brindan excelente Volumen y Calidad de Sonido, reproducci\u00f3n m\u00e1s R\u00e1pida y Estable. Super c\u00f3modos por su peque\u00f1o tama\u00f1o y ergonom\u00eda. Aptos para cualquier actividad. \u00a1Tambien sirven para Gaming!<\/p>\n<p>Caracter\u00edsticas:<\/p>\n<p>&#8211; Botones de Control: cambiar de canci\u00f3n, +- volumen, atender o colgar llamadas, Siri,<br \/>\nasistente de Google.<br \/>\n&#8211; Reduccion de Ruido Ambiental<br \/>\n&#8211; Resistente al polvo y al agua (impermeables)<br \/>\n&#8211; Bluetooth 5.0<br \/>\n&#8211; Distancia Bluetooth: 10m<br \/>\n&#8211; Tiempo de carga: de 1-2 horas aprox<br \/>\n&#8211; Duraci\u00f3n bateria m\u00fasica: 2,5 a 3 horas (depende volumen de uso)<br \/>\n&#8211; Duracion bateria llamada: 3 horas<br \/>\n&#8211; Bater\u00eda de litio 45 mAh &#8211; CARGAR COMO MAXIMO 2 hs.<br \/>\n&#8211; Caja Cargadora: Bater\u00eda de litio de pol\u00edmero 280 mAh<br \/>\n&#8211; Voltaje de trabajo: 3.2 &#8211; 4.2V<br \/>\n&#8211; Voltaje de carga: DC5V<br \/>\n&#8211; Frecuencia: 2.4-2.48GHz<br \/>\n&#8211; Ancho de banda de la bocina: 20-20 kHz<br \/>\n&#8211; Sensibilidad de la bocina: 105dB<br \/>\n&#8211; Sensibilidad del micr\u00f3fono: -42 +\/- 2db<\/p>\n<p>La caja Incluye:<br \/>\n&#8211; 1 x Auriculares Bluetooth (orejas izquierda y derecha)<br \/>\n&#8211; 1 x caja de carga<br \/>\n&#8211; 1 x manual de usuario<br \/>\n&#8211; 1 x cable de carga usb<br \/>\n&#8211; 4 x tama\u00f1os orejeras de goma<\/p>\n","protected":false},"excerpt":{"rendered":"<p>NUEVOS MiPods (A6s) ***\u00daltima Generaci\u00f3n*** La ***\u00daltima Generaci\u00f3n*** de Auriculares In Ear Bluetooth 5.0, brindan excelente Volumen y Calidad de<\/p>\n","protected":false},"featured_media":9654,"comment_status":"open","ping_status":"closed","template":"","meta":{"_joinchat":[]},"product_cat":[20],"product_tag":[],"class_list":{"0":"post-9652","1":"product","2":"type-product","3":"status-publish","4":"has-post-thumbnail","6":"product_cat-auriculares","8":"first","9":"outofstock","10":"shipping-taxable","11":"purchasable","12":"product-type-simple"},"jetpack_sharing_enabled":true,"_links":{"self":[{"href":"https:\/\/almacentecno.com.ar\/index.php\/wp-json\/wp\/v2\/product\/9652"}],"collection":[{"href":"https:\/\/almacentecno.com.ar\/index.php\/wp-json\/wp\/v2\/product"}],"about":[{"href":"https:\/\/almacentecno.com.ar\/index.php\/wp-json\/wp\/v2\/types\/product"}],"replies":[{"embeddable":true,"href":"https:\/\/almacentecno.com.ar\/index.php\/wp-json\/wp\/v2\/comments?post=9652"}],"version-history":[{"count":1,"href":"https:\/\/almacentecno.com.ar\/index.php\/wp-json\/wp\/v2\/product\/9652\/revisions"}],"predecessor-version":[{"id":9656,"href":"https:\/\/almacentecno.com.ar\/index.php\/wp-json\/wp\/v2\/product\/9652\/revisions\/9656"}],"wp:featuredmedia":[{"embeddable":true,"href":"https:\/\/almacentecno.com.ar\/index.php\/wp-json\/wp\/v2\/media\/9654"}],"wp:attachment":[{"href":"https:\/\/almacentecno.com.ar\/index.php\/wp-json\/wp\/v2\/media?parent=9652"}],"wp:term":[{"taxonomy":"product_cat","embeddable":true,"href":"https:\/\/almacentecno.com.ar\/index.php\/wp-json\/wp\/v2\/product_cat?post=9652"},{"taxonomy":"product_tag","embeddable":true,"href":"https:\/\/almacentecno.com.ar\/index.php\/wp-json\/wp\/v2\/product_tag?post=9652"}],"curies":[{"name":"wp","href":"https:\/\/api.w.org\/{rel}","templated":true}]}}