{"id":9628,"date":"2022-08-16T02:18:00","date_gmt":"2022-08-16T02:18:00","guid":{"rendered":"https:\/\/almacentecno.com.ar\/?post_type=product&#038;p=9628"},"modified":"2025-05-24T21:12:03","modified_gmt":"2025-05-24T21:12:03","slug":"parlante-greatnice-2x65","status":"publish","type":"product","link":"https:\/\/almacentecno.com.ar\/index.php\/product\/parlante-greatnice-2x65\/","title":{"rendered":"PARLANTE PORTATIL BLUETOOTH GREATNICE 6,5&#8243;"},"content":{"rendered":"<p>PARLANTE PORTATIL DOBLE 6.5&#8243; BLUETOOTH GTS-1565<\/p>\n<p>Para Tarjeta de Memoria: S\u00ed<br \/>\nParlante tipo: Port\u00e1til<br \/>\nPotencia de salida: 15W REALES<br \/>\nMaterial del Parlante: Pl\u00e1stico<br \/>\nRango de Frecuencias: 100Hz-20KHz<br \/>\nEstilo: 6,5 pulgadas doble altavoces<br \/>\nCapacidad de la bater\u00eda: 1200mAh<br \/>\nAccesorios: Cable micro USB<\/p>\n<p>Funci\u00f3n: USB\/TF\/FM\/TWS\/micr\u00f3fonoPara toda ocasi\u00f3n<br \/>\nDisfrutar de un amplio espectro de sonidos tanto en la reproducci\u00f3n de voces como de notas musicales es posible con este parlante woofer. Dejate asombrar con su excelente desempe\u00f1o sonoro en pel\u00edculas, series y en tus playlists favoritas.<\/p>\n<p>Olvidate del amplificador<br \/>\nAl ser activo solo necesitar\u00e1s conectarlo a la fuente de sonido y el mismo equipo se encargar\u00e1 de amplificar y reproducir: ganar\u00e1s practicidad y espacio, ya que adem\u00e1s requiere menos cableado que uno pasivo. Es la soluci\u00f3n m\u00e1s conveniente si quer\u00e9s producir m\u00fasica en tu casa o en un estudio, y tambi\u00e9n para DJs.<\/p>\n","protected":false},"excerpt":{"rendered":"<p>PARLANTE PORTATIL DOBLE 6.5&#8243; BLUETOOTH GTS-1565 Para Tarjeta de Memoria: S\u00ed Parlante tipo: Port\u00e1til Potencia de salida: 15W REALES Material<\/p>\n","protected":false},"featured_media":10686,"comment_status":"open","ping_status":"closed","template":"","meta":{"_joinchat":[]},"product_cat":[78],"product_tag":[],"class_list":{"0":"post-9628","1":"product","2":"type-product","3":"status-publish","4":"has-post-thumbnail","6":"product_cat-equipos-de-sonido","8":"first","9":"outofstock","10":"shipping-taxable","11":"purchasable","12":"product-type-simple"},"jetpack_sharing_enabled":true,"_links":{"self":[{"href":"https:\/\/almacentecno.com.ar\/index.php\/wp-json\/wp\/v2\/product\/9628"}],"collection":[{"href":"https:\/\/almacentecno.com.ar\/index.php\/wp-json\/wp\/v2\/product"}],"about":[{"href":"https:\/\/almacentecno.com.ar\/index.php\/wp-json\/wp\/v2\/types\/product"}],"replies":[{"embeddable":true,"href":"https:\/\/almacentecno.com.ar\/index.php\/wp-json\/wp\/v2\/comments?post=9628"}],"version-history":[{"count":3,"href":"https:\/\/almacentecno.com.ar\/index.php\/wp-json\/wp\/v2\/product\/9628\/revisions"}],"predecessor-version":[{"id":10687,"href":"https:\/\/almacentecno.com.ar\/index.php\/wp-json\/wp\/v2\/product\/9628\/revisions\/10687"}],"wp:featuredmedia":[{"embeddable":true,"href":"https:\/\/almacentecno.com.ar\/index.php\/wp-json\/wp\/v2\/media\/10686"}],"wp:attachment":[{"href":"https:\/\/almacentecno.com.ar\/index.php\/wp-json\/wp\/v2\/media?parent=9628"}],"wp:term":[{"taxonomy":"product_cat","embeddable":true,"href":"https:\/\/almacentecno.com.ar\/index.php\/wp-json\/wp\/v2\/product_cat?post=9628"},{"taxonomy":"product_tag","embeddable":true,"href":"https:\/\/almacentecno.com.ar\/index.php\/wp-json\/wp\/v2\/product_tag?post=9628"}],"curies":[{"name":"wp","href":"https:\/\/api.w.org\/{rel}","templated":true}]}}