{"id":9621,"date":"2022-08-16T02:07:29","date_gmt":"2022-08-16T02:07:29","guid":{"rendered":"https:\/\/almacentecno.com.ar\/?post_type=product&#038;p=9621"},"modified":"2024-05-20T20:45:57","modified_gmt":"2024-05-20T20:45:57","slug":"parlante-4-pulgadas-aitech-boom-800w-bluetooth","status":"publish","type":"product","link":"https:\/\/almacentecno.com.ar\/index.php\/product\/parlante-4-pulgadas-aitech-boom-800w-bluetooth\/","title":{"rendered":"Parlante 4 Pulgadas Aitech Boom 800w Bluetooth"},"content":{"rendered":"<p>PARLANTE AITECH BOOM 4&#8243; BLUETOOTH 5.0 8W<\/p>\n<p>Modelo: BOOM<br \/>\nTama\u00f1o: 4 Pulgadas<br \/>\nVersi\u00f3n del Bluetooth: 5.0<br \/>\nCanal: Est\u00e9reo<br \/>\nPotencia: 80W<br \/>\nInput auxiliar 3.5mm<br \/>\nTWS: 1+1<br \/>\nUSB MP3 Player\/Micro SD<br \/>\nParty Light<br \/>\nMedidas: 135 x 93 x 210mm<\/p>\n","protected":false},"excerpt":{"rendered":"<p>PARLANTE AITECH BOOM 4&#8243; BLUETOOTH 5.0 8W Modelo: BOOM Tama\u00f1o: 4 Pulgadas Versi\u00f3n del Bluetooth: 5.0 Canal: Est\u00e9reo Potencia: 80W<\/p>\n","protected":false},"featured_media":9623,"comment_status":"open","ping_status":"closed","template":"","meta":{"_joinchat":[]},"product_cat":[78],"product_tag":[],"class_list":{"0":"post-9621","1":"product","2":"type-product","3":"status-publish","4":"has-post-thumbnail","6":"product_cat-equipos-de-sonido","8":"first","9":"outofstock","10":"shipping-taxable","11":"purchasable","12":"product-type-simple"},"jetpack_sharing_enabled":true,"_links":{"self":[{"href":"https:\/\/almacentecno.com.ar\/index.php\/wp-json\/wp\/v2\/product\/9621"}],"collection":[{"href":"https:\/\/almacentecno.com.ar\/index.php\/wp-json\/wp\/v2\/product"}],"about":[{"href":"https:\/\/almacentecno.com.ar\/index.php\/wp-json\/wp\/v2\/types\/product"}],"replies":[{"embeddable":true,"href":"https:\/\/almacentecno.com.ar\/index.php\/wp-json\/wp\/v2\/comments?post=9621"}],"version-history":[{"count":1,"href":"https:\/\/almacentecno.com.ar\/index.php\/wp-json\/wp\/v2\/product\/9621\/revisions"}],"predecessor-version":[{"id":9624,"href":"https:\/\/almacentecno.com.ar\/index.php\/wp-json\/wp\/v2\/product\/9621\/revisions\/9624"}],"wp:featuredmedia":[{"embeddable":true,"href":"https:\/\/almacentecno.com.ar\/index.php\/wp-json\/wp\/v2\/media\/9623"}],"wp:attachment":[{"href":"https:\/\/almacentecno.com.ar\/index.php\/wp-json\/wp\/v2\/media?parent=9621"}],"wp:term":[{"taxonomy":"product_cat","embeddable":true,"href":"https:\/\/almacentecno.com.ar\/index.php\/wp-json\/wp\/v2\/product_cat?post=9621"},{"taxonomy":"product_tag","embeddable":true,"href":"https:\/\/almacentecno.com.ar\/index.php\/wp-json\/wp\/v2\/product_tag?post=9621"}],"curies":[{"name":"wp","href":"https:\/\/api.w.org\/{rel}","templated":true}]}}