{"id":9614,"date":"2022-08-16T01:51:05","date_gmt":"2022-08-16T01:51:05","guid":{"rendered":"https:\/\/almacentecno.com.ar\/?post_type=product&#038;p=9614"},"modified":"2025-01-08T00:03:26","modified_gmt":"2025-01-08T00:03:26","slug":"microfono-pc-gamer-streaming-noga","status":"publish","type":"product","link":"https:\/\/almacentecno.com.ar\/index.php\/product\/microfono-pc-gamer-streaming-noga\/","title":{"rendered":"Microfono Pc Gamer Streaming Noga"},"content":{"rendered":"<p>MICR\u00d3FONO STREAMER HI-FI OMNIDIRECCIONAL<\/p>\n<p>Micr\u00f3fono de Alta Gama ideal para cantar, grabar y hacer streaming.<br \/>\nOmnidireccional, capaz de recoger sonidos desde cualquier direcci\u00f3n.<br \/>\nExcelente circuito de procesamiento de audio que garantiza Alta Fidelidad y baja distorsi\u00f3n.<br \/>\nRespuesta de frecuencia extendida que mejora la resoluci\u00f3n de detalles ac\u00fasticos complejos.<br \/>\nConexi\u00f3n a PC por miniplug 3.5mm Stereo &#8220;Plug &amp; Play&#8221;.<br \/>\nDise\u00f1o Cl\u00e1sico Profesional con terminaci\u00f3n en Rubber Finish.<br \/>\nIncluye Tr\u00edpode de metal plegable, Soporte flotante para el Mic. y Filtro Anti Pop.<br \/>\nDale a tus Streams el sonido que se merecen.<\/p>\n<p>&#8211; Marca: Noga<br \/>\n&#8211; Modelo: MIC-ST02<br \/>\n&#8211; Micr\u00f3fono Streamer Hi-Fi Omnidireccional<br \/>\n&#8211; Excelente circuito de procesamiento de audio que garantiza Alta Fidelidad y baja distorsi\u00f3n<br \/>\n&#8211; Respuesta de frecuencia extendida a 50 KHz que mejora la resoluci\u00f3n de detalles ac\u00fasticos complejos<br \/>\n&#8211; Conector miniplug 3.5mm Stereo &#8220;Plug &amp; Play&#8221;<br \/>\n&#8211; Longitud del cable: 1,8 metros<br \/>\n&#8211; Dise\u00f1o Cl\u00e1sico Profesional con terminaci\u00f3n en Rubber Finish<br \/>\n&#8211; Incluye Tr\u00edpode de metal plegable con Soporte flotante para el Mic. y Filtro Anti Pop<br \/>\n&#8211; Compatible con Windows 7 o superiores<br \/>\n&#8211; Medidas (armado completo): 26 cm. (Alto) x 19 cm. (Ancho) x 19 cm. (Profundidad)<\/p>\n","protected":false},"excerpt":{"rendered":"<p>MICR\u00d3FONO STREAMER HI-FI OMNIDIRECCIONAL Micr\u00f3fono de Alta Gama ideal para cantar, grabar y hacer streaming. Omnidireccional, capaz de recoger sonidos<\/p>\n","protected":false},"featured_media":9615,"comment_status":"open","ping_status":"closed","template":"","meta":{"_joinchat":[]},"product_cat":[75,78],"product_tag":[],"class_list":{"0":"post-9614","1":"product","2":"type-product","3":"status-publish","4":"has-post-thumbnail","6":"product_cat-computacion","7":"product_cat-equipos-de-sonido","9":"first","10":"outofstock","11":"shipping-taxable","12":"purchasable","13":"product-type-simple"},"jetpack_sharing_enabled":true,"_links":{"self":[{"href":"https:\/\/almacentecno.com.ar\/index.php\/wp-json\/wp\/v2\/product\/9614"}],"collection":[{"href":"https:\/\/almacentecno.com.ar\/index.php\/wp-json\/wp\/v2\/product"}],"about":[{"href":"https:\/\/almacentecno.com.ar\/index.php\/wp-json\/wp\/v2\/types\/product"}],"replies":[{"embeddable":true,"href":"https:\/\/almacentecno.com.ar\/index.php\/wp-json\/wp\/v2\/comments?post=9614"}],"version-history":[{"count":1,"href":"https:\/\/almacentecno.com.ar\/index.php\/wp-json\/wp\/v2\/product\/9614\/revisions"}],"predecessor-version":[{"id":9617,"href":"https:\/\/almacentecno.com.ar\/index.php\/wp-json\/wp\/v2\/product\/9614\/revisions\/9617"}],"wp:featuredmedia":[{"embeddable":true,"href":"https:\/\/almacentecno.com.ar\/index.php\/wp-json\/wp\/v2\/media\/9615"}],"wp:attachment":[{"href":"https:\/\/almacentecno.com.ar\/index.php\/wp-json\/wp\/v2\/media?parent=9614"}],"wp:term":[{"taxonomy":"product_cat","embeddable":true,"href":"https:\/\/almacentecno.com.ar\/index.php\/wp-json\/wp\/v2\/product_cat?post=9614"},{"taxonomy":"product_tag","embeddable":true,"href":"https:\/\/almacentecno.com.ar\/index.php\/wp-json\/wp\/v2\/product_tag?post=9614"}],"curies":[{"name":"wp","href":"https:\/\/api.w.org\/{rel}","templated":true}]}}