{"id":9607,"date":"2022-08-16T01:39:04","date_gmt":"2022-08-16T01:39:04","guid":{"rendered":"https:\/\/almacentecno.com.ar\/?post_type=product&#038;p=9607"},"modified":"2025-10-21T23:37:39","modified_gmt":"2025-10-21T23:37:39","slug":"luces-luz-de-emergencia-30-bateria-recargable-blanca-220v","status":"publish","type":"product","link":"https:\/\/almacentecno.com.ar\/index.php\/product\/luces-luz-de-emergencia-30-bateria-recargable-blanca-220v\/","title":{"rendered":"Luces Luz De Emergencia 30  Bateria Recargable Blanca 220v"},"content":{"rendered":"<p>Luces Luz De Emergencia 30 Leds Recargable USB 220v<\/p>\n<p>Ideal para emergencias en escaleras de edificios, hoteles, locales, comercios, salones de fiestas, s\u00f3tanos, colegios, casas, etc.<\/p>\n<p>&#8211; Preparada ante un apag\u00f3n<br \/>\n&#8211; Bater\u00eda recargable 3.7V Li-lion 1800 mAH<br \/>\n&#8211; Cable de carga extra largo 80 cm<br \/>\n&#8211; 80% de ahorro de energ\u00eda a comparaci\u00f3n de las l\u00e1mparas hal\u00f3genas convencionales<br \/>\n&#8211; Apta para habilitaci\u00f3n comercial y edilicia<br \/>\n&#8211; Posee una manija extra\u00edble para su transporte<br \/>\n&#8211; Se Puede amurar a la pared<br \/>\n&#8211; Libre de mantenimiento<br \/>\n&#8211; F\u00e1cil de colgar<br \/>\n&#8211; Tama\u00f1o port\u00e1til<\/p>\n<p>SE ENTREGA CON:<br \/>\n&#8211; Luz de emergencia 30 LEDs<br \/>\n&#8211; Cable USB de carga<br \/>\n&#8211; Adaptador\/cubo USB para su conexi\u00f3n a la corriente<br \/>\n&#8211; Manual de usuario<\/p>\n","protected":false},"excerpt":{"rendered":"<p>Luces Luz De Emergencia 30 Leds Recargable USB 220v Ideal para emergencias en escaleras de edificios, hoteles, locales, comercios, salones<\/p>\n","protected":false},"featured_media":9608,"comment_status":"open","ping_status":"closed","template":"","meta":{"_joinchat":[]},"product_cat":[42],"product_tag":[],"class_list":{"0":"post-9607","1":"product","2":"type-product","3":"status-publish","4":"has-post-thumbnail","6":"product_cat-iluminacion","8":"first","9":"instock","10":"shipping-taxable","11":"purchasable","12":"product-type-simple"},"jetpack_sharing_enabled":true,"_links":{"self":[{"href":"https:\/\/almacentecno.com.ar\/index.php\/wp-json\/wp\/v2\/product\/9607"}],"collection":[{"href":"https:\/\/almacentecno.com.ar\/index.php\/wp-json\/wp\/v2\/product"}],"about":[{"href":"https:\/\/almacentecno.com.ar\/index.php\/wp-json\/wp\/v2\/types\/product"}],"replies":[{"embeddable":true,"href":"https:\/\/almacentecno.com.ar\/index.php\/wp-json\/wp\/v2\/comments?post=9607"}],"version-history":[{"count":2,"href":"https:\/\/almacentecno.com.ar\/index.php\/wp-json\/wp\/v2\/product\/9607\/revisions"}],"predecessor-version":[{"id":9611,"href":"https:\/\/almacentecno.com.ar\/index.php\/wp-json\/wp\/v2\/product\/9607\/revisions\/9611"}],"wp:featuredmedia":[{"embeddable":true,"href":"https:\/\/almacentecno.com.ar\/index.php\/wp-json\/wp\/v2\/media\/9608"}],"wp:attachment":[{"href":"https:\/\/almacentecno.com.ar\/index.php\/wp-json\/wp\/v2\/media?parent=9607"}],"wp:term":[{"taxonomy":"product_cat","embeddable":true,"href":"https:\/\/almacentecno.com.ar\/index.php\/wp-json\/wp\/v2\/product_cat?post=9607"},{"taxonomy":"product_tag","embeddable":true,"href":"https:\/\/almacentecno.com.ar\/index.php\/wp-json\/wp\/v2\/product_tag?post=9607"}],"curies":[{"name":"wp","href":"https:\/\/api.w.org\/{rel}","templated":true}]}}