{"id":9590,"date":"2022-08-11T14:51:42","date_gmt":"2022-08-11T14:51:42","guid":{"rendered":"https:\/\/almacentecno.com.ar\/?post_type=product&#038;p=9590"},"modified":"2026-02-20T21:26:49","modified_gmt":"2026-02-20T21:26:49","slug":"auriculares-hp-in-ear-c-microfono-control-volumen-1112-htec","status":"publish","type":"product","link":"https:\/\/almacentecno.com.ar\/index.php\/product\/auriculares-hp-in-ear-c-microfono-control-volumen-1112-htec\/","title":{"rendered":"Auriculares Hp In Ear C\/ Microfono Control Volumen 1112 Htec"},"content":{"rendered":"<p>Auriculares In Ear Manos Libres con Micr\u00f3fono Y Control De Volumen 1\u00b0 HP<\/p>\n<p>HP : DHH-1112<\/p>\n<p>========================================<\/p>\n<p>La nueva l\u00ednea de HP lleg\u00f3 para quedarse, tecnolog\u00eda de primer nivel para gaming y oficinas<br \/>\nPuede utilizarse en celulares c\u00f3mo tambi\u00e9n en PC, Laptop, PS4 y Xbox<\/p>\n<p>\u2022 Stereo Deep Bass<br \/>\n\u2022 Tecnolog\u00eda de recubrimiento de cable que previene enredos<br \/>\n\u2022 Entrada Auxiliar 3.5mm<br \/>\n\u2022 Funci\u00f3n manos libres para hablar por celular<br \/>\n\u2022 Cable de 1,1m<br \/>\n\u2022 Micr\u00f3fono omnidireccional incorporado<\/p>\n<p>Potencia: 3mW S<br \/>\nFrecuencia:20Hz &#8211; 20KHz<br \/>\nSensibilidad:98dB \u00b1 3dB<\/p>\n<p>INCLUYE :<br \/>\nAURICULAR DHH-1112<br \/>\n100% NUEVO CON CAJA CERRADA<\/p>\n","protected":false},"excerpt":{"rendered":"<p>Auriculares In Ear Manos Libres con Micr\u00f3fono Y Control De Volumen 1\u00b0 HP HP : DHH-1112 ======================================== La nueva l\u00ednea<\/p>\n","protected":false},"featured_media":9591,"comment_status":"open","ping_status":"closed","template":"","meta":{"_joinchat":[]},"product_cat":[20],"product_tag":[],"class_list":{"0":"post-9590","1":"product","2":"type-product","3":"status-publish","4":"has-post-thumbnail","6":"product_cat-auriculares","8":"first","9":"instock","10":"shipping-taxable","11":"purchasable","12":"product-type-simple"},"jetpack_sharing_enabled":true,"_links":{"self":[{"href":"https:\/\/almacentecno.com.ar\/index.php\/wp-json\/wp\/v2\/product\/9590"}],"collection":[{"href":"https:\/\/almacentecno.com.ar\/index.php\/wp-json\/wp\/v2\/product"}],"about":[{"href":"https:\/\/almacentecno.com.ar\/index.php\/wp-json\/wp\/v2\/types\/product"}],"replies":[{"embeddable":true,"href":"https:\/\/almacentecno.com.ar\/index.php\/wp-json\/wp\/v2\/comments?post=9590"}],"version-history":[{"count":1,"href":"https:\/\/almacentecno.com.ar\/index.php\/wp-json\/wp\/v2\/product\/9590\/revisions"}],"predecessor-version":[{"id":9594,"href":"https:\/\/almacentecno.com.ar\/index.php\/wp-json\/wp\/v2\/product\/9590\/revisions\/9594"}],"wp:featuredmedia":[{"embeddable":true,"href":"https:\/\/almacentecno.com.ar\/index.php\/wp-json\/wp\/v2\/media\/9591"}],"wp:attachment":[{"href":"https:\/\/almacentecno.com.ar\/index.php\/wp-json\/wp\/v2\/media?parent=9590"}],"wp:term":[{"taxonomy":"product_cat","embeddable":true,"href":"https:\/\/almacentecno.com.ar\/index.php\/wp-json\/wp\/v2\/product_cat?post=9590"},{"taxonomy":"product_tag","embeddable":true,"href":"https:\/\/almacentecno.com.ar\/index.php\/wp-json\/wp\/v2\/product_tag?post=9590"}],"curies":[{"name":"wp","href":"https:\/\/api.w.org\/{rel}","templated":true}]}}