{"id":9586,"date":"2022-08-11T13:58:25","date_gmt":"2022-08-11T13:58:25","guid":{"rendered":"https:\/\/almacentecno.com.ar\/?post_type=product&#038;p=9586"},"modified":"2024-05-16T23:46:35","modified_gmt":"2024-05-16T23:46:35","slug":"auriculares-hp-in-ear-c-microfono-control-volumen-7000","status":"publish","type":"product","link":"https:\/\/almacentecno.com.ar\/index.php\/product\/auriculares-hp-in-ear-c-microfono-control-volumen-7000\/","title":{"rendered":"Auriculares Hp In Ear C\/ Microfono Control Volumen 7000"},"content":{"rendered":"<p>Auriculares In Ear Con Mic Y Control De Volumen Para Ps4 Smartphone 1\u00b0 HP<\/p>\n<p>HP : DHE-7000<\/p>\n<p>========================================<\/p>\n<p>La nueva l\u00ednea de HP lleg\u00f3 para quedarse, tecnolog\u00eda de primer nivel para gaming y oficinas<br \/>\nPuede utilizarse en celulares c\u00f3mo tambi\u00e9n en PC, Laptop, PS4 y Xbox<\/p>\n<p>Especificaciones :<br \/>\n\u2022 Smartphone, PC, Laptop, PS4 y Xbox<br \/>\n\u2022 Stereo Deep Bass con micr\u00f3fono<br \/>\n\u2022 Bot\u00f3n Smart incorporado<br \/>\n\u2022 Entrada Auxiliar 3.5mm<br \/>\n\u2022 Funci\u00f3n manos libres para hablar por celular<br \/>\n\u2022 Cable de 1,1m<br \/>\n\u2022 Micr\u00f3fono omnidireccional<br \/>\n\u2022 Potencia: 3mW S<br \/>\n\u2022 Frecuencia:20Hz &#8211; 20KHz<br \/>\n\u2022 Sensibilidad:90dB \u00b1 3dB<\/p>\n<p>INCLUYE :<br \/>\nAURICULAR DHE-7000<br \/>\n100% NUEVO CON CAJA CERRADA<\/p>\n","protected":false},"excerpt":{"rendered":"<p>Auriculares In Ear Con Mic Y Control De Volumen Para Ps4 Smartphone 1\u00b0 HP HP : DHE-7000 ======================================== La nueva<\/p>\n","protected":false},"featured_media":9587,"comment_status":"open","ping_status":"closed","template":"","meta":{"_joinchat":[]},"product_cat":[20],"product_tag":[],"class_list":{"0":"post-9586","1":"product","2":"type-product","3":"status-publish","4":"has-post-thumbnail","6":"product_cat-auriculares","8":"first","9":"outofstock","10":"shipping-taxable","11":"purchasable","12":"product-type-simple"},"jetpack_sharing_enabled":true,"_links":{"self":[{"href":"https:\/\/almacentecno.com.ar\/index.php\/wp-json\/wp\/v2\/product\/9586"}],"collection":[{"href":"https:\/\/almacentecno.com.ar\/index.php\/wp-json\/wp\/v2\/product"}],"about":[{"href":"https:\/\/almacentecno.com.ar\/index.php\/wp-json\/wp\/v2\/types\/product"}],"replies":[{"embeddable":true,"href":"https:\/\/almacentecno.com.ar\/index.php\/wp-json\/wp\/v2\/comments?post=9586"}],"version-history":[{"count":1,"href":"https:\/\/almacentecno.com.ar\/index.php\/wp-json\/wp\/v2\/product\/9586\/revisions"}],"predecessor-version":[{"id":9589,"href":"https:\/\/almacentecno.com.ar\/index.php\/wp-json\/wp\/v2\/product\/9586\/revisions\/9589"}],"wp:featuredmedia":[{"embeddable":true,"href":"https:\/\/almacentecno.com.ar\/index.php\/wp-json\/wp\/v2\/media\/9587"}],"wp:attachment":[{"href":"https:\/\/almacentecno.com.ar\/index.php\/wp-json\/wp\/v2\/media?parent=9586"}],"wp:term":[{"taxonomy":"product_cat","embeddable":true,"href":"https:\/\/almacentecno.com.ar\/index.php\/wp-json\/wp\/v2\/product_cat?post=9586"},{"taxonomy":"product_tag","embeddable":true,"href":"https:\/\/almacentecno.com.ar\/index.php\/wp-json\/wp\/v2\/product_tag?post=9586"}],"curies":[{"name":"wp","href":"https:\/\/api.w.org\/{rel}","templated":true}]}}