{"id":9557,"date":"2022-08-05T01:53:53","date_gmt":"2022-08-05T01:53:53","guid":{"rendered":"https:\/\/almacentecno.com.ar\/?post_type=product&#038;p=9557"},"modified":"2025-05-19T17:12:40","modified_gmt":"2025-05-19T17:12:40","slug":"consola-portatil-videojuego-alien","status":"publish","type":"product","link":"https:\/\/almacentecno.com.ar\/index.php\/product\/consola-portatil-videojuego-alien\/","title":{"rendered":"Consola portatil SEGA con cartuchos de juegos"},"content":{"rendered":"<p>Video Juego Port\u00e1til<br \/>\n&#8211; Con tu consola tendr\u00e1s entretenimiento asegurado todos los d\u00edas.<br \/>\n&#8211; Esta mini consola port\u00e1til con mas de 500 juegos incluidos, es un sistema de entretenimiento port\u00e1til verdaderamente integrado con un tama\u00f1o ideal para disfrutar de los en cualquier lugar y en cualquier momento.<br \/>\n&#8211; Para una mayor experiencia puedes conectar la consola a la pantalla del televisor y as\u00ed podr\u00e1s jugar los juegos en pantalla grande cuando te encuentres en casa.<br \/>\n&#8211; Pantalla: LCD HD de 2,8 pulgadas.<br \/>\n&#8211; Bater\u00eda: Li-ion 700mAh.<br \/>\n&#8211; Altavoz incorporado: s\u00ed<br \/>\n&#8211; 1 TARJETA con juegos cl\u00e1sicos.<\/p>\n<p><strong><u>INCLUYE:<\/u><\/strong><\/p>\n<ul>\n<li>CONSOLA<\/li>\n<li>CABLES DE CONEXI\u00d3N<\/li>\n<li>JUEGOS CLASICOS INCORPORADOS: <strong>M\u00c1S DE 500\u00a0JUEGOS<\/strong><\/li>\n<li>2 CASSETE CON JUEGOS INCLUIDOS (+ DE 1000 JUEGOS)<\/li>\n<li>MANUAL DE USO<\/li>\n<li>COLOR VERDE<\/li>\n<\/ul>\n<p>&nbsp;<\/p>\n","protected":false},"excerpt":{"rendered":"<p>Video Juego Port\u00e1til &#8211; Con tu consola tendr\u00e1s entretenimiento asegurado todos los d\u00edas. &#8211; Esta mini consola port\u00e1til con mas<\/p>\n","protected":false},"featured_media":10659,"comment_status":"open","ping_status":"closed","template":"","meta":{"_joinchat":[]},"product_cat":[28],"product_tag":[],"class_list":{"0":"post-9557","1":"product","2":"type-product","3":"status-publish","4":"has-post-thumbnail","6":"product_cat-videojuegos","8":"first","9":"instock","10":"shipping-taxable","11":"purchasable","12":"product-type-simple"},"jetpack_sharing_enabled":true,"_links":{"self":[{"href":"https:\/\/almacentecno.com.ar\/index.php\/wp-json\/wp\/v2\/product\/9557"}],"collection":[{"href":"https:\/\/almacentecno.com.ar\/index.php\/wp-json\/wp\/v2\/product"}],"about":[{"href":"https:\/\/almacentecno.com.ar\/index.php\/wp-json\/wp\/v2\/types\/product"}],"replies":[{"embeddable":true,"href":"https:\/\/almacentecno.com.ar\/index.php\/wp-json\/wp\/v2\/comments?post=9557"}],"version-history":[{"count":4,"href":"https:\/\/almacentecno.com.ar\/index.php\/wp-json\/wp\/v2\/product\/9557\/revisions"}],"predecessor-version":[{"id":10661,"href":"https:\/\/almacentecno.com.ar\/index.php\/wp-json\/wp\/v2\/product\/9557\/revisions\/10661"}],"wp:featuredmedia":[{"embeddable":true,"href":"https:\/\/almacentecno.com.ar\/index.php\/wp-json\/wp\/v2\/media\/10659"}],"wp:attachment":[{"href":"https:\/\/almacentecno.com.ar\/index.php\/wp-json\/wp\/v2\/media?parent=9557"}],"wp:term":[{"taxonomy":"product_cat","embeddable":true,"href":"https:\/\/almacentecno.com.ar\/index.php\/wp-json\/wp\/v2\/product_cat?post=9557"},{"taxonomy":"product_tag","embeddable":true,"href":"https:\/\/almacentecno.com.ar\/index.php\/wp-json\/wp\/v2\/product_tag?post=9557"}],"curies":[{"name":"wp","href":"https:\/\/api.w.org\/{rel}","templated":true}]}}