{"id":9536,"date":"2022-08-05T01:16:04","date_gmt":"2022-08-05T01:16:04","guid":{"rendered":"https:\/\/almacentecno.com.ar\/?post_type=product&#038;p=9536"},"modified":"2024-11-04T20:07:13","modified_gmt":"2024-11-04T20:07:13","slug":"auricular-bluetooth-ear-pods-noga-22","status":"publish","type":"product","link":"https:\/\/almacentecno.com.ar\/index.php\/product\/auricular-bluetooth-ear-pods-noga-22\/","title":{"rendered":"Auriculares Noga Ng-Btwins 24 Bt Earbuds"},"content":{"rendered":"<p>Auriculares Noga Ng-Btwins 24 Bt Earbuds<\/p>\n<p>NG-BTWINS 24 te brinda una absoluta comodidad y control total gracias a su Dise\u00f1o de Avanzada &#8220;Ultra-Small&#8221; que lo hace absolutamente c\u00f3modo y portable.<br \/>\nGracias a su &#8220;Bot\u00f3n Multifunci\u00f3n&#8221; en cada Auricular funcionan con una simple pulsaci\u00f3n y permiten controlarlos con total seguridad.<br \/>\nSu Tecnolog\u00eda TWS (True Wireless Stereo) te brinda un Audio de Alta Resoluci\u00f3n y podr\u00e1s disfrutar de un sonido envolvente de nueva generaci\u00f3n.<br \/>\nTambi\u00e9n cuentan con Sistema de Manos Libres para recepci\u00f3n de llamadas de tu Smartphone.<br \/>\nTe brindan total libertad de movimiento y total comodidad, tanto en tu hogar como en exteriores.<br \/>\nIncluyen Estuche\/Cargador que recarga los Auriculares por USB Type-C conectado a un Adaptador 220V o a una PC.<br \/>\nY LED de conexi\u00f3n en cada Auricular.<br \/>\nDisponibles en 4 colores: Blanco, Dorado, Rojo Metalizado, Negro.<br \/>\nViv\u00ed una nueva experiencia en Auriculares Inal\u00e1mbricos.<\/p>\n<ul>\n<li>Auriculares con Tecnolog\u00eda TWS (True Wireless Stereo)<\/li>\n<li>Tecnolog\u00eda Inal\u00e1mbrica versi\u00f3n 5.0 + EDR<\/li>\n<li>Recepci\u00f3n Inal\u00e1mbrica con alcance de hasta 10 metros<\/li>\n<li>&#8220;Bot\u00f3n Multifunci\u00f3n&#8221;: Control de Volumen, Play\/Pause, Anterior\/Siguiente y Recepci\u00f3n de Llamadas en ambos Auriculares<\/li>\n<li>Atiende llamadas por Sistema de Manos Libres con Micr\u00f3fono en cada Auricular<\/li>\n<li>Estuche\/Cargador con capacidad de carga de 300mAh<\/li>\n<li>Funcionan con Bater\u00eda de 40mAh en cada Auricular<\/li>\n<li>Recarga a trav\u00e9s de 2 mini-polos por cada Auricular<\/li>\n<li>Tiempo de carga: 1 a 2 horas<\/li>\n<li>Incluyen Cable USB\/USB Type-C DC 5V para recarga de Bater\u00eda que se conecta a un Adaptador 220V o a una PCDise\u00f1o de Avanzada con LEDS de conexi\u00f3n en cada Auricular<\/li>\n<li>Tama\u00f1o &#8220;Ultra-Small&#8221; que lo hace absolutamente c\u00f3modo y portable<\/li>\n<li>Disponible en 4 colores: Blanco, Dorado, Rojo Metalizado, Negro.<\/li>\n<li>Estuche con cierre imantado.<\/li>\n<li>Medidas:<\/li>\n<li>* Auriculares: 2,5 cm. (Alto) x 1,6 cm. (Ancho) x 1,5 cm. (Profundidad)<\/li>\n<li>* Estuche: 5 cm. (Alto) x 5 cm. (Ancho) x 2,7 cm. (Profundidad)<\/li>\n<\/ul>\n<p>&nbsp;<\/p>\n","protected":false},"excerpt":{"rendered":"<p>Auriculares Noga Ng-Btwins 24 Bt Earbuds NG-BTWINS 24 te brinda una absoluta comodidad y control total gracias a su Dise\u00f1o<\/p>\n","protected":false},"featured_media":10689,"comment_status":"open","ping_status":"closed","template":"","meta":{"_joinchat":[]},"product_cat":[20],"product_tag":[],"class_list":{"0":"post-9536","1":"product","2":"type-product","3":"status-publish","4":"has-post-thumbnail","6":"product_cat-auriculares","8":"first","9":"outofstock","10":"shipping-taxable","11":"purchasable","12":"product-type-simple"},"jetpack_sharing_enabled":true,"_links":{"self":[{"href":"https:\/\/almacentecno.com.ar\/index.php\/wp-json\/wp\/v2\/product\/9536"}],"collection":[{"href":"https:\/\/almacentecno.com.ar\/index.php\/wp-json\/wp\/v2\/product"}],"about":[{"href":"https:\/\/almacentecno.com.ar\/index.php\/wp-json\/wp\/v2\/types\/product"}],"replies":[{"embeddable":true,"href":"https:\/\/almacentecno.com.ar\/index.php\/wp-json\/wp\/v2\/comments?post=9536"}],"version-history":[{"count":3,"href":"https:\/\/almacentecno.com.ar\/index.php\/wp-json\/wp\/v2\/product\/9536\/revisions"}],"predecessor-version":[{"id":10692,"href":"https:\/\/almacentecno.com.ar\/index.php\/wp-json\/wp\/v2\/product\/9536\/revisions\/10692"}],"wp:featuredmedia":[{"embeddable":true,"href":"https:\/\/almacentecno.com.ar\/index.php\/wp-json\/wp\/v2\/media\/10689"}],"wp:attachment":[{"href":"https:\/\/almacentecno.com.ar\/index.php\/wp-json\/wp\/v2\/media?parent=9536"}],"wp:term":[{"taxonomy":"product_cat","embeddable":true,"href":"https:\/\/almacentecno.com.ar\/index.php\/wp-json\/wp\/v2\/product_cat?post=9536"},{"taxonomy":"product_tag","embeddable":true,"href":"https:\/\/almacentecno.com.ar\/index.php\/wp-json\/wp\/v2\/product_tag?post=9536"}],"curies":[{"name":"wp","href":"https:\/\/api.w.org\/{rel}","templated":true}]}}