{"id":9532,"date":"2022-08-05T01:09:45","date_gmt":"2022-08-05T01:09:45","guid":{"rendered":"https:\/\/almacentecno.com.ar\/?post_type=product&#038;p=9532"},"modified":"2025-05-19T17:20:03","modified_gmt":"2025-05-19T17:20:03","slug":"auricular-inalambrico-candy-spark-blackdw-daewoo","status":"publish","type":"product","link":"https:\/\/almacentecno.com.ar\/index.php\/product\/auricular-inalambrico-candy-spark-blackdw-daewoo\/","title":{"rendered":"Auricular Inalambrico Candy Spark Daewoo"},"content":{"rendered":"<p>AURICULAR INAL\u00a6MBRICO CANDY SPARK BLACKDW-CS3105-BLK DAEWOO<br \/>\n&#8211; Auricular Inal\u00e1mbrico con tecnolog\u00eda TWS<br \/>\n&#8211; Conexi\u00f3n inal\u00e1mbrica<br \/>\n&#8211; Rango de frecuencia 2.4Hz-2.4GHz<br \/>\n&#8211; Bater\u00eda base de recarga Litio 00mAh<br \/>\n&#8211; Autonom\u00eda 3 horas de reproducci\u00f3n<br \/>\n&#8211; Tiempo de recarga 2 horas<br \/>\n&#8211; Medidas: 5,50&#215;4,50&#215;2,00cm<br \/>\n&#8211; Peso: 85gr<br \/>\n&#8211; Color Negro<br \/>\n&#8211; Garantia Fabricante 6 meses<br \/>\n&#8211; Pais de Origen China<\/p>\n","protected":false},"excerpt":{"rendered":"<p>AURICULAR INAL\u00a6MBRICO CANDY SPARK BLACKDW-CS3105-BLK DAEWOO &#8211; Auricular Inal\u00e1mbrico con tecnolog\u00eda TWS &#8211; Conexi\u00f3n inal\u00e1mbrica &#8211; Rango de frecuencia 2.4Hz-2.4GHz<\/p>\n","protected":false},"featured_media":9533,"comment_status":"open","ping_status":"closed","template":"","meta":{"_joinchat":[]},"product_cat":[20],"product_tag":[],"class_list":{"0":"post-9532","1":"product","2":"type-product","3":"status-publish","4":"has-post-thumbnail","6":"product_cat-auriculares","8":"first","9":"outofstock","10":"shipping-taxable","11":"purchasable","12":"product-type-simple"},"jetpack_sharing_enabled":true,"_links":{"self":[{"href":"https:\/\/almacentecno.com.ar\/index.php\/wp-json\/wp\/v2\/product\/9532"}],"collection":[{"href":"https:\/\/almacentecno.com.ar\/index.php\/wp-json\/wp\/v2\/product"}],"about":[{"href":"https:\/\/almacentecno.com.ar\/index.php\/wp-json\/wp\/v2\/types\/product"}],"replies":[{"embeddable":true,"href":"https:\/\/almacentecno.com.ar\/index.php\/wp-json\/wp\/v2\/comments?post=9532"}],"version-history":[{"count":3,"href":"https:\/\/almacentecno.com.ar\/index.php\/wp-json\/wp\/v2\/product\/9532\/revisions"}],"predecessor-version":[{"id":10611,"href":"https:\/\/almacentecno.com.ar\/index.php\/wp-json\/wp\/v2\/product\/9532\/revisions\/10611"}],"wp:featuredmedia":[{"embeddable":true,"href":"https:\/\/almacentecno.com.ar\/index.php\/wp-json\/wp\/v2\/media\/9533"}],"wp:attachment":[{"href":"https:\/\/almacentecno.com.ar\/index.php\/wp-json\/wp\/v2\/media?parent=9532"}],"wp:term":[{"taxonomy":"product_cat","embeddable":true,"href":"https:\/\/almacentecno.com.ar\/index.php\/wp-json\/wp\/v2\/product_cat?post=9532"},{"taxonomy":"product_tag","embeddable":true,"href":"https:\/\/almacentecno.com.ar\/index.php\/wp-json\/wp\/v2\/product_tag?post=9532"}],"curies":[{"name":"wp","href":"https:\/\/api.w.org\/{rel}","templated":true}]}}