{"id":9501,"date":"2022-08-04T22:19:30","date_gmt":"2022-08-04T22:19:30","guid":{"rendered":"https:\/\/almacentecno.com.ar\/?post_type=product&#038;p=9501"},"modified":"2024-05-16T23:49:49","modified_gmt":"2024-05-16T23:49:49","slug":"cabina-uv-led-para-unas-panda-36w-lampara-manicuria","status":"publish","type":"product","link":"https:\/\/almacentecno.com.ar\/index.php\/product\/cabina-uv-led-para-unas-panda-36w-lampara-manicuria\/","title":{"rendered":"Cabina Uv Led Para U\u00f1as Panda 36w Lampara  Manicur\u00eda"},"content":{"rendered":"<p>Producto: Cabina LED Nails Panda<\/p>\n<p>ESPECIFICACIONES<\/p>\n<p>\u2022 1. Sensor autom\u00e1tico dise\u00f1ado<br \/>\n\u2022 2. Tiene un sensor inteligente y se enciende autom\u00e1ticamente cuando coloca su mano \/ pie adentro y lo apaga despu\u00e9s de sacarlo. Su temporizador de 60\/90\/120 segundos le permite controlar el tiempo de curado con cada capa. Si no usa el temporizador, simplemente ponga su mano \/ pie dentro de \u00e9l directamente, funcionar\u00eda. O puede dejar de curar en cualquier momento quitando la mano \/ pie.<br \/>\n\u2022 3. Se adapta a toda la mano o el pie, es lo suficientemente grande como para una mano o pie completo, por lo que puede hacer manicura o pedicura al mismo tiempo.<br \/>\n\u2022 4. Se puede secar casi todos los geles para u\u00f1as: se puede usar para curar varios geles para u\u00f1as como el generador de u\u00f1as UV y el gel base.<\/p>\n<p>\u2022 36W<br \/>\n\u2022 12LED<br \/>\n\u2022 USO PARA PIES Y MANOS<br \/>\n\u2022 SENSOR<br \/>\n\u2022 FUNCIONA CONECTADO A USB<br \/>\nLas im\u00e1genes son ilustrativas, el producto puede tener variaciones dependiendo del distribuidor\/marca sin afectar las funciones y calidad del mismo.<\/p>\n","protected":false},"excerpt":{"rendered":"<p>Producto: Cabina LED Nails Panda ESPECIFICACIONES \u2022 1. Sensor autom\u00e1tico dise\u00f1ado \u2022 2. Tiene un sensor inteligente y se enciende<\/p>\n","protected":false},"featured_media":9502,"comment_status":"open","ping_status":"closed","template":"","meta":{"_joinchat":[]},"product_cat":[77,79],"product_tag":[],"class_list":{"0":"post-9501","1":"product","2":"type-product","3":"status-publish","4":"has-post-thumbnail","6":"product_cat-accesorios","7":"product_cat-electrodomesticos","9":"first","10":"outofstock","11":"shipping-taxable","12":"purchasable","13":"product-type-simple"},"jetpack_sharing_enabled":true,"_links":{"self":[{"href":"https:\/\/almacentecno.com.ar\/index.php\/wp-json\/wp\/v2\/product\/9501"}],"collection":[{"href":"https:\/\/almacentecno.com.ar\/index.php\/wp-json\/wp\/v2\/product"}],"about":[{"href":"https:\/\/almacentecno.com.ar\/index.php\/wp-json\/wp\/v2\/types\/product"}],"replies":[{"embeddable":true,"href":"https:\/\/almacentecno.com.ar\/index.php\/wp-json\/wp\/v2\/comments?post=9501"}],"version-history":[{"count":1,"href":"https:\/\/almacentecno.com.ar\/index.php\/wp-json\/wp\/v2\/product\/9501\/revisions"}],"predecessor-version":[{"id":9504,"href":"https:\/\/almacentecno.com.ar\/index.php\/wp-json\/wp\/v2\/product\/9501\/revisions\/9504"}],"wp:featuredmedia":[{"embeddable":true,"href":"https:\/\/almacentecno.com.ar\/index.php\/wp-json\/wp\/v2\/media\/9502"}],"wp:attachment":[{"href":"https:\/\/almacentecno.com.ar\/index.php\/wp-json\/wp\/v2\/media?parent=9501"}],"wp:term":[{"taxonomy":"product_cat","embeddable":true,"href":"https:\/\/almacentecno.com.ar\/index.php\/wp-json\/wp\/v2\/product_cat?post=9501"},{"taxonomy":"product_tag","embeddable":true,"href":"https:\/\/almacentecno.com.ar\/index.php\/wp-json\/wp\/v2\/product_tag?post=9501"}],"curies":[{"name":"wp","href":"https:\/\/api.w.org\/{rel}","templated":true}]}}