{"id":9496,"date":"2022-08-04T22:12:59","date_gmt":"2022-08-04T22:12:59","guid":{"rendered":"https:\/\/almacentecno.com.ar\/?post_type=product&#038;p=9496"},"modified":"2025-10-21T23:41:10","modified_gmt":"2025-10-21T23:41:10","slug":"mini-teclado-inalambrico-retroiluminado-portatil","status":"publish","type":"product","link":"https:\/\/almacentecno.com.ar\/index.php\/product\/mini-teclado-inalambrico-retroiluminado-portatil\/","title":{"rendered":"Mini Teclado Inal\u00e1mbrico Portatil"},"content":{"rendered":"<p>MINI TECLADO INALAMBRICO<\/p>\n<p>Excelente mini teclado inalambrico que te brinda una gran comodidad a la hora de usar tus equipos multimedia. Gracias a su tecnolog\u00eda inal\u00e1mbrica de Nano receptor USB solo de conectar y listo ! podr\u00e1s tener el control del dispositivo al que lo conectes.<\/p>\n<p>CARACTERISTICAS:<br \/>\n&#8211; Bater\u00eda recargable.<br \/>\n&#8211; Compatible con todos los sistemas operativos. ANDROID; IOS; WINDOWS; LINUX.<br \/>\n&#8211; Sistema de ahorro de bater\u00eda.<br \/>\n&#8211; Conexi\u00f3n Plug and Play<br \/>\n&#8211; Con Toch Pad<br \/>\n&#8211; Alcance maximo de uso: 10 Mts.<\/p>\n","protected":false},"excerpt":{"rendered":"<p>MINI TECLADO INALAMBRICO Excelente mini teclado inalambrico que te brinda una gran comodidad a la hora de usar tus equipos<\/p>\n","protected":false},"featured_media":9497,"comment_status":"open","ping_status":"closed","template":"","meta":{"_joinchat":[]},"product_cat":[77,75],"product_tag":[],"class_list":{"0":"post-9496","1":"product","2":"type-product","3":"status-publish","4":"has-post-thumbnail","6":"product_cat-accesorios","7":"product_cat-computacion","9":"first","10":"instock","11":"shipping-taxable","12":"purchasable","13":"product-type-simple"},"jetpack_sharing_enabled":true,"_links":{"self":[{"href":"https:\/\/almacentecno.com.ar\/index.php\/wp-json\/wp\/v2\/product\/9496"}],"collection":[{"href":"https:\/\/almacentecno.com.ar\/index.php\/wp-json\/wp\/v2\/product"}],"about":[{"href":"https:\/\/almacentecno.com.ar\/index.php\/wp-json\/wp\/v2\/types\/product"}],"replies":[{"embeddable":true,"href":"https:\/\/almacentecno.com.ar\/index.php\/wp-json\/wp\/v2\/comments?post=9496"}],"version-history":[{"count":3,"href":"https:\/\/almacentecno.com.ar\/index.php\/wp-json\/wp\/v2\/product\/9496\/revisions"}],"predecessor-version":[{"id":10203,"href":"https:\/\/almacentecno.com.ar\/index.php\/wp-json\/wp\/v2\/product\/9496\/revisions\/10203"}],"wp:featuredmedia":[{"embeddable":true,"href":"https:\/\/almacentecno.com.ar\/index.php\/wp-json\/wp\/v2\/media\/9497"}],"wp:attachment":[{"href":"https:\/\/almacentecno.com.ar\/index.php\/wp-json\/wp\/v2\/media?parent=9496"}],"wp:term":[{"taxonomy":"product_cat","embeddable":true,"href":"https:\/\/almacentecno.com.ar\/index.php\/wp-json\/wp\/v2\/product_cat?post=9496"},{"taxonomy":"product_tag","embeddable":true,"href":"https:\/\/almacentecno.com.ar\/index.php\/wp-json\/wp\/v2\/product_tag?post=9496"}],"curies":[{"name":"wp","href":"https:\/\/api.w.org\/{rel}","templated":true}]}}