{"id":9469,"date":"2022-06-22T20:38:17","date_gmt":"2022-06-22T20:38:17","guid":{"rendered":"https:\/\/almacentecno.com.ar\/?post_type=product&#038;p=9469"},"modified":"2025-05-24T21:33:25","modified_gmt":"2025-05-24T21:33:25","slug":"smartwatchactivenetmak","status":"publish","type":"product","link":"https:\/\/almacentecno.com.ar\/index.php\/product\/smartwatchactivenetmak\/","title":{"rendered":"Smartwatch T\u00e1ctil Bluetooth Active"},"content":{"rendered":"<p>DETALLE DEL PRODUCTO<\/p>\n<p>Cuenta con pantalla touch de alta definici\u00f3n, micr\u00f3fono y altavoz. Podr\u00e1s realizar y contestar llamadas desde el reloj, recibir las notificaciones de tus apps preferidas y controlar tu vida saludable.<\/p>\n<p>Entre otras cosas, vas a poder chequear y controlar:<\/p>\n<p>KM recorridos<br \/>\nNotificaciones<br \/>\nPresi\u00f3n Sangu\u00ednea<br \/>\nCalor\u00edas<br \/>\nAlarma<br \/>\nC\u00e1mara remota<br \/>\nControl de m\u00fasica<\/p>\n<p>CARACTER\u00cdSTCIAS:<\/p>\n<p>Pantalla t\u00e1ctil 1.28 INCH<br \/>\nResoluci\u00f3n: 240&#215;240<br \/>\nConexi\u00f3n: BT 5.0<br \/>\nTiempo de carga: 2 hs aprox (Incluye cable)<br \/>\nCapacidad bater\u00eda: 180 MAH<br \/>\nCompatible: Android\/Ios<br \/>\nIncluye manual de usuario en espa\u00f1ol<\/p>\n<p>Descarg\u00e1 la app &#8220;FitPro&#8221; desde tu m\u00f3vil y aprovech\u00e1 al m\u00e1ximo tu reloj., recordatorio de llamada, alertas SMS, recordatorio de mensaje de<br \/>\naplicaciones sociales,. Recordatorio de despertador, un recordatorio<br \/>\nde sedentarismo, hacer deporte, girar la mu\u00f1eca y brillar la pantalla,<br \/>\nbuscar pulseras, buscar tel\u00e9fonos, fotograf\u00eda remota, rechazo de<br \/>\nllamadas, no molestar, dial personalizado,. WeChat, QQ, Facebook,<br \/>\nTwitter, Line, Whatsapp, Instagram<br \/>\nIdioma de empuje de mensajes: soporte para varios idiomas<br \/>\nSistema de aplicaciones: IOS 9,0 y superior, Android 5,0 y superior<\/p>\n<p>&nbsp;<\/p>\n","protected":false},"excerpt":{"rendered":"<p>DETALLE DEL PRODUCTO Cuenta con pantalla touch de alta definici\u00f3n, micr\u00f3fono y altavoz. Podr\u00e1s realizar y contestar llamadas desde el<\/p>\n","protected":false},"featured_media":10900,"comment_status":"open","ping_status":"closed","template":"","meta":{"_joinchat":[]},"product_cat":[29],"product_tag":[],"class_list":{"0":"post-9469","1":"product","2":"type-product","3":"status-publish","4":"has-post-thumbnail","6":"product_cat-relojes","8":"first","9":"outofstock","10":"shipping-taxable","11":"purchasable","12":"product-type-simple"},"jetpack_sharing_enabled":true,"_links":{"self":[{"href":"https:\/\/almacentecno.com.ar\/index.php\/wp-json\/wp\/v2\/product\/9469"}],"collection":[{"href":"https:\/\/almacentecno.com.ar\/index.php\/wp-json\/wp\/v2\/product"}],"about":[{"href":"https:\/\/almacentecno.com.ar\/index.php\/wp-json\/wp\/v2\/types\/product"}],"replies":[{"embeddable":true,"href":"https:\/\/almacentecno.com.ar\/index.php\/wp-json\/wp\/v2\/comments?post=9469"}],"version-history":[{"count":4,"href":"https:\/\/almacentecno.com.ar\/index.php\/wp-json\/wp\/v2\/product\/9469\/revisions"}],"predecessor-version":[{"id":10901,"href":"https:\/\/almacentecno.com.ar\/index.php\/wp-json\/wp\/v2\/product\/9469\/revisions\/10901"}],"wp:featuredmedia":[{"embeddable":true,"href":"https:\/\/almacentecno.com.ar\/index.php\/wp-json\/wp\/v2\/media\/10900"}],"wp:attachment":[{"href":"https:\/\/almacentecno.com.ar\/index.php\/wp-json\/wp\/v2\/media?parent=9469"}],"wp:term":[{"taxonomy":"product_cat","embeddable":true,"href":"https:\/\/almacentecno.com.ar\/index.php\/wp-json\/wp\/v2\/product_cat?post=9469"},{"taxonomy":"product_tag","embeddable":true,"href":"https:\/\/almacentecno.com.ar\/index.php\/wp-json\/wp\/v2\/product_tag?post=9469"}],"curies":[{"name":"wp","href":"https:\/\/api.w.org\/{rel}","templated":true}]}}