{"id":9456,"date":"2022-06-22T19:29:18","date_gmt":"2022-06-22T19:29:18","guid":{"rendered":"https:\/\/almacentecno.com.ar\/?post_type=product&#038;p=9456"},"modified":"2023-11-14T01:41:25","modified_gmt":"2023-11-14T01:41:25","slug":"prolongador-zapatilla-tomas-universales-usb-iq-3-1-a-2500w","status":"publish","type":"product","link":"https:\/\/almacentecno.com.ar\/index.php\/product\/prolongador-zapatilla-tomas-universales-usb-iq-3-1-a-2500w\/","title":{"rendered":"Prolongador Zapatilla Tomas Universales Usb Iq 3.1 A 2500w"},"content":{"rendered":"<p>LDNIO, el principal proveedor de cargadores de tel\u00e9fonos celulares en China de alta Calidad, se fund\u00f3 en 2002. Se centra en la investigaci\u00f3n y desarrollo de diferentes tipos de cargadores r\u00e1pidos, como cargadores de tel\u00e9fonos m\u00f3viles, cargadores de autom\u00f3viles, cargadores de pared, cables de transferencia de datos y tomas de corriente.<\/p>\n<p>Multifunci\u00f3n de 1,6 m de potencia con 3 puertos USB de extensi\u00f3n de enchufe de carga r\u00e1pida de toma de corriente electr\u00f3nica dom\u00e9stica para enchufe de UE\/EE. UU.\/Reino Unido<\/p>\n<p>Caracter\u00edsticas:<\/p>\n<p>3 puertos USB para usar.<br \/>\nAmplia adaptaci\u00f3n de voltaje y se puede utilizar para CA 100 ~ 240 V.<br \/>\nVelocidad de carga r\u00e1pida, alta eficiencia, seguro y fiable.<br \/>\nPeso ligero, f\u00e1cil de llevar y f\u00e1cil de operar.<br \/>\nSe puede cargar con una tableta y un tel\u00e9fono m\u00f3vil al mismo tiempo.<\/p>\n<p>Tiene sobrecorriente, sobretensi\u00f3n, sobrecalentamiento y otras funciones de protecci\u00f3n de seguridad, se puede utilizar con seguridad.<\/p>\n<p>Especificaci\u00f3n:<\/p>\n<p>Material: de pl\u00e1stico<br \/>\nRango de tensi\u00f3n de entrada: 100 V ~ 240 V<br \/>\nVoltaje de salida USB: DC-5V<br \/>\nCorriente de salida USB: 3100mA<br \/>\nEnchufe: 3<br \/>\nColor: Negro<br \/>\nTipo de enchufe: UE\/EE. UU.\/Reino Unido<br \/>\nLongitud del Cable: 1,6 m<br \/>\nPeso del art\u00edculo: 500g<\/p>\n<p>Tama\u00f1o del paquete: 48x39x45mm\/4,40&#215;2,24 x 0.19in<br \/>\nPeso del paquete: 528g\/2,82 oz<br \/>\nGeneral Paquete de caja<\/p>\n","protected":false},"excerpt":{"rendered":"<p>LDNIO, el principal proveedor de cargadores de tel\u00e9fonos celulares en China de alta Calidad, se fund\u00f3 en 2002. Se centra<\/p>\n","protected":false},"featured_media":9457,"comment_status":"open","ping_status":"closed","template":"","meta":{"_joinchat":[]},"product_cat":[77,73],"product_tag":[],"class_list":{"0":"post-9456","1":"product","2":"type-product","3":"status-publish","4":"has-post-thumbnail","6":"product_cat-accesorios","7":"product_cat-cables-y-adaptadores","9":"first","10":"instock","11":"shipping-taxable","12":"purchasable","13":"product-type-simple"},"jetpack_sharing_enabled":true,"_links":{"self":[{"href":"https:\/\/almacentecno.com.ar\/index.php\/wp-json\/wp\/v2\/product\/9456"}],"collection":[{"href":"https:\/\/almacentecno.com.ar\/index.php\/wp-json\/wp\/v2\/product"}],"about":[{"href":"https:\/\/almacentecno.com.ar\/index.php\/wp-json\/wp\/v2\/types\/product"}],"replies":[{"embeddable":true,"href":"https:\/\/almacentecno.com.ar\/index.php\/wp-json\/wp\/v2\/comments?post=9456"}],"version-history":[{"count":1,"href":"https:\/\/almacentecno.com.ar\/index.php\/wp-json\/wp\/v2\/product\/9456\/revisions"}],"predecessor-version":[{"id":9459,"href":"https:\/\/almacentecno.com.ar\/index.php\/wp-json\/wp\/v2\/product\/9456\/revisions\/9459"}],"wp:featuredmedia":[{"embeddable":true,"href":"https:\/\/almacentecno.com.ar\/index.php\/wp-json\/wp\/v2\/media\/9457"}],"wp:attachment":[{"href":"https:\/\/almacentecno.com.ar\/index.php\/wp-json\/wp\/v2\/media?parent=9456"}],"wp:term":[{"taxonomy":"product_cat","embeddable":true,"href":"https:\/\/almacentecno.com.ar\/index.php\/wp-json\/wp\/v2\/product_cat?post=9456"},{"taxonomy":"product_tag","embeddable":true,"href":"https:\/\/almacentecno.com.ar\/index.php\/wp-json\/wp\/v2\/product_tag?post=9456"}],"curies":[{"name":"wp","href":"https:\/\/api.w.org\/{rel}","templated":true}]}}