{"id":9445,"date":"2022-06-22T12:52:07","date_gmt":"2022-06-22T12:52:07","guid":{"rendered":"https:\/\/almacentecno.com.ar\/?post_type=product&#038;p=9445"},"modified":"2025-09-18T00:12:18","modified_gmt":"2025-09-18T00:12:18","slug":"consola-16bits-hbl-tech","status":"publish","type":"product","link":"https:\/\/almacentecno.com.ar\/index.php\/product\/consola-16bits-hbl-tech\/","title":{"rendered":"Consola 16bits Hbl Tech"},"content":{"rendered":"<p>Con tu consola Sega 16 Bit Console tendr\u00e1s entretenimiento asegurado todos los d\u00edas. Su tecnolog\u00eda fue creada para poner nuevos retos tanto a jugadores principiantes como expertos.<\/p>\n<p>FUNCI\u00d3N DE CONEXI\u00d3N: Podes conectarla a tu LED, LCD, O tambi\u00e9n a tu viejo televisor mediante la salida de AUDIO Y VIDEO. CONSOLA DE VIDEO JUEGOS: Podes disfrutar de dos posibilidades, jugar con los juegos grabados en la memoria o con cartuchos de juegos adicionales<\/p>\n<p>LA CAJA INCLUYE:<\/p>\n<p>CONSOLA<br \/>\n2 MANDOS CON CABLE<br \/>\nFUENTE<br \/>\nCABLE A\/V<br \/>\nMANUAL DE USO EN ESPA\u00d1OL<\/p>\n","protected":false},"excerpt":{"rendered":"<p>Con tu consola Sega 16 Bit Console tendr\u00e1s entretenimiento asegurado todos los d\u00edas. Su tecnolog\u00eda fue creada para poner nuevos<\/p>\n","protected":false},"featured_media":9446,"comment_status":"open","ping_status":"closed","template":"","meta":{"_joinchat":[]},"product_cat":[28],"product_tag":[],"class_list":{"0":"post-9445","1":"product","2":"type-product","3":"status-publish","4":"has-post-thumbnail","6":"product_cat-videojuegos","8":"first","9":"outofstock","10":"shipping-taxable","11":"purchasable","12":"product-type-simple"},"jetpack_sharing_enabled":true,"_links":{"self":[{"href":"https:\/\/almacentecno.com.ar\/index.php\/wp-json\/wp\/v2\/product\/9445"}],"collection":[{"href":"https:\/\/almacentecno.com.ar\/index.php\/wp-json\/wp\/v2\/product"}],"about":[{"href":"https:\/\/almacentecno.com.ar\/index.php\/wp-json\/wp\/v2\/types\/product"}],"replies":[{"embeddable":true,"href":"https:\/\/almacentecno.com.ar\/index.php\/wp-json\/wp\/v2\/comments?post=9445"}],"version-history":[{"count":1,"href":"https:\/\/almacentecno.com.ar\/index.php\/wp-json\/wp\/v2\/product\/9445\/revisions"}],"predecessor-version":[{"id":9448,"href":"https:\/\/almacentecno.com.ar\/index.php\/wp-json\/wp\/v2\/product\/9445\/revisions\/9448"}],"wp:featuredmedia":[{"embeddable":true,"href":"https:\/\/almacentecno.com.ar\/index.php\/wp-json\/wp\/v2\/media\/9446"}],"wp:attachment":[{"href":"https:\/\/almacentecno.com.ar\/index.php\/wp-json\/wp\/v2\/media?parent=9445"}],"wp:term":[{"taxonomy":"product_cat","embeddable":true,"href":"https:\/\/almacentecno.com.ar\/index.php\/wp-json\/wp\/v2\/product_cat?post=9445"},{"taxonomy":"product_tag","embeddable":true,"href":"https:\/\/almacentecno.com.ar\/index.php\/wp-json\/wp\/v2\/product_tag?post=9445"}],"curies":[{"name":"wp","href":"https:\/\/api.w.org\/{rel}","templated":true}]}}