{"id":9441,"date":"2022-06-22T01:37:44","date_gmt":"2022-06-22T01:37:44","guid":{"rendered":"https:\/\/almacentecno.com.ar\/?post_type=product&#038;p=9441"},"modified":"2025-05-24T21:36:06","modified_gmt":"2025-05-24T21:36:06","slug":"parlante-xiaomi-portatil-bluetooth-inalambrico-mi-speaker","status":"publish","type":"product","link":"https:\/\/almacentecno.com.ar\/index.php\/product\/parlante-xiaomi-portatil-bluetooth-inalambrico-mi-speaker\/","title":{"rendered":"Parlante Xiaomi Portatil Bluetooth Inalambrico Mi Speaker"},"content":{"rendered":"<p>Xiaomi Mi Portable Bluetooth Speaker<\/p>\n<p>M\u00fasica en movimiento<br \/>\nCreado para amantes del sonido, Mi Bluetooth Speaker proporciona una calidad de sonido incre\u00edble y permite reproducir m\u00faltiples estilos de m\u00fasica. Compatible con smartphones, tablets, TVs, laptops y mucho m\u00e1s. Dise\u00f1ado con estilo, es perfecto para disfrutar de la m\u00fasica all\u00e1 donde vayas.<br \/>\nEn concreto estamos ante un altavoz de apenas 86x86x45mm de tama\u00f1o y un peso de solo 185 gramos. A\u00fan as\u00ed que sus dimensiones no te enga\u00f1en ya que Xiaomi ha hecho un gran trabajo incorporando en su interior un potente altavoz que har\u00e1 que disfrutes de tu m\u00fasica favorita donde vayas.<\/p>\n<p>Aunque en su interior tan solo cuente con un altavoz, este permite emparejarse con otro Xiaomi Outdoor Bluetooth Speaker mini a fin de crear un efecto en est\u00e9reo, lo que ampl\u00eda las posibilidades de este peque\u00f1o altavoz inal\u00e1mbrico.<br \/>\nEntre sus caracter\u00edsticas destaca su certificaci\u00f3n IP55 lo que lo hace ideal para hacer uso de este en exteriores ya que es completamente resistente a las salpicaduras de agua e incluso a la tierra y a las part\u00edculas de polvo.<\/p>\n<p>Adem\u00e1s, cuenta con Bluetooth 5.0 de bajo consumo lo que lo convierten en un altavoz inal\u00e1mbrico de exteriores que adem\u00e1s de retransmitiste audio en gran calidad permite ahorrar energ\u00eda en la sincronizar con nuestro smartphone. Este a su vez cuenta con un rango de hasta 10 metros en un espacio abierto.<\/p>\n<p>Su bater\u00eda es de 2.000mAh y se recarga mediante un puerto USB Tipo C ubicado en uno de sus laterales. Esta es capaz de ofrecer hasta 10 horas de autonom\u00eda, eso si, esta cifra viene dada con un uso continuado del volumen al 60%.<\/p>\n<p>Especificaciones:<br \/>\nMarca: Xiaomi<br \/>\nModelo: XMYXO4WM<br \/>\nMaterial: ABS + PC<br \/>\nPeso neto (g):182g<br \/>\nDimensiones: 86*86*45mm<\/p>\n<p>Los par\u00e1metros t\u00e9cnicos:<br \/>\nMicr\u00f3fono:S\u00ed<br \/>\nConectividad: Bluetooth<br \/>\nVersi\u00f3n de bluetooth: V5.0<br \/>\nDistancia de transmisi\u00f3n de: 10m<br \/>\nProtocolo bluetooth: HFPIA2DP\/AVRCP<br \/>\nPar\u00e1metro de entrada: 5V = 1A<br \/>\nCapacidad de la bater\u00eda :2000mAh<br \/>\nTiempo de carga (h): 1-2h<br \/>\nTiempo de trabajo (h): 10h<br \/>\nInterfaz Tipo-C<br \/>\nImpermeable: IP55<br \/>\nRango de Frecuencias: 60Hz-23KHz<br \/>\nPotencia de salida: 2 W<\/p>\n<p>Contenido del Paquete:<br \/>\n1 * Original Xiaomi Mini inal\u00e1mbrico bluetooth 5,0 altavoz<br \/>\n1 * Cable de carga tipo C<br \/>\n1 * Manual<\/p>\n","protected":false},"excerpt":{"rendered":"<p>Xiaomi Mi Portable Bluetooth Speaker M\u00fasica en movimiento Creado para amantes del sonido, Mi Bluetooth Speaker proporciona una calidad de<\/p>\n","protected":false},"featured_media":9442,"comment_status":"open","ping_status":"closed","template":"","meta":{"_joinchat":[]},"product_cat":[78],"product_tag":[],"class_list":{"0":"post-9441","1":"product","2":"type-product","3":"status-publish","4":"has-post-thumbnail","6":"product_cat-equipos-de-sonido","8":"first","9":"outofstock","10":"shipping-taxable","11":"purchasable","12":"product-type-simple"},"jetpack_sharing_enabled":true,"_links":{"self":[{"href":"https:\/\/almacentecno.com.ar\/index.php\/wp-json\/wp\/v2\/product\/9441"}],"collection":[{"href":"https:\/\/almacentecno.com.ar\/index.php\/wp-json\/wp\/v2\/product"}],"about":[{"href":"https:\/\/almacentecno.com.ar\/index.php\/wp-json\/wp\/v2\/types\/product"}],"replies":[{"embeddable":true,"href":"https:\/\/almacentecno.com.ar\/index.php\/wp-json\/wp\/v2\/comments?post=9441"}],"version-history":[{"count":1,"href":"https:\/\/almacentecno.com.ar\/index.php\/wp-json\/wp\/v2\/product\/9441\/revisions"}],"predecessor-version":[{"id":9444,"href":"https:\/\/almacentecno.com.ar\/index.php\/wp-json\/wp\/v2\/product\/9441\/revisions\/9444"}],"wp:featuredmedia":[{"embeddable":true,"href":"https:\/\/almacentecno.com.ar\/index.php\/wp-json\/wp\/v2\/media\/9442"}],"wp:attachment":[{"href":"https:\/\/almacentecno.com.ar\/index.php\/wp-json\/wp\/v2\/media?parent=9441"}],"wp:term":[{"taxonomy":"product_cat","embeddable":true,"href":"https:\/\/almacentecno.com.ar\/index.php\/wp-json\/wp\/v2\/product_cat?post=9441"},{"taxonomy":"product_tag","embeddable":true,"href":"https:\/\/almacentecno.com.ar\/index.php\/wp-json\/wp\/v2\/product_tag?post=9441"}],"curies":[{"name":"wp","href":"https:\/\/api.w.org\/{rel}","templated":true}]}}