{"id":9399,"date":"2022-06-21T22:25:35","date_gmt":"2022-06-21T22:25:35","guid":{"rendered":"https:\/\/almacentecno.com.ar\/?post_type=product&#038;p=9399"},"modified":"2025-01-08T11:49:47","modified_gmt":"2025-01-08T11:49:47","slug":"auricular-pc-gamer-con-luz-rgb-dinax-xtreme-a","status":"publish","type":"product","link":"https:\/\/almacentecno.com.ar\/index.php\/product\/auricular-pc-gamer-con-luz-rgb-dinax-xtreme-a\/","title":{"rendered":"Auricular Pc Gamer Con Luz Rgb Dinax Xtreme A"},"content":{"rendered":"<p>\u00a1Experiment\u00e1 la adrenalina de sumergirte en la escena de otra manera! Tener auriculares espec\u00edficos para jugar cambia completamente tu experiencia en cada partida. Con los DINAX Xtreme Augrel no te perd\u00e9s ning\u00fan detalle y escuch\u00e1s el audio tal y como fue dise\u00f1ado por los creadores.<\/p>\n<p>El formato perfecto para vos<br \/>\nEl dise\u00f1o over-ear brinda una comodidad insuperable gracias a sus suaves almohadillas. Al mismo tiempo, su sonido envolvente del m\u00e1s alto nivel se convierte en el protagonista de la escena.<br \/>\nFICHA: tipo usb + 3.5mm con luz<br \/>\nSonido envolvente sin distorcion<br \/>\nDiametro : 40mm<br \/>\nRetroiluminado con led<br \/>\nExperiencia audio inmersiva<br \/>\nMicrofono omnidireccional flexible<br \/>\nControl de volumen en lateral izquierdo<br \/>\nReduccion de rudios<br \/>\nCable 1.8M<\/p>\n","protected":false},"excerpt":{"rendered":"<p>\u00a1Experiment\u00e1 la adrenalina de sumergirte en la escena de otra manera! Tener auriculares espec\u00edficos para jugar cambia completamente tu experiencia<\/p>\n","protected":false},"featured_media":10270,"comment_status":"open","ping_status":"closed","template":"","meta":{"_joinchat":[]},"product_cat":[20,75],"product_tag":[],"class_list":{"0":"post-9399","1":"product","2":"type-product","3":"status-publish","4":"has-post-thumbnail","6":"product_cat-auriculares","7":"product_cat-computacion","9":"first","10":"outofstock","11":"shipping-taxable","12":"purchasable","13":"product-type-simple"},"jetpack_sharing_enabled":true,"_links":{"self":[{"href":"https:\/\/almacentecno.com.ar\/index.php\/wp-json\/wp\/v2\/product\/9399"}],"collection":[{"href":"https:\/\/almacentecno.com.ar\/index.php\/wp-json\/wp\/v2\/product"}],"about":[{"href":"https:\/\/almacentecno.com.ar\/index.php\/wp-json\/wp\/v2\/types\/product"}],"replies":[{"embeddable":true,"href":"https:\/\/almacentecno.com.ar\/index.php\/wp-json\/wp\/v2\/comments?post=9399"}],"version-history":[{"count":1,"href":"https:\/\/almacentecno.com.ar\/index.php\/wp-json\/wp\/v2\/product\/9399\/revisions"}],"predecessor-version":[{"id":9402,"href":"https:\/\/almacentecno.com.ar\/index.php\/wp-json\/wp\/v2\/product\/9399\/revisions\/9402"}],"wp:featuredmedia":[{"embeddable":true,"href":"https:\/\/almacentecno.com.ar\/index.php\/wp-json\/wp\/v2\/media\/10270"}],"wp:attachment":[{"href":"https:\/\/almacentecno.com.ar\/index.php\/wp-json\/wp\/v2\/media?parent=9399"}],"wp:term":[{"taxonomy":"product_cat","embeddable":true,"href":"https:\/\/almacentecno.com.ar\/index.php\/wp-json\/wp\/v2\/product_cat?post=9399"},{"taxonomy":"product_tag","embeddable":true,"href":"https:\/\/almacentecno.com.ar\/index.php\/wp-json\/wp\/v2\/product_tag?post=9399"}],"curies":[{"name":"wp","href":"https:\/\/api.w.org\/{rel}","templated":true}]}}