{"id":9331,"date":"2022-06-15T15:19:53","date_gmt":"2022-06-15T15:19:53","guid":{"rendered":"https:\/\/almacentecno.com.ar\/?post_type=product&#038;p=9331"},"modified":"2024-05-20T20:53:36","modified_gmt":"2024-05-20T20:53:36","slug":"monopatin-aluminio-scooter-love-freno-3-alturas","status":"publish","type":"product","link":"https:\/\/almacentecno.com.ar\/index.php\/product\/monopatin-aluminio-scooter-love-freno-3-alturas\/","title":{"rendered":"Monopatin Aluminio Scooter Love Freno 3 Alturas"},"content":{"rendered":"<p>CARACTER\u00cdSTICAS<br \/>\n~~~~~~~~~~~~~~~~~<br \/>\nDESCRIPCI\u00d3N<br \/>\n* Monopatin de Aluminio<br \/>\n* Para ni\u00f1os y ni\u00f1as de 3 a 6 a\u00f1os de edad<br \/>\n* Recomendado hasta 50 kilos<br \/>\n* 3 Altura regulable. Altura maxima 69cm.<br \/>\n* Posee ruedas de 12 cm de diametro<br \/>\n* Freno en la rueda trasera<br \/>\n* Manubrio ergon\u00f3mico<br \/>\n* Con Rulemanes 608ZZ<br \/>\n* Deck de PVC con superficie rugosa<br \/>\n* Colores: Verde Manzana<\/p>\n","protected":false},"excerpt":{"rendered":"<p>CARACTER\u00cdSTICAS ~~~~~~~~~~~~~~~~~ DESCRIPCI\u00d3N * Monopatin de Aluminio * Para ni\u00f1os y ni\u00f1as de 3 a 6 a\u00f1os de edad *<\/p>\n","protected":false},"featured_media":9332,"comment_status":"open","ping_status":"closed","template":"","meta":{"_joinchat":[]},"product_cat":[53],"product_tag":[],"class_list":{"0":"post-9331","1":"product","2":"type-product","3":"status-publish","4":"has-post-thumbnail","6":"product_cat-juguetes","8":"first","9":"outofstock","10":"shipping-taxable","11":"purchasable","12":"product-type-simple"},"jetpack_sharing_enabled":true,"_links":{"self":[{"href":"https:\/\/almacentecno.com.ar\/index.php\/wp-json\/wp\/v2\/product\/9331"}],"collection":[{"href":"https:\/\/almacentecno.com.ar\/index.php\/wp-json\/wp\/v2\/product"}],"about":[{"href":"https:\/\/almacentecno.com.ar\/index.php\/wp-json\/wp\/v2\/types\/product"}],"replies":[{"embeddable":true,"href":"https:\/\/almacentecno.com.ar\/index.php\/wp-json\/wp\/v2\/comments?post=9331"}],"version-history":[{"count":1,"href":"https:\/\/almacentecno.com.ar\/index.php\/wp-json\/wp\/v2\/product\/9331\/revisions"}],"predecessor-version":[{"id":9333,"href":"https:\/\/almacentecno.com.ar\/index.php\/wp-json\/wp\/v2\/product\/9331\/revisions\/9333"}],"wp:featuredmedia":[{"embeddable":true,"href":"https:\/\/almacentecno.com.ar\/index.php\/wp-json\/wp\/v2\/media\/9332"}],"wp:attachment":[{"href":"https:\/\/almacentecno.com.ar\/index.php\/wp-json\/wp\/v2\/media?parent=9331"}],"wp:term":[{"taxonomy":"product_cat","embeddable":true,"href":"https:\/\/almacentecno.com.ar\/index.php\/wp-json\/wp\/v2\/product_cat?post=9331"},{"taxonomy":"product_tag","embeddable":true,"href":"https:\/\/almacentecno.com.ar\/index.php\/wp-json\/wp\/v2\/product_tag?post=9331"}],"curies":[{"name":"wp","href":"https:\/\/api.w.org\/{rel}","templated":true}]}}