{"id":9275,"date":"2022-06-13T01:18:53","date_gmt":"2022-06-13T01:18:53","guid":{"rendered":"https:\/\/almacentecno.com.ar\/?post_type=product&#038;p=9275"},"modified":"2024-08-06T19:14:56","modified_gmt":"2024-08-06T19:14:56","slug":"joystick-seisa-sj-703tm-transparente","status":"publish","type":"product","link":"https:\/\/almacentecno.com.ar\/index.php\/product\/joystick-seisa-sj-703tm-transparente\/","title":{"rendered":"Joystick Seisa SJ-703TM transparente"},"content":{"rendered":"<p>Caracteristicas:<\/p>\n<p>\u2022 Posee funcion D-shok (vibracion).<br \/>\n\u2022 Contiene mando anal\u00f3gico doble<br \/>\n\u2022 12 botones de acci\u00f3n programables<br \/>\n\u2022 Interruptor de vision<br \/>\n\u2022 Interruptor analogo<br \/>\n\u2022 Compatible con consolas PC<br \/>\n\u2022 Cable de 1,8 Metros.<br \/>\n\u2022 Conecci\u00f3n por USB<\/p>\n<p>Como Instalar:<br \/>\n\u2022 Conectar el Joystick al Windows 98\/ME\/2000\/XP\/Vista\/7<br \/>\n\u2022 Comenzar a disfrutar de la comodidad y funciones del joystick<\/p>\n<p>Funciones:<\/p>\n<p>Para activar el modo analogico presione el boton &#8220;ANALOG&#8221; este encender\u00e1 un LED que le indicar\u00e1 cuando esta funci\u00f3n est\u00e9 activada.<\/p>\n","protected":false},"excerpt":{"rendered":"<p>Caracteristicas: \u2022 Posee funcion D-shok (vibracion). \u2022 Contiene mando anal\u00f3gico doble \u2022 12 botones de acci\u00f3n programables \u2022 Interruptor de<\/p>\n","protected":false},"featured_media":9276,"comment_status":"open","ping_status":"closed","template":"","meta":{"_joinchat":[]},"product_cat":[75,28],"product_tag":[],"class_list":{"0":"post-9275","1":"product","2":"type-product","3":"status-publish","4":"has-post-thumbnail","6":"product_cat-computacion","7":"product_cat-videojuegos","9":"first","10":"outofstock","11":"shipping-taxable","12":"purchasable","13":"product-type-simple"},"jetpack_sharing_enabled":true,"_links":{"self":[{"href":"https:\/\/almacentecno.com.ar\/index.php\/wp-json\/wp\/v2\/product\/9275"}],"collection":[{"href":"https:\/\/almacentecno.com.ar\/index.php\/wp-json\/wp\/v2\/product"}],"about":[{"href":"https:\/\/almacentecno.com.ar\/index.php\/wp-json\/wp\/v2\/types\/product"}],"replies":[{"embeddable":true,"href":"https:\/\/almacentecno.com.ar\/index.php\/wp-json\/wp\/v2\/comments?post=9275"}],"version-history":[{"count":2,"href":"https:\/\/almacentecno.com.ar\/index.php\/wp-json\/wp\/v2\/product\/9275\/revisions"}],"predecessor-version":[{"id":10850,"href":"https:\/\/almacentecno.com.ar\/index.php\/wp-json\/wp\/v2\/product\/9275\/revisions\/10850"}],"wp:featuredmedia":[{"embeddable":true,"href":"https:\/\/almacentecno.com.ar\/index.php\/wp-json\/wp\/v2\/media\/9276"}],"wp:attachment":[{"href":"https:\/\/almacentecno.com.ar\/index.php\/wp-json\/wp\/v2\/media?parent=9275"}],"wp:term":[{"taxonomy":"product_cat","embeddable":true,"href":"https:\/\/almacentecno.com.ar\/index.php\/wp-json\/wp\/v2\/product_cat?post=9275"},{"taxonomy":"product_tag","embeddable":true,"href":"https:\/\/almacentecno.com.ar\/index.php\/wp-json\/wp\/v2\/product_tag?post=9275"}],"curies":[{"name":"wp","href":"https:\/\/api.w.org\/{rel}","templated":true}]}}