{"id":9257,"date":"2022-06-10T22:02:46","date_gmt":"2022-06-10T22:02:46","guid":{"rendered":"https:\/\/almacentecno.com.ar\/?post_type=product&#038;p=9257"},"modified":"2024-05-20T20:54:52","modified_gmt":"2024-05-20T20:54:52","slug":"pendrive-16-gb-usb-sandisk-cruzer-fit-mini-pendrive","status":"publish","type":"product","link":"https:\/\/almacentecno.com.ar\/index.php\/product\/pendrive-16-gb-usb-sandisk-cruzer-fit-mini-pendrive\/","title":{"rendered":"Pendrive 16 Gb Usb Sandisk Cruzer Fit Mini Pendrive"},"content":{"rendered":"<p>Pendrive 16 Gb Usb Sandisk Cruzer Fit Mini Pendrive<\/p>\n<p>___________________<\/p>\n<p>\u2022 DETALLES DEL PRODUCTO:<\/p>\n<p>Este modelo es el preferido de los usuarios de notebooks ya que no sobresalen y son c\u00f3modos de transportas sin retirar del puerto USB en cuesti\u00f3n. Tambi\u00e9n, entre sus usos mas comunes, se encuentran los est\u00e9reos de los autos ya que por su tama\u00f1o, no sobresalen y pueden dejarse conectados, incluso al retirar el est\u00e9reo del tablero.<\/p>\n<p>Especificaciones<\/p>\n<p>Capacidad: 16 GB<br \/>\nGeneraci\u00f3n: USB 2.0<br \/>\nCapacidades disponibles: 8 GB, 16 GB, 32 GB y 64 GB1<br \/>\nDimensiones: 17,5 mm x 12,7 mm x 6,6 mm (0,26&#8243; x 0,69&#8243; x 0,50&#8243;)<br \/>\nTemperatura de funcionamiento: 0 \u00baC a 45 \u00baC<br \/>\nTemperatura de almacenamiento: -10 \u00baC a 70 \u00baC<br \/>\nCompatibilidad: USB 2.0<\/p>\n<p>ALMACENAMIENTO ADICIONAL \u201cINVISIBLE\u201d Y TRANSFERENCIA R\u00c1PIDA DE ARCHIVOS<br \/>\nLas opciones avanzadas de seguridad de datos y la capacidad espaciosa de la unidad flash USB Cruzer Fit te brindan una manera f\u00e1cil y segura de transferir tus archivos personales.<\/p>\n<p>DISE\u00d1O DE BAJO PERFIL PARA UNA CONEXI\u00d3N SENCILLA<br \/>\nLA UNIDAD DE ALTA CAPACIDAD ALMACENA M\u00daSICA, VIDEOS, FOTOGRAF\u00cdAS Y ARCHIVOS PERSONALES<br \/>\nAGREGA ARCHIVOS F\u00c1CILMENTE CON LA CARGA DE ARCHIVOS ARRASTRAR Y COLOCAR<br \/>\nEL SOFTWARE SANDISK SECUREACCESSTM 2 PROTEGE TUS ARCHIVOS PRIVADOS<br \/>\nLa unidad flash USB Cruzer Fit viene con el software SanDisk SecureAccess, que crea una carpeta privada protegida con contrase\u00f1a en la unidad.2 Gracias a que tus archivos estar\u00e1n protegidos con codificaci\u00f3n AES de 128 bits2, podr\u00e1s compartir tu unidad USB sin poner en riesgo tu privacidad.<\/p>\n<p>Entre lo usos m\u00e1s frecuentes de este modelo se encuentran: Est\u00e9reos de autos y notebooks ya que no sobresalen ni son inc\u00f3modos para dejarlos puestos.<\/p>\n","protected":false},"excerpt":{"rendered":"<p>Pendrive 16 Gb Usb Sandisk Cruzer Fit Mini Pendrive ___________________ \u2022 DETALLES DEL PRODUCTO: Este modelo es el preferido de<\/p>\n","protected":false},"featured_media":9259,"comment_status":"open","ping_status":"closed","template":"","meta":{"_joinchat":[]},"product_cat":[74],"product_tag":[],"class_list":{"0":"post-9257","1":"product","2":"type-product","3":"status-publish","4":"has-post-thumbnail","6":"product_cat-almacenamiento","8":"first","9":"outofstock","10":"shipping-taxable","11":"purchasable","12":"product-type-simple"},"jetpack_sharing_enabled":true,"_links":{"self":[{"href":"https:\/\/almacentecno.com.ar\/index.php\/wp-json\/wp\/v2\/product\/9257"}],"collection":[{"href":"https:\/\/almacentecno.com.ar\/index.php\/wp-json\/wp\/v2\/product"}],"about":[{"href":"https:\/\/almacentecno.com.ar\/index.php\/wp-json\/wp\/v2\/types\/product"}],"replies":[{"embeddable":true,"href":"https:\/\/almacentecno.com.ar\/index.php\/wp-json\/wp\/v2\/comments?post=9257"}],"version-history":[{"count":1,"href":"https:\/\/almacentecno.com.ar\/index.php\/wp-json\/wp\/v2\/product\/9257\/revisions"}],"predecessor-version":[{"id":9260,"href":"https:\/\/almacentecno.com.ar\/index.php\/wp-json\/wp\/v2\/product\/9257\/revisions\/9260"}],"wp:featuredmedia":[{"embeddable":true,"href":"https:\/\/almacentecno.com.ar\/index.php\/wp-json\/wp\/v2\/media\/9259"}],"wp:attachment":[{"href":"https:\/\/almacentecno.com.ar\/index.php\/wp-json\/wp\/v2\/media?parent=9257"}],"wp:term":[{"taxonomy":"product_cat","embeddable":true,"href":"https:\/\/almacentecno.com.ar\/index.php\/wp-json\/wp\/v2\/product_cat?post=9257"},{"taxonomy":"product_tag","embeddable":true,"href":"https:\/\/almacentecno.com.ar\/index.php\/wp-json\/wp\/v2\/product_tag?post=9257"}],"curies":[{"name":"wp","href":"https:\/\/api.w.org\/{rel}","templated":true}]}}