{"id":9252,"date":"2022-06-10T21:57:41","date_gmt":"2022-06-10T21:57:41","guid":{"rendered":"https:\/\/almacentecno.com.ar\/?post_type=product&#038;p=9252"},"modified":"2025-01-08T11:57:35","modified_gmt":"2025-01-08T11:57:35","slug":"parlante-portatil-inalambrico-noga-grande-camuflado","status":"publish","type":"product","link":"https:\/\/almacentecno.com.ar\/index.php\/product\/parlante-portatil-inalambrico-noga-grande-camuflado\/","title":{"rendered":"Parlante Portatil Inalambrico Noga Grande AZUL"},"content":{"rendered":"<p>Parlante Inal\u00e1mbrico Bluetooth Portable Noga<\/p>\n<p>Posee gran potencia y alta calidad de sonido.<br \/>\nRecibe m\u00fasica de cualquier Smartphone por Tecnolog\u00eda Inal\u00e1mbrica BT.<\/p>\n<p>&#8211; Potencia Total 10W (2 mini speakers de 5W)<br \/>\n&#8211; Recepci\u00f3n Inal\u00e1mbrica BT versi\u00f3n 5.0<br \/>\n&#8211; Alcance hasta 10 metros<br \/>\n&#8211; Botones Power ON\/OFF, BT Connection, Volumen +\/- &amp; Anterior\/Siguiente, Play\/Pause en la parte superior<br \/>\n&#8211; Puerto micro USB DC5V 2.3A para recarga de bater\u00eda (incluye cable)<br \/>\n&#8211; Funciona con Bater\u00eda recargable de Litio de 1500mAH<br \/>\n&#8211; Tiempo de carga: de 4 a 5 horas<br \/>\n&#8211; Dise\u00f1o cil\u00edndrico revestido en Rubber Finish<br \/>\n&#8211; Incluye manija incorporada para transportarlo<br \/>\n&#8211; Soporta salpicaduras<br \/>\n&#8211; Disponible en 4 colores: Azul, Negro, Rojo y Camuflado<br \/>\n&#8211; Medidas: 30 cm. (Ancho) x 16,5 cm. (Alto) x 11,5 cm. (Profundidad)<\/p>\n","protected":false},"excerpt":{"rendered":"<p>Parlante Inal\u00e1mbrico Bluetooth Portable Noga Posee gran potencia y alta calidad de sonido. Recibe m\u00fasica de cualquier Smartphone por Tecnolog\u00eda<\/p>\n","protected":false},"featured_media":9255,"comment_status":"open","ping_status":"closed","template":"","meta":{"_joinchat":[]},"product_cat":[78],"product_tag":[],"class_list":{"0":"post-9252","1":"product","2":"type-product","3":"status-publish","4":"has-post-thumbnail","6":"product_cat-equipos-de-sonido","8":"first","9":"outofstock","10":"shipping-taxable","11":"purchasable","12":"product-type-simple"},"jetpack_sharing_enabled":true,"_links":{"self":[{"href":"https:\/\/almacentecno.com.ar\/index.php\/wp-json\/wp\/v2\/product\/9252"}],"collection":[{"href":"https:\/\/almacentecno.com.ar\/index.php\/wp-json\/wp\/v2\/product"}],"about":[{"href":"https:\/\/almacentecno.com.ar\/index.php\/wp-json\/wp\/v2\/types\/product"}],"replies":[{"embeddable":true,"href":"https:\/\/almacentecno.com.ar\/index.php\/wp-json\/wp\/v2\/comments?post=9252"}],"version-history":[{"count":3,"href":"https:\/\/almacentecno.com.ar\/index.php\/wp-json\/wp\/v2\/product\/9252\/revisions"}],"predecessor-version":[{"id":11108,"href":"https:\/\/almacentecno.com.ar\/index.php\/wp-json\/wp\/v2\/product\/9252\/revisions\/11108"}],"wp:featuredmedia":[{"embeddable":true,"href":"https:\/\/almacentecno.com.ar\/index.php\/wp-json\/wp\/v2\/media\/9255"}],"wp:attachment":[{"href":"https:\/\/almacentecno.com.ar\/index.php\/wp-json\/wp\/v2\/media?parent=9252"}],"wp:term":[{"taxonomy":"product_cat","embeddable":true,"href":"https:\/\/almacentecno.com.ar\/index.php\/wp-json\/wp\/v2\/product_cat?post=9252"},{"taxonomy":"product_tag","embeddable":true,"href":"https:\/\/almacentecno.com.ar\/index.php\/wp-json\/wp\/v2\/product_tag?post=9252"}],"curies":[{"name":"wp","href":"https:\/\/api.w.org\/{rel}","templated":true}]}}