{"id":9244,"date":"2022-06-08T15:22:07","date_gmt":"2022-06-08T15:22:07","guid":{"rendered":"https:\/\/almacentecno.com.ar\/?post_type=product&#038;p=9244"},"modified":"2026-03-01T01:09:57","modified_gmt":"2026-03-01T01:09:57","slug":"soporte-para-notebook-plegable-regulable-antideslizante","status":"publish","type":"product","link":"https:\/\/almacentecno.com.ar\/index.php\/product\/soporte-para-notebook-plegable-regulable-antideslizante\/","title":{"rendered":"Soporte Para Notebook Plegable Regulable Antideslizante"},"content":{"rendered":"<p>Soporte para notebook, ideal para largas jornadas de trabajo frente a nuestra computadora, permite mejorar la postura y as\u00ed evitar dolores cervicales y de espalda.<\/p>\n<p>Brinda la posibilidad de ajustar el \u00e1ngulo de inclinaci\u00f3n y mejorar la refrigeraci\u00f3n del equipo.<\/p>\n<p>Adem\u00e1s de ser encastrable lo que lo vuelve muy compacto y f\u00e1cil de transportar.<\/p>\n<p>ANTIDESLIZANTE!!<\/p>\n<p>PLEGABLE, FACIL DE INSTALAR Y TRANSPORTAR. DISE\u00d1O ERGON\u00d3MICO!<\/p>\n<p>&#8211; Aumenta la altura de la pantalla del port\u00e1til al nivel de los ojos para una mejor ergonom\u00eda<br \/>\n&#8211; El dise\u00f1o de inclinaci\u00f3n acerca la pantalla y mejora el flujo de aire alrededor de la computadora port\u00e1til<br \/>\n&#8211; El dise\u00f1o de una pieza proporciona una estabilidad s\u00f3lida<br \/>\n&#8211; Compatible con tu laptop, notebook, Mac<br \/>\nMEDIDAS<br \/>\n*Elevaci\u00f3n m\u00ednima: 12cm<br \/>\n*Elevaci\u00f3n m\u00e1xima 16cm<br \/>\n*Medida Ancho 20cm \/ Largo 26cm<\/p>\n","protected":false},"excerpt":{"rendered":"<p>Soporte para notebook, ideal para largas jornadas de trabajo frente a nuestra computadora, permite mejorar la postura y as\u00ed evitar<\/p>\n","protected":false},"featured_media":9245,"comment_status":"open","ping_status":"closed","template":"","meta":{"_joinchat":[]},"product_cat":[77],"product_tag":[],"class_list":{"0":"post-9244","1":"product","2":"type-product","3":"status-publish","4":"has-post-thumbnail","6":"product_cat-accesorios","8":"first","9":"outofstock","10":"shipping-taxable","11":"purchasable","12":"product-type-simple"},"jetpack_sharing_enabled":true,"_links":{"self":[{"href":"https:\/\/almacentecno.com.ar\/index.php\/wp-json\/wp\/v2\/product\/9244"}],"collection":[{"href":"https:\/\/almacentecno.com.ar\/index.php\/wp-json\/wp\/v2\/product"}],"about":[{"href":"https:\/\/almacentecno.com.ar\/index.php\/wp-json\/wp\/v2\/types\/product"}],"replies":[{"embeddable":true,"href":"https:\/\/almacentecno.com.ar\/index.php\/wp-json\/wp\/v2\/comments?post=9244"}],"version-history":[{"count":1,"href":"https:\/\/almacentecno.com.ar\/index.php\/wp-json\/wp\/v2\/product\/9244\/revisions"}],"predecessor-version":[{"id":9247,"href":"https:\/\/almacentecno.com.ar\/index.php\/wp-json\/wp\/v2\/product\/9244\/revisions\/9247"}],"wp:featuredmedia":[{"embeddable":true,"href":"https:\/\/almacentecno.com.ar\/index.php\/wp-json\/wp\/v2\/media\/9245"}],"wp:attachment":[{"href":"https:\/\/almacentecno.com.ar\/index.php\/wp-json\/wp\/v2\/media?parent=9244"}],"wp:term":[{"taxonomy":"product_cat","embeddable":true,"href":"https:\/\/almacentecno.com.ar\/index.php\/wp-json\/wp\/v2\/product_cat?post=9244"},{"taxonomy":"product_tag","embeddable":true,"href":"https:\/\/almacentecno.com.ar\/index.php\/wp-json\/wp\/v2\/product_tag?post=9244"}],"curies":[{"name":"wp","href":"https:\/\/api.w.org\/{rel}","templated":true}]}}