{"id":9235,"date":"2022-06-07T22:41:14","date_gmt":"2022-06-07T22:41:14","guid":{"rendered":"https:\/\/almacentecno.com.ar\/?post_type=product&#038;p=9235"},"modified":"2024-05-16T23:44:38","modified_gmt":"2024-05-16T23:44:38","slug":"auricular-gamer-headset-c-luz-led-play-to-win-gtc","status":"publish","type":"product","link":"https:\/\/almacentecno.com.ar\/index.php\/product\/auricular-gamer-headset-c-luz-led-play-to-win-gtc\/","title":{"rendered":"Auricular Gamer Headset C\/luz Led Play To Win Gtc"},"content":{"rendered":"<p>Di\u00e1metro del parlante: \u00d850mm<\/p>\n<p>\u2022 Impedancia (parlantes): 21<\/p>\n<p>\u2022 Sensibilidad: 109dB\u00b13dB<\/p>\n<p>\u2022 Rango de frecuencia: 20hz-20KHZ<\/p>\n<p>\u2022 Potencia: 100mW<\/p>\n<p>\u2022 Impedancia (micr\u00f3fono): 2.2K<\/p>\n<p>\u2022 Frec. de resp. (mic.): 50~10KHz<\/p>\n<p>\u2022 Sensibilidad (micr\u00f3fono): -42\u00b13dB<\/p>\n<p>\u2022 Largo del cable: 2 m<\/p>\n<p>\u2022 Tama\u00f1o del micr\u00f3fono: \u00d850mm<\/p>\n<p>\u2022 Conexiones: 3.5mm + USB<\/p>\n<p>\u2022 Sonido 7.1 virtual<\/p>\n<p>\u2022 Luz led<\/p>\n<p>\u2022 Control de volumen<\/p>\n","protected":false},"excerpt":{"rendered":"<p>Di\u00e1metro del parlante: \u00d850mm \u2022 Impedancia (parlantes): 21 \u2022 Sensibilidad: 109dB\u00b13dB \u2022 Rango de frecuencia: 20hz-20KHZ \u2022 Potencia: 100mW \u2022<\/p>\n","protected":false},"featured_media":9236,"comment_status":"open","ping_status":"closed","template":"","meta":{"_joinchat":[]},"product_cat":[20,28],"product_tag":[],"class_list":{"0":"post-9235","1":"product","2":"type-product","3":"status-publish","4":"has-post-thumbnail","6":"product_cat-auriculares","7":"product_cat-videojuegos","9":"first","10":"outofstock","11":"shipping-taxable","12":"purchasable","13":"product-type-simple"},"jetpack_sharing_enabled":true,"_links":{"self":[{"href":"https:\/\/almacentecno.com.ar\/index.php\/wp-json\/wp\/v2\/product\/9235"}],"collection":[{"href":"https:\/\/almacentecno.com.ar\/index.php\/wp-json\/wp\/v2\/product"}],"about":[{"href":"https:\/\/almacentecno.com.ar\/index.php\/wp-json\/wp\/v2\/types\/product"}],"replies":[{"embeddable":true,"href":"https:\/\/almacentecno.com.ar\/index.php\/wp-json\/wp\/v2\/comments?post=9235"}],"version-history":[{"count":1,"href":"https:\/\/almacentecno.com.ar\/index.php\/wp-json\/wp\/v2\/product\/9235\/revisions"}],"predecessor-version":[{"id":9238,"href":"https:\/\/almacentecno.com.ar\/index.php\/wp-json\/wp\/v2\/product\/9235\/revisions\/9238"}],"wp:featuredmedia":[{"embeddable":true,"href":"https:\/\/almacentecno.com.ar\/index.php\/wp-json\/wp\/v2\/media\/9236"}],"wp:attachment":[{"href":"https:\/\/almacentecno.com.ar\/index.php\/wp-json\/wp\/v2\/media?parent=9235"}],"wp:term":[{"taxonomy":"product_cat","embeddable":true,"href":"https:\/\/almacentecno.com.ar\/index.php\/wp-json\/wp\/v2\/product_cat?post=9235"},{"taxonomy":"product_tag","embeddable":true,"href":"https:\/\/almacentecno.com.ar\/index.php\/wp-json\/wp\/v2\/product_tag?post=9235"}],"curies":[{"name":"wp","href":"https:\/\/api.w.org\/{rel}","templated":true}]}}