{"id":9226,"date":"2022-06-07T22:21:32","date_gmt":"2022-06-07T22:21:32","guid":{"rendered":"https:\/\/almacentecno.com.ar\/?post_type=product&#038;p=9226"},"modified":"2024-06-12T17:23:31","modified_gmt":"2024-06-12T17:23:31","slug":"funda-sumergible-protectora-agua-waterproof-para-celular","status":"publish","type":"product","link":"https:\/\/almacentecno.com.ar\/index.php\/product\/funda-sumergible-protectora-agua-waterproof-para-celular\/","title":{"rendered":"Funda Sumergible Protectora Agua Waterproof Para Celular"},"content":{"rendered":"<p>-FUNDA SUMERGIBLE PROTECTORA AGUA WATERPROOF BOLSA DE CELULAR<\/p>\n<p>Funda ideal para vacaciones o para utilizar en la pileta, para cubrir el tel\u00e9fono o c\u00e1mara del agua. Lo protege tanto de salpicaduras como de sumersiones.<\/p>\n<p>&#8211; Dise\u00f1o: su composici\u00f3n lo hace capaz de flotar en el agua. No hay que preocuparse por perder el tel\u00e9fono si la bolsa cae al agua.<\/p>\n<p>&#8211; Amplitud de usos: con su hebilla impermeable de alto sellado, esta adecuada para navegar, pescar y otras actividades al aire libre.<\/p>\n<p>&#8211; Material: Hecho de material de PVC de calidad, suave, claro, impermeable y sensible al tacto. Estilo simple, adecuado tanto para mujeres como para hombres.<\/p>\n<p>&#8211; Funci\u00f3n: puedes tomar fotos o videos claros bajo el agua a trav\u00e9s del estuche transparente.<\/p>\n<p>&#8211; Port\u00e1til: con correa para el cuello<\/p>\n<p>Caracter\u00edsticas:<\/p>\n<p>&#8211; Nivel de impermeabilidad: IPX8<br \/>\n&#8211; Incluye correa de seguridad<br \/>\n&#8211; Sensible al tacto<br \/>\n&#8211; Cierre herm\u00e9tico<br \/>\n&#8211; Apto para sumergir<\/p>\n<p>Especificaciones:<\/p>\n<p>&#8211; Material: PVC<br \/>\n&#8211; Dispositivos: Celulares, C\u00e1maras digitales, Go Pro, etc.<br \/>\n&#8211; Medidas: 19 x 8 cm.<br \/>\n&#8211; Medida de la soga: 38cm<br \/>\n&#8211; Peso: 25g<\/p>\n<p>Incluye:<\/p>\n<p>1x Funda sumergible (no hay eleccion de color, si busca en especifico alguno, pregunte antes de ofertar y aclare que lo autorizaron a elegir el color por el chat privado(que se habilita luego de la compra), para que las personas que arman los pedidos puedan enviarle en el color que necesita)<br \/>\n1x Correa<\/p>\n","protected":false},"excerpt":{"rendered":"<p>-FUNDA SUMERGIBLE PROTECTORA AGUA WATERPROOF BOLSA DE CELULAR Funda ideal para vacaciones o para utilizar en la pileta, para cubrir<\/p>\n","protected":false},"featured_media":9227,"comment_status":"open","ping_status":"closed","template":"","meta":{"_joinchat":[]},"product_cat":[77],"product_tag":[],"class_list":{"0":"post-9226","1":"product","2":"type-product","3":"status-publish","4":"has-post-thumbnail","6":"product_cat-accesorios","8":"first","9":"instock","10":"shipping-taxable","11":"purchasable","12":"product-type-simple"},"jetpack_sharing_enabled":true,"_links":{"self":[{"href":"https:\/\/almacentecno.com.ar\/index.php\/wp-json\/wp\/v2\/product\/9226"}],"collection":[{"href":"https:\/\/almacentecno.com.ar\/index.php\/wp-json\/wp\/v2\/product"}],"about":[{"href":"https:\/\/almacentecno.com.ar\/index.php\/wp-json\/wp\/v2\/types\/product"}],"replies":[{"embeddable":true,"href":"https:\/\/almacentecno.com.ar\/index.php\/wp-json\/wp\/v2\/comments?post=9226"}],"version-history":[{"count":1,"href":"https:\/\/almacentecno.com.ar\/index.php\/wp-json\/wp\/v2\/product\/9226\/revisions"}],"predecessor-version":[{"id":9229,"href":"https:\/\/almacentecno.com.ar\/index.php\/wp-json\/wp\/v2\/product\/9226\/revisions\/9229"}],"wp:featuredmedia":[{"embeddable":true,"href":"https:\/\/almacentecno.com.ar\/index.php\/wp-json\/wp\/v2\/media\/9227"}],"wp:attachment":[{"href":"https:\/\/almacentecno.com.ar\/index.php\/wp-json\/wp\/v2\/media?parent=9226"}],"wp:term":[{"taxonomy":"product_cat","embeddable":true,"href":"https:\/\/almacentecno.com.ar\/index.php\/wp-json\/wp\/v2\/product_cat?post=9226"},{"taxonomy":"product_tag","embeddable":true,"href":"https:\/\/almacentecno.com.ar\/index.php\/wp-json\/wp\/v2\/product_tag?post=9226"}],"curies":[{"name":"wp","href":"https:\/\/api.w.org\/{rel}","templated":true}]}}