{"id":9221,"date":"2022-06-06T19:08:42","date_gmt":"2022-06-06T19:08:42","guid":{"rendered":"https:\/\/almacentecno.com.ar\/?post_type=product&#038;p=9221"},"modified":"2024-05-20T20:56:37","modified_gmt":"2024-05-20T20:56:37","slug":"9221","status":"publish","type":"product","link":"https:\/\/almacentecno.com.ar\/index.php\/product\/9221\/","title":{"rendered":"Rizador De Pelo 60W"},"content":{"rendered":"<p>&#8211; Marca: DINAX<br \/>\n&#8211; L\u00ednea: Belleza<br \/>\n&#8211; Tipo de buclera: De barril<br \/>\n&#8211; Temperatura m\u00e1xima: 180 \u00b0C<br \/>\n&#8211; Potencia: 60 W<br \/>\n&#8211; Calentado r\u00e1pido en 30 segundos<br \/>\n&#8211; Funci\u00f3n de apagado autom\u00e1tico<br \/>\n&#8211; 360\u00ba cable giratorio de 1.8 metros de largo<br \/>\n&#8211; Tubo recubierto de cer\u00e1mica<br \/>\n&#8211; Soporte de protecci\u00f3n para apoyo<br \/>\n&#8211; Color: Rosa<\/p>\n<p>Pasos para usar el rizador de forma efectiva:<\/p>\n<p>&#8211; Empieza cepillando bien tu cabello para un f\u00e1cil manejo. Despu\u00e9s, aplica un protector t\u00e9rmico para reducir la intensidad del calor sobre tu pelo.<br \/>\n&#8211; Ya con el pelo suelto, divide el pelo por partes, ser\u00e1 m\u00e1s sencillo.<br \/>\n&#8211; Toma el mech\u00f3n desde la ra\u00edz y giras hac\u00eda las puntas. Para lograr un efecto natural, enrolla el pelo en direcci\u00f3n opuesta a tu rostro.<\/p>\n","protected":false},"excerpt":{"rendered":"<p>&#8211; Marca: DINAX &#8211; L\u00ednea: Belleza &#8211; Tipo de buclera: De barril &#8211; Temperatura m\u00e1xima: 180 \u00b0C &#8211; Potencia: 60<\/p>\n","protected":false},"featured_media":9222,"comment_status":"open","ping_status":"closed","template":"","meta":{"_joinchat":[]},"product_cat":[79],"product_tag":[],"class_list":{"0":"post-9221","1":"product","2":"type-product","3":"status-publish","4":"has-post-thumbnail","6":"product_cat-electrodomesticos","8":"first","9":"outofstock","10":"shipping-taxable","11":"purchasable","12":"product-type-simple"},"jetpack_sharing_enabled":true,"_links":{"self":[{"href":"https:\/\/almacentecno.com.ar\/index.php\/wp-json\/wp\/v2\/product\/9221"}],"collection":[{"href":"https:\/\/almacentecno.com.ar\/index.php\/wp-json\/wp\/v2\/product"}],"about":[{"href":"https:\/\/almacentecno.com.ar\/index.php\/wp-json\/wp\/v2\/types\/product"}],"replies":[{"embeddable":true,"href":"https:\/\/almacentecno.com.ar\/index.php\/wp-json\/wp\/v2\/comments?post=9221"}],"version-history":[{"count":2,"href":"https:\/\/almacentecno.com.ar\/index.php\/wp-json\/wp\/v2\/product\/9221\/revisions"}],"predecessor-version":[{"id":9956,"href":"https:\/\/almacentecno.com.ar\/index.php\/wp-json\/wp\/v2\/product\/9221\/revisions\/9956"}],"wp:featuredmedia":[{"embeddable":true,"href":"https:\/\/almacentecno.com.ar\/index.php\/wp-json\/wp\/v2\/media\/9222"}],"wp:attachment":[{"href":"https:\/\/almacentecno.com.ar\/index.php\/wp-json\/wp\/v2\/media?parent=9221"}],"wp:term":[{"taxonomy":"product_cat","embeddable":true,"href":"https:\/\/almacentecno.com.ar\/index.php\/wp-json\/wp\/v2\/product_cat?post=9221"},{"taxonomy":"product_tag","embeddable":true,"href":"https:\/\/almacentecno.com.ar\/index.php\/wp-json\/wp\/v2\/product_tag?post=9221"}],"curies":[{"name":"wp","href":"https:\/\/api.w.org\/{rel}","templated":true}]}}