{"id":9198,"date":"2022-06-06T18:10:28","date_gmt":"2022-06-06T18:10:28","guid":{"rendered":"https:\/\/almacentecno.com.ar\/?post_type=product&#038;p=9198"},"modified":"2026-04-15T00:19:04","modified_gmt":"2026-04-15T00:19:04","slug":"convertidor-tv-box-dinax-1gb-8gb","status":"publish","type":"product","link":"https:\/\/almacentecno.com.ar\/index.php\/product\/convertidor-tv-box-dinax-1gb-8gb\/","title":{"rendered":"Android TV Stick con Control Remoto HDMI  4K"},"content":{"rendered":"<p>Similar a un reproductor MP3 compacto, pero con funciones multimedia recargadas. El Android TV Stick Android TV Stick se conecta a varios dispositivos para disfrutar de las aplicaciones disponibles. \u00bfM\u00fasica? \u00bfV\u00eddeos? Todo esto y m\u00e1s para pasar horas de diversi\u00f3n delante de la pantalla.<\/p>\n<p>Calidad de imagen<br \/>\nSu compatibilidad con el streaming en 4K convierte a este reproductor en la mejor elecci\u00f3n a la hora de disfrutar de im\u00e1genes n\u00edtidas y de una calidad notablemente superior a la de HD y Full HD. Su excelencia se refleja en su capacidad para transmitir colores m\u00e1s realistas y con detalles lujosos.<\/p>\n<p>CONTENIDO DEL PAQUETE:<\/p>\n<p>1 TV STICK<\/p>\n<p>1 ADAPTADOR HDMI<\/p>\n<p>1 INFRAROJO PARA CONTROL<\/p>\n<p>1 CONTROL REMOTO<\/p>\n<p>1 CABLE MICRO USB<\/p>\n","protected":false},"excerpt":{"rendered":"<p>Similar a un reproductor MP3 compacto, pero con funciones multimedia recargadas. El Android TV Stick Android TV Stick se conecta<\/p>\n","protected":false},"featured_media":11051,"comment_status":"open","ping_status":"closed","template":"","meta":{"_joinchat":[]},"product_cat":[77],"product_tag":[],"class_list":{"0":"post-9198","1":"product","2":"type-product","3":"status-publish","4":"has-post-thumbnail","6":"product_cat-accesorios","8":"first","9":"instock","10":"shipping-taxable","11":"purchasable","12":"product-type-simple"},"jetpack_sharing_enabled":true,"_links":{"self":[{"href":"https:\/\/almacentecno.com.ar\/index.php\/wp-json\/wp\/v2\/product\/9198"}],"collection":[{"href":"https:\/\/almacentecno.com.ar\/index.php\/wp-json\/wp\/v2\/product"}],"about":[{"href":"https:\/\/almacentecno.com.ar\/index.php\/wp-json\/wp\/v2\/types\/product"}],"replies":[{"embeddable":true,"href":"https:\/\/almacentecno.com.ar\/index.php\/wp-json\/wp\/v2\/comments?post=9198"}],"version-history":[{"count":4,"href":"https:\/\/almacentecno.com.ar\/index.php\/wp-json\/wp\/v2\/product\/9198\/revisions"}],"predecessor-version":[{"id":11052,"href":"https:\/\/almacentecno.com.ar\/index.php\/wp-json\/wp\/v2\/product\/9198\/revisions\/11052"}],"wp:featuredmedia":[{"embeddable":true,"href":"https:\/\/almacentecno.com.ar\/index.php\/wp-json\/wp\/v2\/media\/11051"}],"wp:attachment":[{"href":"https:\/\/almacentecno.com.ar\/index.php\/wp-json\/wp\/v2\/media?parent=9198"}],"wp:term":[{"taxonomy":"product_cat","embeddable":true,"href":"https:\/\/almacentecno.com.ar\/index.php\/wp-json\/wp\/v2\/product_cat?post=9198"},{"taxonomy":"product_tag","embeddable":true,"href":"https:\/\/almacentecno.com.ar\/index.php\/wp-json\/wp\/v2\/product_tag?post=9198"}],"curies":[{"name":"wp","href":"https:\/\/api.w.org\/{rel}","templated":true}]}}