{"id":9193,"date":"2022-06-06T17:59:14","date_gmt":"2022-06-06T17:59:14","guid":{"rendered":"https:\/\/almacentecno.com.ar\/?post_type=product&#038;p=9193"},"modified":"2026-02-20T21:44:07","modified_gmt":"2026-02-20T21:44:07","slug":"consola-video-juego-portatil-tetris","status":"publish","type":"product","link":"https:\/\/almacentecno.com.ar\/index.php\/product\/consola-video-juego-portatil-tetris\/","title":{"rendered":"Consola Video Juego Port\u00e1til Tetris"},"content":{"rendered":"<p>Tetris Brick game 9999 in 1<\/p>\n<p>Nuevos con varios niveles de tetris<br \/>\nModelo E-9999,<br \/>\nlos colores son los de la foto:<br \/>\nazul, verde, rojo y amarillo.<br \/>\nen caja sin pilas.<br \/>\nhoras de diversion !!!<br \/>\nApagado autom\u00e1tico<br \/>\nvarias velocidades<br \/>\nvarios niveles y modos x juego<br \/>\nFunci\u00f3n de pausa con indicaci\u00f3n<br \/>\nEfecto de canci\u00f3n diferente<br \/>\nMelod\u00edas para inicio, fin del juego y cambio de nivel<br \/>\nSonido On \/ Off<br \/>\nBajo consumo de energ\u00eda.<\/p>\n<p>OPERACI\u00d3N: 1 Presione la tecla ON \/ OFF para encender la unidad.<br \/>\n2 Presione LEVEL, SPEED y MODE para seleccionar el nivel, la velocidad y el modo.\u00a0 3 Presione la tecla INICIO para iniciar el juego.<br \/>\n4 Antes de que comience el juego, se muestra la puntuaci\u00f3n m\u00e1s alta.<br \/>\n5 El juego se puede pausar en cualquier momento, despu\u00e9s de que se inicie, presionando la tecla PAUSA.\u00a0 El juego se reanudar\u00e1 presionando la tecla una vez m\u00e1s.<br \/>\nSi la unidad se apaga mientras el juego est\u00e1 en pausa, se puede reanudar cuando se vuelve a encender. La consola se apaga autom\u00e1ticamente 4 minutos despu\u00e9s<\/p>\n","protected":false},"excerpt":{"rendered":"<p>Tetris Brick game 9999 in 1 Nuevos con varios niveles de tetris Modelo E-9999, los colores son los de la<\/p>\n","protected":false},"featured_media":9196,"comment_status":"open","ping_status":"closed","template":"","meta":{"_joinchat":[]},"product_cat":[28],"product_tag":[],"class_list":{"0":"post-9193","1":"product","2":"type-product","3":"status-publish","4":"has-post-thumbnail","6":"product_cat-videojuegos","8":"first","9":"instock","10":"shipping-taxable","11":"purchasable","12":"product-type-simple"},"jetpack_sharing_enabled":true,"_links":{"self":[{"href":"https:\/\/almacentecno.com.ar\/index.php\/wp-json\/wp\/v2\/product\/9193"}],"collection":[{"href":"https:\/\/almacentecno.com.ar\/index.php\/wp-json\/wp\/v2\/product"}],"about":[{"href":"https:\/\/almacentecno.com.ar\/index.php\/wp-json\/wp\/v2\/types\/product"}],"replies":[{"embeddable":true,"href":"https:\/\/almacentecno.com.ar\/index.php\/wp-json\/wp\/v2\/comments?post=9193"}],"version-history":[{"count":1,"href":"https:\/\/almacentecno.com.ar\/index.php\/wp-json\/wp\/v2\/product\/9193\/revisions"}],"predecessor-version":[{"id":9194,"href":"https:\/\/almacentecno.com.ar\/index.php\/wp-json\/wp\/v2\/product\/9193\/revisions\/9194"}],"wp:featuredmedia":[{"embeddable":true,"href":"https:\/\/almacentecno.com.ar\/index.php\/wp-json\/wp\/v2\/media\/9196"}],"wp:attachment":[{"href":"https:\/\/almacentecno.com.ar\/index.php\/wp-json\/wp\/v2\/media?parent=9193"}],"wp:term":[{"taxonomy":"product_cat","embeddable":true,"href":"https:\/\/almacentecno.com.ar\/index.php\/wp-json\/wp\/v2\/product_cat?post=9193"},{"taxonomy":"product_tag","embeddable":true,"href":"https:\/\/almacentecno.com.ar\/index.php\/wp-json\/wp\/v2\/product_tag?post=9193"}],"curies":[{"name":"wp","href":"https:\/\/api.w.org\/{rel}","templated":true}]}}