{"id":9166,"date":"2022-06-02T20:25:46","date_gmt":"2022-06-02T20:25:46","guid":{"rendered":"https:\/\/almacentecno.com.ar\/?post_type=product&#038;p=9166"},"modified":"2024-06-12T17:52:24","modified_gmt":"2024-06-12T17:52:24","slug":"microfono-corbatero-dinax-pc-celular-usb-tipo-c","status":"publish","type":"product","link":"https:\/\/almacentecno.com.ar\/index.php\/product\/microfono-corbatero-dinax-pc-celular-usb-tipo-c\/","title":{"rendered":"Micr\u00f3fono Corbatero Dinax Pc Celular Usb Tipo C"},"content":{"rendered":"<p>MICR\u00d3FONO TIPO C<br \/>\nEste micr\u00f3fono viene con un clip seguro en el micr\u00f3fono, que es mono. Es compatible con tel\u00e9fonos inteligentes Iphone. La solapa duradera y el cord\u00f3n m\u00e1s largo. El dise\u00f1o estilo clip permite realizar llamadas con manos libres. Es m\u00e1s conveniente y f\u00e1cil de usar, y m\u00e1s conveniente de usar, genera un sonido suave sin ning\u00fan esfuerzo.<\/p>\n<p>Caracter\u00edsticas:<br \/>\nPuerto USB tipo C<br \/>\nMicr\u00f3fono de condensador omnidireccional.<br \/>\nRespuesta de frecuencia muy sensible, alta din\u00e1mica y amplia.<br \/>\nEl parabrisas de espuma puede producir ruido ambiental de manera efectiva.<br \/>\nCable port\u00e1til y ex\u00f3tico de 150 cm de longitud.<br \/>\nUna abrazadera giratoria de 360 grados para facilitar el clip en la corbata del cuello o en el bolsillo.<br \/>\nManos libres, se puede usar para chat, videoconferencia, grabaci\u00f3n de canciones, etc<\/p>\n","protected":false},"excerpt":{"rendered":"<p>MICR\u00d3FONO TIPO C Este micr\u00f3fono viene con un clip seguro en el micr\u00f3fono, que es mono. Es compatible con tel\u00e9fonos<\/p>\n","protected":false},"featured_media":9168,"comment_status":"open","ping_status":"closed","template":"","meta":{"_joinchat":[]},"product_cat":[77,73],"product_tag":[],"class_list":{"0":"post-9166","1":"product","2":"type-product","3":"status-publish","4":"has-post-thumbnail","6":"product_cat-accesorios","7":"product_cat-cables-y-adaptadores","9":"first","10":"instock","11":"shipping-taxable","12":"purchasable","13":"product-type-simple"},"jetpack_sharing_enabled":true,"_links":{"self":[{"href":"https:\/\/almacentecno.com.ar\/index.php\/wp-json\/wp\/v2\/product\/9166"}],"collection":[{"href":"https:\/\/almacentecno.com.ar\/index.php\/wp-json\/wp\/v2\/product"}],"about":[{"href":"https:\/\/almacentecno.com.ar\/index.php\/wp-json\/wp\/v2\/types\/product"}],"replies":[{"embeddable":true,"href":"https:\/\/almacentecno.com.ar\/index.php\/wp-json\/wp\/v2\/comments?post=9166"}],"version-history":[{"count":1,"href":"https:\/\/almacentecno.com.ar\/index.php\/wp-json\/wp\/v2\/product\/9166\/revisions"}],"predecessor-version":[{"id":9169,"href":"https:\/\/almacentecno.com.ar\/index.php\/wp-json\/wp\/v2\/product\/9166\/revisions\/9169"}],"wp:featuredmedia":[{"embeddable":true,"href":"https:\/\/almacentecno.com.ar\/index.php\/wp-json\/wp\/v2\/media\/9168"}],"wp:attachment":[{"href":"https:\/\/almacentecno.com.ar\/index.php\/wp-json\/wp\/v2\/media?parent=9166"}],"wp:term":[{"taxonomy":"product_cat","embeddable":true,"href":"https:\/\/almacentecno.com.ar\/index.php\/wp-json\/wp\/v2\/product_cat?post=9166"},{"taxonomy":"product_tag","embeddable":true,"href":"https:\/\/almacentecno.com.ar\/index.php\/wp-json\/wp\/v2\/product_tag?post=9166"}],"curies":[{"name":"wp","href":"https:\/\/api.w.org\/{rel}","templated":true}]}}