{"id":9150,"date":"2022-06-02T19:54:02","date_gmt":"2022-06-02T19:54:02","guid":{"rendered":"https:\/\/almacentecno.com.ar\/?post_type=product&#038;p=9150"},"modified":"2025-05-26T20:47:04","modified_gmt":"2025-05-26T20:47:04","slug":"mouse-pad-dinax-largo-para-teclado-y-mouse-rgb","status":"publish","type":"product","link":"https:\/\/almacentecno.com.ar\/index.php\/product\/mouse-pad-dinax-largo-para-teclado-y-mouse-rgb\/","title":{"rendered":"Mouse Pad Gamer Antideslizante Con Luces Led Usb 80x30cm"},"content":{"rendered":"<p>MOUSE PAD GAMER CON LUCES LED Y SUPERFICIE ANTIDESLIZANTE<\/p>\n<p>Este mouse pad gamer es el accesorio ideal para tu computadora. Tiene un sistema de luces LED que se conecta a trav\u00e9s de un puerto USB y se extiende por todo el borde. Se encienden autom\u00e1ticamente y sus modos se pueden cambiar con un bot\u00f3n incluido en el pad.<\/p>\n<p>Caracter\u00edsticas:<br \/>\n&#8211; Superficie fabricada en neoprene.<br \/>\n&#8211; Base antideslizante.<br \/>\n&#8211; Ultra resistente.<br \/>\n&#8211; Conexi\u00f3n USB.<br \/>\n&#8211; Luces LED.<\/p>\n<p>-Medida 80cmx30cm<\/p>\n","protected":false},"excerpt":{"rendered":"<p>MOUSE PAD GAMER CON LUCES LED Y SUPERFICIE ANTIDESLIZANTE Este mouse pad gamer es el accesorio ideal para tu computadora.<\/p>\n","protected":false},"featured_media":10408,"comment_status":"open","ping_status":"closed","template":"","meta":{"_joinchat":[]},"product_cat":[77,75],"product_tag":[],"class_list":{"0":"post-9150","1":"product","2":"type-product","3":"status-publish","4":"has-post-thumbnail","6":"product_cat-accesorios","7":"product_cat-computacion","9":"first","10":"outofstock","11":"shipping-taxable","12":"purchasable","13":"product-type-simple"},"jetpack_sharing_enabled":true,"_links":{"self":[{"href":"https:\/\/almacentecno.com.ar\/index.php\/wp-json\/wp\/v2\/product\/9150"}],"collection":[{"href":"https:\/\/almacentecno.com.ar\/index.php\/wp-json\/wp\/v2\/product"}],"about":[{"href":"https:\/\/almacentecno.com.ar\/index.php\/wp-json\/wp\/v2\/types\/product"}],"replies":[{"embeddable":true,"href":"https:\/\/almacentecno.com.ar\/index.php\/wp-json\/wp\/v2\/comments?post=9150"}],"version-history":[{"count":3,"href":"https:\/\/almacentecno.com.ar\/index.php\/wp-json\/wp\/v2\/product\/9150\/revisions"}],"predecessor-version":[{"id":10409,"href":"https:\/\/almacentecno.com.ar\/index.php\/wp-json\/wp\/v2\/product\/9150\/revisions\/10409"}],"wp:featuredmedia":[{"embeddable":true,"href":"https:\/\/almacentecno.com.ar\/index.php\/wp-json\/wp\/v2\/media\/10408"}],"wp:attachment":[{"href":"https:\/\/almacentecno.com.ar\/index.php\/wp-json\/wp\/v2\/media?parent=9150"}],"wp:term":[{"taxonomy":"product_cat","embeddable":true,"href":"https:\/\/almacentecno.com.ar\/index.php\/wp-json\/wp\/v2\/product_cat?post=9150"},{"taxonomy":"product_tag","embeddable":true,"href":"https:\/\/almacentecno.com.ar\/index.php\/wp-json\/wp\/v2\/product_tag?post=9150"}],"curies":[{"name":"wp","href":"https:\/\/api.w.org\/{rel}","templated":true}]}}