{"id":9085,"date":"2022-05-24T03:06:46","date_gmt":"2022-05-24T03:06:46","guid":{"rendered":"https:\/\/almacentecno.com.ar\/?post_type=product&#038;p=9085"},"modified":"2024-05-20T21:36:54","modified_gmt":"2024-05-20T21:36:54","slug":"smartwatch-reloj-inteligente-sm58-pro-fit","status":"publish","type":"product","link":"https:\/\/almacentecno.com.ar\/index.php\/product\/smartwatch-reloj-inteligente-sm58-pro-fit\/","title":{"rendered":"Smartwatch Reloj Inteligente Sm58 Pro. Fit"},"content":{"rendered":"<p>VAS A PODER REGISTRAR:<br \/>\n\u2022 Pasos diarios.<br \/>\n\u2022 Las distancias recorrida.<br \/>\n\u2022 Las calorias quemadas.<\/p>\n<p>VAS A PODER CONTROLAR:<br \/>\n\u2022 Frecuencia Card\u00edaca<br \/>\n\u2022 Presi\u00f3n Arterial<br \/>\n\u2022 Oxigeno en Sangre<br \/>\n\u2022 Calidad de Sue\u00f1o (Los datos de sue\u00f1o est\u00e1n admitidos para ser vistos en la app unicamente)<\/p>\n<p>CON SU MODO MULTI DEPORTE VAS A PODER tener un control del tiempo ejercido con su cron\u00f3metro y su contador de calorias quemadas en diferentes actividades deportivas como:<br \/>\n\u2022 Caminar \/ Correr<br \/>\n\u2022 Saltar la soga<br \/>\n\u2022 Hacer abdominales<\/p>\n<p>VAS A PODER RECIBIR NOTIFICACIONES DE<br \/>\n\u2022 Llamadas entrantes<br \/>\n\u2022 Notificaciones SMS<br \/>\n\u2022 Mensajes de Whatsapp, Facebook, Instagram, Twitter, Line, Wechat, ETC.<br \/>\n\u2022 Recordatorios<br \/>\n\u2022 Alarmas<\/p>\n<p>ADEMAS DE OTRAS FUNCIONES COMO:<br \/>\n\u2022 Recordatorios de sedentarismo.<br \/>\n\u2022 Busqueda del Brazalete con su celular.<br \/>\n\u2022 Modo no molestar.<br \/>\n\u2022 Etc<\/p>\n<p>COMPATIBILIDAD:<br \/>\n\u2022 Android 4.4 o superior<br \/>\n\u2022 iOS (iPhone) 8.0 en adelante.<br \/>\nPuede ser utilizado sin estar conectado a un celular, pero la primera vez de uso se configura por \u00fanica vez con un celular para que se pueda sincronizar los datos como la hora.<br \/>\nUTILIZA LA APLICACION GRATUITA &#8220;FITPRO&#8221;<\/p>\n<p>Resistencia a salpicaduras, transpiraci\u00f3n y a deportes bajo la lluvia pero no es SUMERGIBLE.<\/p>\n<p>Paquete incluye:<br \/>\n\u2022 1 Smartwatch<br \/>\n\u2022 1 Malla<br \/>\n\u2022 1 Manuel en Espa\u00f1ol<\/p>\n","protected":false},"excerpt":{"rendered":"<p>VAS A PODER REGISTRAR: \u2022 Pasos diarios. \u2022 Las distancias recorrida. \u2022 Las calorias quemadas. VAS A PODER CONTROLAR: \u2022<\/p>\n","protected":false},"featured_media":9088,"comment_status":"open","ping_status":"closed","template":"","meta":{"_joinchat":[]},"product_cat":[29],"product_tag":[],"class_list":{"0":"post-9085","1":"product","2":"type-product","3":"status-publish","4":"has-post-thumbnail","6":"product_cat-relojes","8":"first","9":"outofstock","10":"shipping-taxable","11":"purchasable","12":"product-type-simple"},"jetpack_sharing_enabled":true,"_links":{"self":[{"href":"https:\/\/almacentecno.com.ar\/index.php\/wp-json\/wp\/v2\/product\/9085"}],"collection":[{"href":"https:\/\/almacentecno.com.ar\/index.php\/wp-json\/wp\/v2\/product"}],"about":[{"href":"https:\/\/almacentecno.com.ar\/index.php\/wp-json\/wp\/v2\/types\/product"}],"replies":[{"embeddable":true,"href":"https:\/\/almacentecno.com.ar\/index.php\/wp-json\/wp\/v2\/comments?post=9085"}],"version-history":[{"count":1,"href":"https:\/\/almacentecno.com.ar\/index.php\/wp-json\/wp\/v2\/product\/9085\/revisions"}],"predecessor-version":[{"id":9089,"href":"https:\/\/almacentecno.com.ar\/index.php\/wp-json\/wp\/v2\/product\/9085\/revisions\/9089"}],"wp:featuredmedia":[{"embeddable":true,"href":"https:\/\/almacentecno.com.ar\/index.php\/wp-json\/wp\/v2\/media\/9088"}],"wp:attachment":[{"href":"https:\/\/almacentecno.com.ar\/index.php\/wp-json\/wp\/v2\/media?parent=9085"}],"wp:term":[{"taxonomy":"product_cat","embeddable":true,"href":"https:\/\/almacentecno.com.ar\/index.php\/wp-json\/wp\/v2\/product_cat?post=9085"},{"taxonomy":"product_tag","embeddable":true,"href":"https:\/\/almacentecno.com.ar\/index.php\/wp-json\/wp\/v2\/product_tag?post=9085"}],"curies":[{"name":"wp","href":"https:\/\/api.w.org\/{rel}","templated":true}]}}