{"id":9077,"date":"2022-05-24T02:54:16","date_gmt":"2022-05-24T02:54:16","guid":{"rendered":"https:\/\/almacentecno.com.ar\/?post_type=product&#038;p=9077"},"modified":"2026-02-20T21:48:05","modified_gmt":"2026-02-20T21:48:05","slug":"base-cargador-para-joystick-ps4-soporte-noga","status":"publish","type":"product","link":"https:\/\/almacentecno.com.ar\/index.php\/product\/base-cargador-para-joystick-ps4-soporte-noga\/","title":{"rendered":"Base Cargador Para Joystick Ps4 Soporte Noga"},"content":{"rendered":"<p>ESTACION DE CARGAR DE JOYSTICK<\/p>\n<p>Con NG-P42X pod\u00e9s cargar hasta 2 Controles Inal\u00e1mbricos simult\u00e1neamente.<br \/>\nAtencion !! Compatible \u00fanicamente con Gamepads Inal\u00e1mbricos para P4 originales.<\/p>\n<p>&#8211; Marca: noganet<br \/>\n&#8211; Modelo NG-P42X<br \/>\n&#8211; Base de Carga con 2 conectores Micro USB<br \/>\n&#8211; Incluye 1 Cable de Carga<br \/>\n&#8211; Medidas: 63 x 140 x 36 mm.<br \/>\n&#8211; Plug &amp; Play<\/p>\n","protected":false},"excerpt":{"rendered":"<p>ESTACION DE CARGAR DE JOYSTICK Con NG-P42X pod\u00e9s cargar hasta 2 Controles Inal\u00e1mbricos simult\u00e1neamente. Atencion !! Compatible \u00fanicamente con Gamepads<\/p>\n","protected":false},"featured_media":9078,"comment_status":"open","ping_status":"closed","template":"","meta":{"_joinchat":[]},"product_cat":[77,76,28],"product_tag":[],"class_list":{"0":"post-9077","1":"product","2":"type-product","3":"status-publish","4":"has-post-thumbnail","6":"product_cat-accesorios","7":"product_cat-cargadores","8":"product_cat-videojuegos","10":"first","11":"outofstock","12":"shipping-taxable","13":"purchasable","14":"product-type-simple"},"jetpack_sharing_enabled":true,"_links":{"self":[{"href":"https:\/\/almacentecno.com.ar\/index.php\/wp-json\/wp\/v2\/product\/9077"}],"collection":[{"href":"https:\/\/almacentecno.com.ar\/index.php\/wp-json\/wp\/v2\/product"}],"about":[{"href":"https:\/\/almacentecno.com.ar\/index.php\/wp-json\/wp\/v2\/types\/product"}],"replies":[{"embeddable":true,"href":"https:\/\/almacentecno.com.ar\/index.php\/wp-json\/wp\/v2\/comments?post=9077"}],"version-history":[{"count":1,"href":"https:\/\/almacentecno.com.ar\/index.php\/wp-json\/wp\/v2\/product\/9077\/revisions"}],"predecessor-version":[{"id":9080,"href":"https:\/\/almacentecno.com.ar\/index.php\/wp-json\/wp\/v2\/product\/9077\/revisions\/9080"}],"wp:featuredmedia":[{"embeddable":true,"href":"https:\/\/almacentecno.com.ar\/index.php\/wp-json\/wp\/v2\/media\/9078"}],"wp:attachment":[{"href":"https:\/\/almacentecno.com.ar\/index.php\/wp-json\/wp\/v2\/media?parent=9077"}],"wp:term":[{"taxonomy":"product_cat","embeddable":true,"href":"https:\/\/almacentecno.com.ar\/index.php\/wp-json\/wp\/v2\/product_cat?post=9077"},{"taxonomy":"product_tag","embeddable":true,"href":"https:\/\/almacentecno.com.ar\/index.php\/wp-json\/wp\/v2\/product_tag?post=9077"}],"curies":[{"name":"wp","href":"https:\/\/api.w.org\/{rel}","templated":true}]}}