{"id":9056,"date":"2022-05-23T21:25:06","date_gmt":"2022-05-23T21:25:06","guid":{"rendered":"https:\/\/almacentecno.com.ar\/?post_type=product&#038;p=9056"},"modified":"2024-05-16T23:44:09","modified_gmt":"2024-05-16T23:44:09","slug":"auricular-dinax-i3-pro","status":"publish","type":"product","link":"https:\/\/almacentecno.com.ar\/index.php\/product\/auricular-dinax-i3-pro\/","title":{"rendered":"Auricular Dinax i3 Pro"},"content":{"rendered":"<p>Auriculares In Ear Bluetooth I3 Pro<br \/>\nCompatibilidad con cualquier dispositivo Bluetooth<br \/>\nTecnolog\u00eda t\u00e1ctil de encendido<br \/>\nEstuche recargable<br \/>\nErgon\u00f3micos se adaptan perfectamente a tu oreja<br \/>\nMicr\u00f3fono incorporado, escucha audios de whatsapp y llamdas<br \/>\nContenido de la caja: dos auriculares (izquierdo y derecho) estuche recargable y cable usb.<br \/>\nColores disponibles rosa pastel o amarillo pastel<\/p>\n","protected":false},"excerpt":{"rendered":"<p>Auriculares In Ear Bluetooth I3 Pro Compatibilidad con cualquier dispositivo Bluetooth Tecnolog\u00eda t\u00e1ctil de encendido Estuche recargable Ergon\u00f3micos se adaptan<\/p>\n","protected":false},"featured_media":9057,"comment_status":"open","ping_status":"closed","template":"","meta":{"_joinchat":[]},"product_cat":[20],"product_tag":[],"class_list":{"0":"post-9056","1":"product","2":"type-product","3":"status-publish","4":"has-post-thumbnail","6":"product_cat-auriculares","8":"first","9":"outofstock","10":"shipping-taxable","11":"purchasable","12":"product-type-simple"},"jetpack_sharing_enabled":true,"_links":{"self":[{"href":"https:\/\/almacentecno.com.ar\/index.php\/wp-json\/wp\/v2\/product\/9056"}],"collection":[{"href":"https:\/\/almacentecno.com.ar\/index.php\/wp-json\/wp\/v2\/product"}],"about":[{"href":"https:\/\/almacentecno.com.ar\/index.php\/wp-json\/wp\/v2\/types\/product"}],"replies":[{"embeddable":true,"href":"https:\/\/almacentecno.com.ar\/index.php\/wp-json\/wp\/v2\/comments?post=9056"}],"version-history":[{"count":1,"href":"https:\/\/almacentecno.com.ar\/index.php\/wp-json\/wp\/v2\/product\/9056\/revisions"}],"predecessor-version":[{"id":9059,"href":"https:\/\/almacentecno.com.ar\/index.php\/wp-json\/wp\/v2\/product\/9056\/revisions\/9059"}],"wp:featuredmedia":[{"embeddable":true,"href":"https:\/\/almacentecno.com.ar\/index.php\/wp-json\/wp\/v2\/media\/9057"}],"wp:attachment":[{"href":"https:\/\/almacentecno.com.ar\/index.php\/wp-json\/wp\/v2\/media?parent=9056"}],"wp:term":[{"taxonomy":"product_cat","embeddable":true,"href":"https:\/\/almacentecno.com.ar\/index.php\/wp-json\/wp\/v2\/product_cat?post=9056"},{"taxonomy":"product_tag","embeddable":true,"href":"https:\/\/almacentecno.com.ar\/index.php\/wp-json\/wp\/v2\/product_tag?post=9056"}],"curies":[{"name":"wp","href":"https:\/\/api.w.org\/{rel}","templated":true}]}}