{"id":9038,"date":"2022-05-23T18:38:47","date_gmt":"2022-05-23T18:38:47","guid":{"rendered":"https:\/\/almacentecno.com.ar\/?post_type=product&#038;p=9038"},"modified":"2025-05-26T21:15:31","modified_gmt":"2025-05-26T21:15:31","slug":"consola-sup-con-joystick-clasicos-family","status":"publish","type":"product","link":"https:\/\/almacentecno.com.ar\/index.php\/product\/consola-sup-con-joystick-clasicos-family\/","title":{"rendered":"Consola Con Joystick Clasicos Family 400 en 1"},"content":{"rendered":"<p>Consola Port\u00e1til de Videojuegos SUP, Contiene M\u00e1s De 400 Juegos Sin Repetir<\/p>\n<p>Entre Ellos Super Mario Bros, Contra, Galaga, Arkanoids y Muchos M\u00e1s!<\/p>\n<p>Incluye:<\/p>\n<p>Bater\u00eda Recargable<\/p>\n<p>Un Control Para 2 Jugadores<\/p>\n<p>Cable de Audio y Video Para conectar a la tv<\/p>\n<p>Cable Para Cargar La Bater\u00eda<\/p>\n<p>\u00danicamente Est\u00e1 Disponible En Idioma Chino e Ingl\u00e9s.<\/p>\n","protected":false},"excerpt":{"rendered":"<p>Consola Port\u00e1til de Videojuegos SUP, Contiene M\u00e1s De 400 Juegos Sin Repetir Entre Ellos Super Mario Bros, Contra, Galaga, Arkanoids<\/p>\n","protected":false},"featured_media":9039,"comment_status":"open","ping_status":"closed","template":"","meta":{"_joinchat":[]},"product_cat":[28],"product_tag":[],"class_list":{"0":"post-9038","1":"product","2":"type-product","3":"status-publish","4":"has-post-thumbnail","6":"product_cat-videojuegos","8":"first","9":"instock","10":"shipping-taxable","11":"purchasable","12":"product-type-simple"},"jetpack_sharing_enabled":true,"_links":{"self":[{"href":"https:\/\/almacentecno.com.ar\/index.php\/wp-json\/wp\/v2\/product\/9038"}],"collection":[{"href":"https:\/\/almacentecno.com.ar\/index.php\/wp-json\/wp\/v2\/product"}],"about":[{"href":"https:\/\/almacentecno.com.ar\/index.php\/wp-json\/wp\/v2\/types\/product"}],"replies":[{"embeddable":true,"href":"https:\/\/almacentecno.com.ar\/index.php\/wp-json\/wp\/v2\/comments?post=9038"}],"version-history":[{"count":3,"href":"https:\/\/almacentecno.com.ar\/index.php\/wp-json\/wp\/v2\/product\/9038\/revisions"}],"predecessor-version":[{"id":10274,"href":"https:\/\/almacentecno.com.ar\/index.php\/wp-json\/wp\/v2\/product\/9038\/revisions\/10274"}],"wp:featuredmedia":[{"embeddable":true,"href":"https:\/\/almacentecno.com.ar\/index.php\/wp-json\/wp\/v2\/media\/9039"}],"wp:attachment":[{"href":"https:\/\/almacentecno.com.ar\/index.php\/wp-json\/wp\/v2\/media?parent=9038"}],"wp:term":[{"taxonomy":"product_cat","embeddable":true,"href":"https:\/\/almacentecno.com.ar\/index.php\/wp-json\/wp\/v2\/product_cat?post=9038"},{"taxonomy":"product_tag","embeddable":true,"href":"https:\/\/almacentecno.com.ar\/index.php\/wp-json\/wp\/v2\/product_tag?post=9038"}],"curies":[{"name":"wp","href":"https:\/\/api.w.org\/{rel}","templated":true}]}}